{"id":1156,"date":"2024-03-30T19:49:50","date_gmt":"2024-03-30T16:49:50","guid":{"rendered":"https:\/\/tapistr.com\/?page_id=1156"},"modified":"2024-04-02T11:52:10","modified_gmt":"2024-04-02T08:52:10","slug":"hukum-ve-kosullar","status":"publish","type":"page","link":"https:\/\/tapistr.com\/en\/hukum-ve-kosullar\/","title":{"rendered":"TERMS AND CONDITIONS"},"content":{"rendered":"<div data-elementor-type=\"wp-page\" data-elementor-id=\"1156\" class=\"elementor elementor-1156\" data-elementor-post-type=\"page\">\n\t\t\t\t<div class=\"elementor-element elementor-element-992efcf e-con-full e-flex e-con e-parent\" data-id=\"992efcf\" data-element_type=\"container\" data-e-type=\"container\">\n\t\t<div class=\"elementor-element elementor-element-04e4f36 e-con-full e-flex e-con e-child\" data-id=\"04e4f36\" data-element_type=\"container\" data-e-type=\"container\">\n\t\t\t\t<div class=\"elementor-element elementor-element-b225c98 elementor-widget elementor-widget-text-editor\" data-id=\"b225c98\" data-element_type=\"widget\" data-e-type=\"widget\" data-widget_type=\"text-editor.default\">\n\t\t\t\t<div class=\"elementor-widget-container\">\n\t\t\t\t\t\t\t\t\t<div class=\"elementor-element elementor-element-fcef3bf elementor-widget elementor-widget-heading\" data-id=\"fcef3bf\" data-element_type=\"widget\" data-widget_type=\"heading.default\"><div class=\"elementor-widget-container\"><div class=\"elementor-element elementor-element-a154520 elementor-widget elementor-widget-heading\" data-id=\"a154520\" data-element_type=\"widget\" data-widget_type=\"heading.default\"><div class=\"elementor-widget-container\"><h1>TERMS AND CONDITIONS<\/h1><p>\u00a0<\/p><h2 class=\"elementor-heading-title elementor-size-default\">I. terms of use<\/h2><\/div><\/div><div class=\"elementor-element elementor-element-f849efc elementor-widget elementor-widget-text-editor\" data-id=\"f849efc\" data-element_type=\"widget\" data-widget_type=\"text-editor.default\"><div class=\"elementor-widget-container\"><p>Terms and conditions<br \/>The seller TAPIS clothing, textiles, marketing and Trading Ltd \u2013 TAPIS and \u201cwww.tapistr.com named\u201d the internet site<br \/>SITE, \u201d www.tapistr.com named \u201d the web site<br \/>MEMBER-a member of the site and\/or purchase the products that are offered by the vendor &#034; means any person who,<br \/>Product\/Products refers to products that will be sold by a vendor on the site.<\/p><p>Member, visiting the site and\/or using and\/or by becoming a member, the conditions for the use of the site read, understood and common decency and manners both of these conditions, and both were bound by these terms, and all applicable regulations, communications, and accepts that he will act in accordance with internet safety.<\/p><p>To enter into force as soon as the seller has been announced on the site, reserves the right to modify these terms at any time. Members continued as a member of the site to the seller after you make changes to these conditions these conditions of use will mean you accept the changes.<\/p><p>MEMBER, and the member that was provided to e-mail and phone (GSM) agrees and represents that the information belongs to them, the law on the regulation of electronic commerce and in accordance with the relevant legislation by the seller in sales, marketing, advertising, information, discounts, promotional, etc. content SMS\/text message, sending an e-mail and other commercial electronic messages and other electronic communication tools with this information, and engaged in the delivery of messages to be sent 3. be shared with vendor partners and with people and you expressly consent to receiving commercial electronic messages from and if you decide to give approval in the future, he shall notify the seller this situation.<\/p><p>MEMBER of the seller under the relevant legislation on protection of personal data law and in the eyes of any personal data and shopping information, sales, marketing, advertising, discounts, promotional, informational, communication, and be saved indefinitely for other commercial purposes, storage, use, processing, transfer and expressly consent and shall give approval to be shared with the vendor&#039;s business partners.<\/p><p>MEMBERS if their personal information has been processed, the processing purposes, if you have committed in relation to their purpose and are used according to the information, whether domestically or abroad, where the data is transmitted by third parties are to be notified is incomplete or incorrect data to be corrected, in the context of the conditions prescribed in the relevant legislation or the deletion of personal data destruction, modification\/deletion\/destruction request to be notified of the process where the data is transmitted to third parties, by analyzing the processed data exclusively through automated systems against damage due to unlawful processing of data and the result object has the right to demand the elimination of damages in case of. MEMBER, located on site, the address and phone information of the vendor and\/or by using their contact form all the time on these matters can contact with the seller.<\/p><p>MEMBER, the password that was set by himself declares that is she won&#039;t share with others in any way. The member&#039;s password security, storage, be kept away from the knowledge of third parties, such as the use matters and imperfections due to neglect all the member&#039;s and\/or losses that may be suffered or incurred by third parties, therefore, the seller, directly or indirectly, any obligations.<\/p><p>The application for membership is made when the determination of the completeness and correctness of the information provided by the member is not under the responsibility of the vendor. Membership information for damages arising due to wrong has no legal obligation to be given to the seller.<\/p><p>With its obligations as a member violates these terms of use acceptance and commitment when the membership is cancelled by the vendor and can be terminated your use of the site, can be prevented in the future to use the site, and\/or you could go to the following path or a legal case against accepts that. In this case, the member shall be deemed revoked all the rights that you have obtained through the site. In this manner, the member is not entitled to any compensation or reimbursement from the seller canceled the rights that is accepted.<\/p><p>Membership website performance obligation for the seller or their member identity and some statistical evaluations during may use any format for personal information, and may share with its business partners. The use of this information by the seller to the Member for the aforementioned purposes, and is set forth to be shared with business partners. The seller may be stored on a database and classified them indefinitely.<\/p><p>MEMBER, this is only for personal use, of the site visit, view and to copy the pages of this site, you agree that you have the authority and the right for personal use only.<\/p><p>MEMBER, vendor, and that unless authorized in writing, use the information and content on this site and will not handle any other personal information for any purpose except for the purpose of install will copy it will not will not will not change or in any other way, you agree that you will stay.<\/p><p>MEMBER, vendor, and that unless authorized in writing, to the site disclaims going to be deep. The content on this site is copyright protected and owned by the software vendor. Site legal notice and various credits on pages of the bowl. Text this warning and deletion or removal is strictly prohibited. MEMBER this warning, or delete posts or additional information supplied with this introduction makes no guarantee of a specific result.<\/p><p>\u00dcYE, S\u0130TE\u2019yi veya i\u00e7indekileri izlemek veya kopyalamak amac\u0131yla ya da izin ve yetki verilmeyen ba\u015fka ama\u00e7larla ve \u00f6nceden SATICI\u2019n\u0131n a\u00e7\u0131k ve yaz\u0131l\u0131 iznini almadan herhangi bir robot, \u00f6r\u00fcmcek veya ba\u015fka otomatik aletler ya da manuel prosesler kullanmayaca\u011f\u0131n\u0131 kabul ve taahh\u00fct eder. \u00dcYE, S\u0130TE\u2019nin \u00e7al\u0131\u015fmas\u0131na m\u00fcdahale etmek veya m\u00fcdahaleye te\u015febb\u00fcs etmek amac\u0131yla herhangi bir alet, yaz\u0131l\u0131m veya yordam kullanmayaca\u011f\u0131n\u0131 da kabul ve taahh\u00fct eder. \u00dcYE, SATICI\u2019n\u0131n altyap\u0131s\u0131 \u00fczerine makul olmayan veya orant\u0131s\u0131z b\u00fcy\u00fckl\u00fckte y\u00fck getiren herhangi bir i\u015flem yapmayaca\u011f\u0131n\u0131 da kabul ve taahh\u00fct etmektedir.<\/p><p>\u00dcYE\u2019nin, S\u0130TE\u2019yi ba\u015fka bir S\u0130TE\u2019ye ba\u011flanmak amac\u0131yla ya da S\u0130TE\u2019ye i\u00e7erik veya ba\u015fka bilgiler y\u00fcklemek amac\u0131yla kullanmas\u0131 da dahil, S\u0130TE\u2019yi kullanmas\u0131ndan dolay\u0131 \u00fc\u00e7\u00fcnc\u00fc \u015fah\u0131slar\u0131n maruz kalabilece\u011fi zarar ve ziyanlar\u0131, ileri s\u00fcrebilece\u011fi talepleri, \u00fc\u00e7\u00fcnc\u00fc \u015fah\u0131slara, ba\u011fl\u0131 \u015firketlerine, memur ve temsilcilerine, di\u011fer ortaklar\u0131na ve \u00e7al\u0131\u015fanlar\u0131na bu zararlar\u0131 tazmin edece\u011fini ve onlar\u0131n bu zararlar\u0131n\u0131 giderece\u011fini \u00dcYE kabul ve taahh\u00fct etmektedir.<\/p><p>SATICI, S\u0130TE\u2019nin kesintisiz veya hatas\u0131z olaca\u011f\u0131n\u0131 ya da S\u0130TE\u2019nin veya i\u00e7eri\u011finin kullan\u0131lmas\u0131yla ya da S\u0130TE\u2019ye ba\u011flant\u0131 yap\u0131lmas\u0131yla belirli sonu\u00e7lar\u0131n elde edilece\u011fini garanti etmez. S\u0130TE ve i\u00e7eri\u011fi \u2018oldu\u011fu gibi\u2019 ve \u2018mevcut haliyle\u2019 esas\u0131nda sunulmaktad\u0131r. SATICI, \u00dcYE\u2019nin S\u0130TE\u2019den y\u00fckledi\u011fi dosyalarda vir\u00fcs ya da kirletici veya bozucu \u00f6zellikler bulunmad\u0131\u011f\u0131n\u0131 da garanti edemez. SATICI, S\u0130TE\u2019nin belirli bir amaca uygunlu\u011fu ve ticari de\u011ferine ili\u015fkin garantiler de dahil her t\u00fcrl\u00fc ba\u015fka aleni veya z\u0131mni garantiyi reddeder. SATICI, bunlarla s\u0131n\u0131rl\u0131 kalmaks\u0131z\u0131n ve fakat, do\u011frudan, dolayl\u0131 veya ar\u0131zi zararlar, netice kabilinden do\u011fan zararlar ve ceza-i tazminatlar da dahil olmak \u00fczere, bu S\u0130TE\u2019nin kullan\u0131lmas\u0131ndan kaynaklanabilecek zararlar i\u00e7in sorumlu tutulamaz. SATICI, S\u0130TE\u2019nin kullan\u0131lmas\u0131ndan beklenebilecek sonu\u00e7lar konusunda hi\u00e7bir garanti vermez.<\/p><p>Bu sorumluluk s\u0131n\u0131rlamalar\u0131na izin verilmeyen \u00fclkeler hari\u00e7, SATICI, bu tip zararlar\u0131n olabilece\u011fi kendisine \u00f6nceden bildirilmi\u015f olsa bile, k\u00e2r kayb\u0131 da dahil dolayl\u0131, ar\u0131zi ve \u00f6zel zararlar veya netice kabilinden do\u011fan zararlar veya cezai tazminatlar i\u00e7in \u00dcYE\u2019ye kar\u015f\u0131 hi\u00e7bir durumda sorumlu tutulamaz. \u0130\u015f bu ko\u015fullar\u0131n SATICI\u2019n\u0131n sorumlulu\u011funu s\u0131n\u0131rlayan h\u00fck\u00fcmlerinden birinin ilgili mahkeme taraf\u0131ndan ilgili mevzuata ayk\u0131r\u0131 bulunmas\u0131 halinde s\u00f6z konusu h\u00fck\u00fcm mevzuata uygun olan ve sorumlulu\u011fu en fazla s\u0131n\u0131rlayan hali ile ge\u00e7erli say\u0131lacak ve SATICI\u2019n\u0131n sorumlulu\u011fu buna g\u00f6re belirlenecektir.<\/p><p>S\u0130TE\u2019ye ait her t\u00fcrl\u00fc fikri m\u00fclkiyet hakk\u0131 (sitede bulunan bilgiler, yaz\u0131lar, resimler, markalar, slogan ve di\u011fer i\u015faretler, sayfa d\u00fczeni vb) m\u00fcnhas\u0131ran SATICI\u2019n\u0131n m\u00fclkiyetindedir. Sitede sunulan fikri m\u00fclkiyetin k\u0131smen ya da tamamen kopyalanmas\u0131, de\u011fi\u015ftirilmesi, yay\u0131nlanmas\u0131, online ya da di\u011fer bir medya kullan\u0131lmak suretiyle g\u00f6nderimi, da\u011f\u0131t\u0131m\u0131, sat\u0131lmas\u0131 a\u00e7\u0131k ve kesin bir bi\u00e7imde 5846 Say\u0131l\u0131 Fikir ve Sanat Eserleri Kanunu\u2019na ayk\u0131r\u0131 olacak ve hukuki ve cezai yapt\u0131r\u0131ma maruz kalacakt\u0131r.<\/p><p>The seller, at any time without notice, may terminate this agreement, in whole or in part may assign. The transfer of the member&#039;s contract is null and void .<br \/>With all the appreciation and evaluation force majeure or the seller, depending on your own Site to publish reserves the right to change the contents.<\/p><p>\u00dcYE S\u0130TE\u2019yi kullanmakla, S\u0130TE hakk\u0131nda veya S\u0130TE ile ilgili bir ihtil\u00e2f\u0131n \u00e7\u0131kmas\u0131 halinde, bu ihtil\u00e2f\u0131n kanunlar ihtil\u00e2f\u0131 kurallar\u0131na bak\u0131lmaks\u0131z\u0131n T\u00fcrkiye Cumhuriyeti kanunlar\u0131na t\u00e2bi olaca\u011f\u0131n\u0131 ve bu kanunlara g\u00f6re \u00e7\u00f6z\u00fcmlenece\u011fini ve \u0130stanbul Merkez mahkemelerinin g\u00f6rev ve yer olarak yetkili olaca\u011f\u0131n\u0131 kabul etmektedir.<\/p><p>MEMBERS on their own behalf through the site may terminate membership that creates. While being a member of the member&#039;s termination of membership on that site its own identity, e-mail and phone (GSM), with information passed without shopping, date of Visit, time of Visit information will be deleted. Member, information about the previously created order forms and shopping information shipping tracking termination of membership does not mean destruction of resolution of disputes that may occur between the parties and\/or knows how to be presented upon request to governmental authorities are stored accepts.<\/p><\/div><\/div><div class=\"elementor-element elementor-element-3f58a2c elementor-widget elementor-widget-heading\" data-id=\"3f58a2c\" data-element_type=\"widget\" data-widget_type=\"heading.default\"><div class=\"elementor-widget-container\"><h2 class=\"elementor-heading-title elementor-size-default\">II. CONDITIONS OF SALE<\/h2><\/div><\/div><div class=\"elementor-element elementor-element-118d15a elementor-widget elementor-widget-text-editor\" data-id=\"118d15a\" data-element_type=\"widget\" data-widget_type=\"text-editor.default\"><div class=\"elementor-widget-container\"><p>The seller of the products offered on the site by the member fee after the payment, the seller of the stock status if appropriate, the shipping company committed to in time delivery, courier companies will carry out the delivery to the member and without defect as through undamaged.<\/p><p>SATICI\u2019n\u0131n S\u0130TE\u2019de sat\u0131\u015fa sundu\u011fu \u00fcr\u00fcnleri sat\u0131n almak i\u00e7in S\u0130TE\u2019ye \u00fcye olmak gerekmektedir. \u00dcYE\u2019nin \u00f6dedi\u011fi bedele ili\u015fkin fatura veya fi\u015f, \u00fcr\u00fcn ile birlikte \u00dcYE\u2019ye kargo yoluyla g\u00f6nderilerek tebli\u011f edilecektir. SATICI, ba\u015fta 6502 say\u0131l\u0131 T\u00fcketicinin Korunmas\u0131 Hakk\u0131nda Kanun ve bu Kanun kapsam\u0131ndaki ilgili mevzuat ve Mesafeli S\u00f6zle\u015fmeler Y\u00f6netmeli\u011fi h\u00fck\u00fcmleri de dahil olmak \u00fczere, bu kanunlar uyar\u0131nca \u00e7\u0131kar\u0131lm\u0131\u015f t\u00fcm Y\u00f6netmeliklere, Tebli\u011flere ve sair ilgili mevzuata uymakla y\u00fck\u00fcml\u00fc oldu\u011funu, bu mevzuat\u0131n sat\u0131c\u0131ya veya sa\u011flay\u0131c\u0131ya y\u00fckledi\u011fi her t\u00fcrl\u00fc borcun ifas\u0131 ve her t\u00fcrl\u00fc \u00dcYE talebinden dolay\u0131 tek sorumlu oldu\u011funu beyan eder.<\/p><\/div><\/div><\/div><\/div>\t\t\t\t\t\t\t\t<\/div>\n\t\t\t\t<\/div>\n\t\t\t\t<\/div>\n\t\t\t\t<\/div>\n\t\t\t\t<\/div>","protected":false},"excerpt":{"rendered":"<p>H\u00dcK\u00dcM VE KO\u015eULLAR \u00a0 I. KULLANIM KO\u015eULLARI \u0130\u015f bu kullan\u0131m ve sat\u0131\u015f ko\u015fullar\u0131nda yer alan,SATICI, TAPIS G\u0130Y\u0130M TEKST\u0130L PAZARLAMA VE T\u0130CARET LTD \u015eT\u0130 \u2013 TAPIS ve \u201cwww.tapistr.com\u201d adl\u0131 internet sitesini,S\u0130TE, \u201d www.tapistr.com \u201d adl\u0131 alan ad\u0131nda bulunan web sitesini,\u00dcYE, S\u0130TE\u2019ye \u00fcye olan ve\/veya SATICI taraf\u0131ndan sunulan \u00fcr\u00fcnleri sat\u0131n alan ger\u00e7ek ki\u015fiyi,\u00dcR\u00dcN\/\u00dcR\u00dcNLER, S\u0130TE\u2019de SATICI taraf\u0131ndan sat\u0131\u015fa [&hellip;]<\/p>\n","protected":false},"author":1,"featured_media":0,"parent":0,"menu_order":0,"comment_status":"closed","ping_status":"closed","template":"template-canvas.php","meta":{"footnotes":""},"class_list":["post-1156","page","type-page","status-publish","hentry"],"_links":{"self":[{"href":"https:\/\/tapistr.com\/en\/wp-json\/wp\/v2\/pages\/1156","targetHints":{"allow":["GET"]}}],"collection":[{"href":"https:\/\/tapistr.com\/en\/wp-json\/wp\/v2\/pages"}],"about":[{"href":"https:\/\/tapistr.com\/en\/wp-json\/wp\/v2\/types\/page"}],"author":[{"embeddable":true,"href":"https:\/\/tapistr.com\/en\/wp-json\/wp\/v2\/users\/1"}],"replies":[{"embeddable":true,"href":"https:\/\/tapistr.com\/en\/wp-json\/wp\/v2\/comments?post=1156"}],"version-history":[{"count":25,"href":"https:\/\/tapistr.com\/en\/wp-json\/wp\/v2\/pages\/1156\/revisions"}],"predecessor-version":[{"id":10734,"href":"https:\/\/tapistr.com\/en\/wp-json\/wp\/v2\/pages\/1156\/revisions\/10734"}],"wp:attachment":[{"href":"https:\/\/tapistr.com\/en\/wp-json\/wp\/v2\/media?parent=1156"}],"curies":[{"name":"wp","href":"https:\/\/api.w.org\/{rel}","templated":true}]}}