{"id":1154,"date":"2024-03-30T19:46:41","date_gmt":"2024-03-30T16:46:41","guid":{"rendered":"https:\/\/tapistr.com\/?page_id=1154"},"modified":"2025-07-22T14:07:03","modified_gmt":"2025-07-22T11:07:03","slug":"beden-kilavuzu","status":"publish","type":"page","link":"https:\/\/tapistr.com\/en\/beden-kilavuzu\/","title":{"rendered":"SIZE CHART"},"content":{"rendered":"<div data-elementor-type=\"wp-page\" data-elementor-id=\"1154\" class=\"elementor elementor-1154\" data-elementor-post-type=\"page\">\n\t\t\t\t<div class=\"elementor-element elementor-element-21af329 e-con-full e-flex e-con e-parent\" data-id=\"21af329\" data-element_type=\"container\" data-e-type=\"container\" data-settings=\"{&quot;background_background&quot;:&quot;classic&quot;}\">\n\t\t\t\t<div class=\"elementor-element elementor-element-229a589 elementor-widget elementor-widget-heading\" data-id=\"229a589\" data-element_type=\"widget\" data-e-type=\"widget\" data-widget_type=\"heading.default\">\n\t\t\t\t<div class=\"elementor-widget-container\">\n\t\t\t\t\t<h2 class=\"elementor-heading-title elementor-size-default\">SIZE CHART<\/h2>\t\t\t\t<\/div>\n\t\t\t\t<\/div>\n\t\t\t\t<\/div>\n\t\t<div class=\"elementor-element elementor-element-6dd74db e-con-full e-flex e-con e-parent\" data-id=\"6dd74db\" data-element_type=\"container\" data-e-type=\"container\">\n\t\t<div class=\"elementor-element elementor-element-a110099 e-con-full e-flex e-con e-child\" data-id=\"a110099\" data-element_type=\"container\" data-e-type=\"container\" data-settings=\"{&quot;background_background&quot;:&quot;classic&quot;}\">\n\t\t\t\t<div class=\"elementor-element elementor-element-d9afe92 elementor-widget elementor-widget-heading\" data-id=\"d9afe92\" data-element_type=\"widget\" data-e-type=\"widget\" data-widget_type=\"heading.default\">\n\t\t\t\t<div class=\"elementor-widget-container\">\n\t\t\t\t\t<h2 class=\"elementor-heading-title elementor-size-default\">CUSTOMER SERVICE<\/h2>\t\t\t\t<\/div>\n\t\t\t\t<\/div>\n\t\t\t\t<div class=\"elementor-element elementor-element-2848b9d elementor-widget-mobile__width-inherit elementor-widget elementor-widget-image\" data-id=\"2848b9d\" data-element_type=\"widget\" data-e-type=\"widget\" data-widget_type=\"image.default\">\n\t\t\t\t<div class=\"elementor-widget-container\">\n\t\t\t\t\t\t\t\t\t\t\t\t\t\t\t<img fetchpriority=\"high\" decoding=\"async\" width=\"1170\" height=\"2709\" src=\"https:\/\/tapistr.com\/wp-content\/uploads\/2025\/07\/Size-Chart-tr-4423x10240.jpg\" class=\"attachment-large size-large wp-image-12804\" alt=\"\" srcset=\"https:\/\/tapistr.com\/wp-content\/uploads\/2025\/07\/Size-Chart-tr-4423x10240.jpg 4423w, https:\/\/tapistr.com\/wp-content\/uploads\/2025\/07\/Size-Chart-tr-scaled-150x347.jpg 150w, https:\/\/tapistr.com\/wp-content\/uploads\/2025\/07\/Size-Chart-tr-1296x3000.jpg 1296w, https:\/\/tapistr.com\/wp-content\/uploads\/2025\/07\/Size-Chart-tr-768x1778.jpg 768w, https:\/\/tapistr.com\/wp-content\/uploads\/2025\/07\/Size-Chart-tr-663x1536.jpg 663w, https:\/\/tapistr.com\/wp-content\/uploads\/2025\/07\/Size-Chart-tr-885x2048.jpg 885w, https:\/\/tapistr.com\/wp-content\/uploads\/2025\/07\/Size-Chart-tr-5x12.jpg 5w, https:\/\/tapistr.com\/wp-content\/uploads\/2025\/07\/Size-Chart-tr-990x2292.jpg 990w, https:\/\/tapistr.com\/wp-content\/uploads\/2025\/07\/Size-Chart-tr-441x1021.jpg 441w, https:\/\/tapistr.com\/wp-content\/uploads\/2025\/07\/Size-Chart-tr-scaled.jpg 1106w\" sizes=\"(max-width: 1170px) 100vw, 1170px\" \/>\t\t\t\t\t\t\t\t\t\t\t\t\t\t\t<\/div>\n\t\t\t\t<\/div>\n\t\t\t\t<div class=\"elementor-element elementor-element-c1c57b7 elementor-widget elementor-widget-text-editor\" data-id=\"c1c57b7\" data-element_type=\"widget\" data-e-type=\"widget\" data-widget_type=\"text-editor.default\">\n\t\t\t\t<div class=\"elementor-widget-container\">\n\t\t\t\t\t\t\t\t\t<p><span style=\"color: #525252;\"><a style=\"color: #525252;\" href=\"\/en\/iletisim\/\" target=\"_self\">CONTACT<\/a><\/span><\/p><p><span style=\"color: #525252;\"><a style=\"color: #525252;\" href=\"\/en\/sikca-sorulan-sorular\/\" target=\"_self\">FAQs<\/a><\/span><\/p><p><span style=\"color: #525252;\"><a style=\"color: #525252;\" href=\"\/en\/beden-kilavuzu\/\" target=\"_self\">SIZE CHART<\/a><\/span><\/p><p><span style=\"color: #525252;\"><a style=\"color: #525252;\" href=\"\/en\/iade-politikasi\/\" target=\"_self\">SHIPPING &amp; RETURNS<\/a><\/span><\/p>\t\t\t\t\t\t\t\t<\/div>\n\t\t\t\t<\/div>\n\t\t\t\t<div class=\"elementor-element elementor-element-cac5c1a elementor-widget elementor-widget-heading\" data-id=\"cac5c1a\" data-element_type=\"widget\" data-e-type=\"widget\" data-widget_type=\"heading.default\">\n\t\t\t\t<div class=\"elementor-widget-container\">\n\t\t\t\t\t<h2 class=\"elementor-heading-title elementor-size-default\">TERMS AND POLICIES<\/h2>\t\t\t\t<\/div>\n\t\t\t\t<\/div>\n\t\t\t\t<div class=\"elementor-element elementor-element-25afe65 elementor-widget elementor-widget-text-editor\" data-id=\"25afe65\" data-element_type=\"widget\" data-e-type=\"widget\" data-widget_type=\"text-editor.default\">\n\t\t\t\t<div class=\"elementor-widget-container\">\n\t\t\t\t\t\t\t\t\t<p><span style=\"color: #4a4a4a;\"><a style=\"color: #4a4a4a;\" href=\"\/en\/hukum-ve-kosullar\/\" target=\"_self\">TERMS AND CONDITIONS<\/a><\/span><\/p><p><span style=\"color: #4a4a4a;\"><a style=\"color: #4a4a4a;\" href=\"\/en\/cerez-ve-gizlilik\/\" target=\"_self\">PRIVACY POLICY<\/a><\/span><\/p><p><span style=\"color: #525252;\"><span style=\"color: #4a4a4a;\"><a style=\"color: #4a4a4a;\" href=\"\/en\/kvkk\/\" target=\"_self\">COOK\u0130E POL\u0130CY<\/a><\/span><\/span><\/p>\t\t\t\t\t\t\t\t<\/div>\n\t\t\t\t<\/div>\n\t\t\t\t<\/div>\n\t\t\t\t<\/div>\n\t\t\t\t<\/div>","protected":false},"excerpt":{"rendered":"<p>BEDEN KILAVUZU M\u00dc\u015eTER\u0130 H\u0130ZMETLER\u0130 \u0130LET\u0130\u015e\u0130M SIK\u00c7A SORULAN SORULAR BEDEN KILAVUZU KARGO VE TESL\u0130MAT \u015eARTLAR VE POL\u0130T\u0130KALAR H\u00dcK\u00dcM VE KO\u015eULLAR \u00c7EREZ VE G\u0130ZL\u0130L\u0130K KVKK<\/p>","protected":false},"author":1,"featured_media":0,"parent":0,"menu_order":0,"comment_status":"closed","ping_status":"closed","template":"template-canvas.php","meta":{"footnotes":""},"class_list":["post-1154","page","type-page","status-publish","hentry"],"_links":{"self":[{"href":"https:\/\/tapistr.com\/en\/wp-json\/wp\/v2\/pages\/1154","targetHints":{"allow":["GET"]}}],"collection":[{"href":"https:\/\/tapistr.com\/en\/wp-json\/wp\/v2\/pages"}],"about":[{"href":"https:\/\/tapistr.com\/en\/wp-json\/wp\/v2\/types\/page"}],"author":[{"embeddable":true,"href":"https:\/\/tapistr.com\/en\/wp-json\/wp\/v2\/users\/1"}],"replies":[{"embeddable":true,"href":"https:\/\/tapistr.com\/en\/wp-json\/wp\/v2\/comments?post=1154"}],"version-history":[{"count":22,"href":"https:\/\/tapistr.com\/en\/wp-json\/wp\/v2\/pages\/1154\/revisions"}],"predecessor-version":[{"id":12819,"href":"https:\/\/tapistr.com\/en\/wp-json\/wp\/v2\/pages\/1154\/revisions\/12819"}],"wp:attachment":[{"href":"https:\/\/tapistr.com\/en\/wp-json\/wp\/v2\/media?parent=1154"}],"curies":[{"name":"wp","href":"https:\/\/api.w.org\/{rel}","templated":true}]}}