{"id":1144,"date":"2024-03-30T19:28:14","date_gmt":"2024-03-30T16:28:14","guid":{"rendered":"https:\/\/tapistr.com\/?page_id=1144"},"modified":"2024-03-31T12:20:41","modified_gmt":"2024-03-31T09:20:41","slug":"our-values","status":"publish","type":"page","link":"https:\/\/tapistr.com\/en\/our-values\/","title":{"rendered":"OUR VALUES"},"content":{"rendered":"<div data-elementor-type=\"wp-page\" data-elementor-id=\"1144\" class=\"elementor elementor-1144\" data-elementor-post-type=\"page\">\n\t\t\t\t<div class=\"elementor-element elementor-element-41bd0d0 e-con-full e-flex e-con e-parent\" data-id=\"41bd0d0\" data-element_type=\"container\" data-e-type=\"container\" data-settings=\"{&quot;background_background&quot;:&quot;classic&quot;}\">\n\t\t\t\t<div class=\"elementor-element elementor-element-28e47c0 elementor-widget elementor-widget-heading\" data-id=\"28e47c0\" data-element_type=\"widget\" data-e-type=\"widget\" data-widget_type=\"heading.default\">\n\t\t\t\t<div class=\"elementor-widget-container\">\n\t\t\t\t\t<h2 class=\"elementor-heading-title elementor-size-default\">DE\u011eERLER\u0130M\u0130Z<\/h2>\t\t\t\t<\/div>\n\t\t\t\t<\/div>\n\t\t\t\t<\/div>\n\t\t<div class=\"elementor-element elementor-element-fc32524 e-flex e-con-boxed e-con e-parent\" data-id=\"fc32524\" data-element_type=\"container\" data-e-type=\"container\">\n\t\t\t\t\t<div class=\"e-con-inner\">\n\t\t\t\t<div class=\"elementor-element elementor-element-4b83da8 elementor-widget elementor-widget-spacer\" data-id=\"4b83da8\" data-element_type=\"widget\" data-e-type=\"widget\" data-widget_type=\"spacer.default\">\n\t\t\t\t<div class=\"elementor-widget-container\">\n\t\t\t\t\t\t\t<div class=\"elementor-spacer\">\n\t\t\t<div class=\"elementor-spacer-inner\"><\/div>\n\t\t<\/div>\n\t\t\t\t\t\t<\/div>\n\t\t\t\t<\/div>\n\t\t\t\t\t<\/div>\n\t\t\t\t<\/div>\n\t\t<div class=\"elementor-element elementor-element-aa9bc12 e-con-full e-flex e-con e-parent\" data-id=\"aa9bc12\" data-element_type=\"container\" data-e-type=\"container\">\n\t\t\t\t<div class=\"elementor-element elementor-element-6842a56 elementor-widget elementor-widget-heading\" data-id=\"6842a56\" data-element_type=\"widget\" data-e-type=\"widget\" data-widget_type=\"heading.default\">\n\t\t\t\t<div class=\"elementor-widget-container\">\n\t\t\t\t\t<h2 class=\"elementor-heading-title elementor-size-default\">Bir etki yaratmaya, gezegenimizi korumaya ve topluma geri vermeye inan\u0131yoruz. \u0130nsanlar\u0131n hayatlar\u0131nda ve \u00e7evrelerinde olumlu de\u011fi\u015fiklikler yapmalar\u0131na yard\u0131mc\u0131 olan, y\u00fcksek kaliteli \u00fcr\u00fcnler sunmaya \u00e7al\u0131\u015f\u0131yoruz.<\/h2>\t\t\t\t<\/div>\n\t\t\t\t<\/div>\n\t\t\t\t<div class=\"elementor-element elementor-element-864ed28 elementor-widget elementor-widget-text-editor\" data-id=\"864ed28\" data-element_type=\"widget\" data-e-type=\"widget\" data-widget_type=\"text-editor.default\">\n\t\t\t\t<div class=\"elementor-widget-container\">\n\t\t\t\t\t\t\t\t\t<p>We are passionate about preserving our environment and finding ways to reduce our environmental footprint. We\u2019re committed to using sustainable materials in all of our products, supporting eco-friendly practices within our business, and creating solutions that reduce waste and pollution.<\/p>\t\t\t\t\t\t\t\t<\/div>\n\t\t\t\t<\/div>\n\t\t\t\t<\/div>\n\t\t<div class=\"elementor-element elementor-element-850b0c9 e-con-full e-flex e-con e-parent\" data-id=\"850b0c9\" data-element_type=\"container\" data-e-type=\"container\">\n\t\t<div class=\"elementor-element elementor-element-bbabdce e-con-full e-flex e-con e-child\" data-id=\"bbabdce\" data-element_type=\"container\" data-e-type=\"container\">\n\t\t\t\t<div class=\"elementor-element elementor-element-21d87a3 elementor-widget elementor-widget-image\" data-id=\"21d87a3\" data-element_type=\"widget\" data-e-type=\"widget\" data-widget_type=\"image.default\">\n\t\t\t\t<div class=\"elementor-widget-container\">\n\t\t\t\t\t\t\t\t\t\t\t\t\t\t\t\t<a href=\"\/en\/sustainability\/\">\n\t\t\t\t\t\t\t<img fetchpriority=\"high\" decoding=\"async\" width=\"356\" height=\"268\" src=\"https:\/\/tapistr.com\/wp-content\/uploads\/2024\/03\/eberhard-grossgasteiger-b-xas-vmr-gsuo-unsplash.png\" class=\"attachment-full size-full wp-image-178\" alt=\"\" srcset=\"https:\/\/tapistr.com\/wp-content\/uploads\/2024\/03\/eberhard-grossgasteiger-b-xas-vmr-gsuo-unsplash.png 356w, https:\/\/tapistr.com\/wp-content\/uploads\/2024\/03\/eberhard-grossgasteiger-b-xas-vmr-gsuo-unsplash-150x113.png 150w, https:\/\/tapistr.com\/wp-content\/uploads\/2024\/03\/eberhard-grossgasteiger-b-xas-vmr-gsuo-unsplash-300x226.png 300w, https:\/\/tapistr.com\/wp-content\/uploads\/2024\/03\/eberhard-grossgasteiger-b-xas-vmr-gsuo-unsplash-16x12.png 16w\" sizes=\"(max-width: 356px) 100vw, 356px\" \/>\t\t\t\t\t\t\t\t<\/a>\n\t\t\t\t\t\t\t\t\t\t\t\t\t\t\t<\/div>\n\t\t\t\t<\/div>\n\t\t\t\t<div class=\"elementor-element elementor-element-dab1ce8 elementor-widget elementor-widget-heading\" data-id=\"dab1ce8\" data-element_type=\"widget\" data-e-type=\"widget\" data-widget_type=\"heading.default\">\n\t\t\t\t<div class=\"elementor-widget-container\">\n\t\t\t\t\t<h2 class=\"elementor-heading-title elementor-size-default\">Sustainability<\/h2>\t\t\t\t<\/div>\n\t\t\t\t<\/div>\n\t\t\t\t<div class=\"elementor-element elementor-element-0755aff elementor-widget elementor-widget-text-editor\" data-id=\"0755aff\" data-element_type=\"widget\" data-e-type=\"widget\" data-widget_type=\"text-editor.default\">\n\t\t\t\t<div class=\"elementor-widget-container\">\n\t\t\t\t\t\t\t\t\t<p>We are dedicated to creating clothing and accessories that positively impact our planet and society. Our pieces use the best quality materials, responsibly sourced from suppliers who share our commitment to sustainability.<\/p>\t\t\t\t\t\t\t\t<\/div>\n\t\t\t\t<\/div>\n\t\t\t\t<div class=\"elementor-element elementor-element-70cb5b5 elementor-widget elementor-widget-button\" data-id=\"70cb5b5\" data-element_type=\"widget\" data-e-type=\"widget\" data-widget_type=\"button.default\">\n\t\t\t\t<div class=\"elementor-widget-container\">\n\t\t\t\t\t\t\t\t\t<div class=\"elementor-button-wrapper\">\n\t\t\t\t\t<a class=\"elementor-button elementor-button-link elementor-size-sm\" href=\"\/en\/surdurulebilirlik\/\">\n\t\t\t\t\t\t<span class=\"elementor-button-content-wrapper\">\n\t\t\t\t\t\t\t\t\t<span class=\"elementor-button-text\">Learn More<\/span>\n\t\t\t\t\t<\/span>\n\t\t\t\t\t<\/a>\n\t\t\t\t<\/div>\n\t\t\t\t\t\t\t\t<\/div>\n\t\t\t\t<\/div>\n\t\t\t\t<\/div>\n\t\t<div class=\"elementor-element elementor-element-5e790a5 e-con-full e-flex e-con e-child\" data-id=\"5e790a5\" data-element_type=\"container\" data-e-type=\"container\">\n\t\t\t\t<div class=\"elementor-element elementor-element-b4f6e73 elementor-widget elementor-widget-image\" data-id=\"b4f6e73\" data-element_type=\"widget\" data-e-type=\"widget\" data-widget_type=\"image.default\">\n\t\t\t\t<div class=\"elementor-widget-container\">\n\t\t\t\t\t\t\t\t\t\t\t\t\t\t\t\t<a href=\"\/en\/empowering-women\/\">\n\t\t\t\t\t\t\t<img decoding=\"async\" width=\"356\" height=\"268\" src=\"https:\/\/tapistr.com\/wp-content\/uploads\/2024\/03\/sierra-koder-g-1-kch-8-gzn-a-unsplash.png\" class=\"attachment-full size-full wp-image-179\" alt=\"\" srcset=\"https:\/\/tapistr.com\/wp-content\/uploads\/2024\/03\/sierra-koder-g-1-kch-8-gzn-a-unsplash.png 356w, https:\/\/tapistr.com\/wp-content\/uploads\/2024\/03\/sierra-koder-g-1-kch-8-gzn-a-unsplash-150x113.png 150w, https:\/\/tapistr.com\/wp-content\/uploads\/2024\/03\/sierra-koder-g-1-kch-8-gzn-a-unsplash-300x226.png 300w, https:\/\/tapistr.com\/wp-content\/uploads\/2024\/03\/sierra-koder-g-1-kch-8-gzn-a-unsplash-16x12.png 16w\" sizes=\"(max-width: 356px) 100vw, 356px\" \/>\t\t\t\t\t\t\t\t<\/a>\n\t\t\t\t\t\t\t\t\t\t\t\t\t\t\t<\/div>\n\t\t\t\t<\/div>\n\t\t\t\t<div class=\"elementor-element elementor-element-017ea3d elementor-widget elementor-widget-heading\" data-id=\"017ea3d\" data-element_type=\"widget\" data-e-type=\"widget\" data-widget_type=\"heading.default\">\n\t\t\t\t<div class=\"elementor-widget-container\">\n\t\t\t\t\t<h2 class=\"elementor-heading-title elementor-size-default\">Empowering Women<\/h2>\t\t\t\t<\/div>\n\t\t\t\t<\/div>\n\t\t\t\t<div class=\"elementor-element elementor-element-28e2193 elementor-widget elementor-widget-text-editor\" data-id=\"28e2193\" data-element_type=\"widget\" data-e-type=\"widget\" data-widget_type=\"text-editor.default\">\n\t\t\t\t<div class=\"elementor-widget-container\">\n\t\t\t\t\t\t\t\t\t<p>At TAPIS, we are committed to empowering women and promoting diversity within our company. Our HR processes are designed to provide equal opportunities for everyone.<\/p>\t\t\t\t\t\t\t\t<\/div>\n\t\t\t\t<\/div>\n\t\t\t\t<div class=\"elementor-element elementor-element-e67d1b9 elementor-widget elementor-widget-button\" data-id=\"e67d1b9\" data-element_type=\"widget\" data-e-type=\"widget\" data-widget_type=\"button.default\">\n\t\t\t\t<div class=\"elementor-widget-container\">\n\t\t\t\t\t\t\t\t\t<div class=\"elementor-button-wrapper\">\n\t\t\t\t\t<a class=\"elementor-button elementor-button-link elementor-size-sm\" href=\"\/en\/kadina-destek\/\">\n\t\t\t\t\t\t<span class=\"elementor-button-content-wrapper\">\n\t\t\t\t\t\t\t\t\t<span class=\"elementor-button-text\">Learn More<\/span>\n\t\t\t\t\t<\/span>\n\t\t\t\t\t<\/a>\n\t\t\t\t<\/div>\n\t\t\t\t\t\t\t\t<\/div>\n\t\t\t\t<\/div>\n\t\t\t\t<\/div>\n\t\t<div class=\"elementor-element elementor-element-ac1dc0c e-con-full e-flex e-con e-child\" data-id=\"ac1dc0c\" data-element_type=\"container\" data-e-type=\"container\">\n\t\t\t\t<div class=\"elementor-element elementor-element-0173069 elementor-widget elementor-widget-image\" data-id=\"0173069\" data-element_type=\"widget\" data-e-type=\"widget\" data-widget_type=\"image.default\">\n\t\t\t\t<div class=\"elementor-widget-container\">\n\t\t\t\t\t\t\t\t\t\t\t\t\t\t\t\t<a href=\"\/en\/product-quality\/\">\n\t\t\t\t\t\t\t<img decoding=\"async\" width=\"356\" height=\"268\" src=\"https:\/\/tapistr.com\/wp-content\/uploads\/2024\/03\/sina-saadatmand-q-zp-7-nf-ru-pzg-unsplash.jpg\" class=\"attachment-full size-full wp-image-180\" alt=\"\" srcset=\"https:\/\/tapistr.com\/wp-content\/uploads\/2024\/03\/sina-saadatmand-q-zp-7-nf-ru-pzg-unsplash.jpg 356w, https:\/\/tapistr.com\/wp-content\/uploads\/2024\/03\/sina-saadatmand-q-zp-7-nf-ru-pzg-unsplash-150x113.jpg 150w, https:\/\/tapistr.com\/wp-content\/uploads\/2024\/03\/sina-saadatmand-q-zp-7-nf-ru-pzg-unsplash-300x226.jpg 300w, https:\/\/tapistr.com\/wp-content\/uploads\/2024\/03\/sina-saadatmand-q-zp-7-nf-ru-pzg-unsplash-16x12.jpg 16w\" sizes=\"(max-width: 356px) 100vw, 356px\" \/>\t\t\t\t\t\t\t\t<\/a>\n\t\t\t\t\t\t\t\t\t\t\t\t\t\t\t<\/div>\n\t\t\t\t<\/div>\n\t\t\t\t<div class=\"elementor-element elementor-element-d005d4f elementor-widget elementor-widget-heading\" data-id=\"d005d4f\" data-element_type=\"widget\" data-e-type=\"widget\" data-widget_type=\"heading.default\">\n\t\t\t\t<div class=\"elementor-widget-container\">\n\t\t\t\t\t<h2 class=\"elementor-heading-title elementor-size-default\">Quality<\/h2>\t\t\t\t<\/div>\n\t\t\t\t<\/div>\n\t\t\t\t<div class=\"elementor-element elementor-element-fe1e445 elementor-widget elementor-widget-text-editor\" data-id=\"fe1e445\" data-element_type=\"widget\" data-e-type=\"widget\" data-widget_type=\"text-editor.default\">\n\t\t\t\t<div class=\"elementor-widget-container\">\n\t\t\t\t\t\t\t\t\t<p>Our products are designed with passion and purpose, bringing high-quality craftsmanship from generations of traditional Turkish artisans into every piece we make.<\/p>\t\t\t\t\t\t\t\t<\/div>\n\t\t\t\t<\/div>\n\t\t\t\t<div class=\"elementor-element elementor-element-397cd02 elementor-widget elementor-widget-button\" data-id=\"397cd02\" data-element_type=\"widget\" data-e-type=\"widget\" data-widget_type=\"button.default\">\n\t\t\t\t<div class=\"elementor-widget-container\">\n\t\t\t\t\t\t\t\t\t<div class=\"elementor-button-wrapper\">\n\t\t\t\t\t<a class=\"elementor-button elementor-button-link elementor-size-sm\" href=\"\/en\/urun-kalitesi\/\">\n\t\t\t\t\t\t<span class=\"elementor-button-content-wrapper\">\n\t\t\t\t\t\t\t\t\t<span class=\"elementor-button-text\">Learn More<\/span>\n\t\t\t\t\t<\/span>\n\t\t\t\t\t<\/a>\n\t\t\t\t<\/div>\n\t\t\t\t\t\t\t\t<\/div>\n\t\t\t\t<\/div>\n\t\t\t\t<\/div>\n\t\t\t\t<\/div>\n\t\t\t\t<\/div>","protected":false},"excerpt":{"rendered":"<p>DE\u011eERLER\u0130M\u0130Z Bir etki yaratmaya, gezegenimizi korumaya ve topluma geri vermeye inan\u0131yoruz. \u0130nsanlar\u0131n hayatlar\u0131nda ve \u00e7evrelerinde olumlu de\u011fi\u015fiklikler yapmalar\u0131na yard\u0131mc\u0131 olan, y\u00fcksek kaliteli \u00fcr\u00fcnler sunmaya \u00e7al\u0131\u015f\u0131yoruz. \u00c7evremizi koruma ve karbon ayak izimizi azaltman\u0131n yollar\u0131n\u0131 bulma konusunda tutkuluyuz. \u00dcr\u00fcnlerimizde s\u00fcrd\u00fcr\u00fclebilir malzemeler kullanmaya, i\u015fimizde \u00e7evre dostu uygulamalar\u0131 desteklemeye ve at\u0131klar\u0131 ve kirlili\u011fi azaltan \u00e7\u00f6z\u00fcmler \u00fcretmeye devam ediyoruz. S\u00fcrd\u00fcr\u00fclebilirlik [&hellip;]<\/p>\n","protected":false},"author":1,"featured_media":0,"parent":0,"menu_order":0,"comment_status":"closed","ping_status":"closed","template":"template-canvas.php","meta":{"footnotes":""},"class_list":["post-1144","page","type-page","status-publish","hentry"],"_links":{"self":[{"href":"https:\/\/tapistr.com\/en\/wp-json\/wp\/v2\/pages\/1144","targetHints":{"allow":["GET"]}}],"collection":[{"href":"https:\/\/tapistr.com\/en\/wp-json\/wp\/v2\/pages"}],"about":[{"href":"https:\/\/tapistr.com\/en\/wp-json\/wp\/v2\/types\/page"}],"author":[{"embeddable":true,"href":"https:\/\/tapistr.com\/en\/wp-json\/wp\/v2\/users\/1"}],"replies":[{"embeddable":true,"href":"https:\/\/tapistr.com\/en\/wp-json\/wp\/v2\/comments?post=1144"}],"version-history":[{"count":4,"href":"https:\/\/tapistr.com\/en\/wp-json\/wp\/v2\/pages\/1144\/revisions"}],"predecessor-version":[{"id":1241,"href":"https:\/\/tapistr.com\/en\/wp-json\/wp\/v2\/pages\/1144\/revisions\/1241"}],"wp:attachment":[{"href":"https:\/\/tapistr.com\/en\/wp-json\/wp\/v2\/media?parent=1144"}],"curies":[{"name":"wp","href":"https:\/\/api.w.org\/{rel}","templated":true}]}}