{"id":1142,"date":"2024-03-30T19:27:20","date_gmt":"2024-03-30T16:27:20","guid":{"rendered":"https:\/\/tapistr.com\/?page_id=1142"},"modified":"2024-03-31T12:15:38","modified_gmt":"2024-03-31T09:15:38","slug":"uretim","status":"publish","type":"page","link":"https:\/\/tapistr.com\/en\/uretim\/","title":{"rendered":"MANUFACTURING"},"content":{"rendered":"<div data-elementor-type=\"wp-page\" data-elementor-id=\"1142\" class=\"elementor elementor-1142\" data-elementor-post-type=\"page\">\n\t\t\t\t<div class=\"elementor-element elementor-element-bd75fee e-con-full e-flex e-con e-parent\" data-id=\"bd75fee\" data-element_type=\"container\" data-e-type=\"container\" data-settings=\"{&quot;background_background&quot;:&quot;classic&quot;}\">\n\t\t\t\t<div class=\"elementor-element elementor-element-2419507 elementor-widget elementor-widget-heading\" data-id=\"2419507\" data-element_type=\"widget\" data-e-type=\"widget\" data-widget_type=\"heading.default\">\n\t\t\t\t<div class=\"elementor-widget-container\">\n\t\t\t\t\t<h2 class=\"elementor-heading-title elementor-size-default\">MANUFACTURING<\/h2>\t\t\t\t<\/div>\n\t\t\t\t<\/div>\n\t\t\t\t<\/div>\n\t\t<div class=\"elementor-element elementor-element-13e7d31 e-con-full e-flex e-con e-parent\" data-id=\"13e7d31\" data-element_type=\"container\" data-e-type=\"container\">\n\t\t\t\t<div class=\"elementor-element elementor-element-52275ff elementor-widget elementor-widget-heading\" data-id=\"52275ff\" data-element_type=\"widget\" data-e-type=\"widget\" data-widget_type=\"heading.default\">\n\t\t\t\t<div class=\"elementor-widget-container\">\n\t\t\t\t\t<h2 class=\"elementor-heading-title elementor-size-default\">At TAPIS, we are committed to minimizing our environmental impact by utilizing sustainable manufacturing techniques.<\/h2>\t\t\t\t<\/div>\n\t\t\t\t<\/div>\n\t\t\t\t<div class=\"elementor-element elementor-element-8992559 elementor-widget elementor-widget-text-editor\" data-id=\"8992559\" data-element_type=\"widget\" data-e-type=\"widget\" data-widget_type=\"text-editor.default\">\n\t\t\t\t<div class=\"elementor-widget-container\">\n\t\t\t\t\t\t\t\t\t<p>We are committed to delivering a quality product that embraces the values of our brand. Our goal is to produce clothing that both honors traditional handcrafting methods and utilizes modern production techniques. We strive to ensure that all of our manufacturing processes are eco-friendly and take into consideration the well-being of our planet.<\/p>\t\t\t\t\t\t\t\t<\/div>\n\t\t\t\t<\/div>\n\t\t\t\t<\/div>\n\t\t<div class=\"elementor-element elementor-element-07bcfda e-con-full e-flex e-con e-parent\" data-id=\"07bcfda\" data-element_type=\"container\" data-e-type=\"container\">\n\t\t<div class=\"elementor-element elementor-element-89eb85a e-con-full e-flex e-con e-child\" data-id=\"89eb85a\" data-element_type=\"container\" data-e-type=\"container\">\n\t\t\t\t<div class=\"elementor-element elementor-element-ed7fdac elementor-hidden-mobile elementor-widget elementor-widget-spacer\" data-id=\"ed7fdac\" data-element_type=\"widget\" data-e-type=\"widget\" data-widget_type=\"spacer.default\">\n\t\t\t\t<div class=\"elementor-widget-container\">\n\t\t\t\t\t\t\t<div class=\"elementor-spacer\">\n\t\t\t<div class=\"elementor-spacer-inner\"><\/div>\n\t\t<\/div>\n\t\t\t\t\t\t<\/div>\n\t\t\t\t<\/div>\n\t\t\t\t<div class=\"elementor-element elementor-element-bc55adb elementor-widget elementor-widget-heading\" data-id=\"bc55adb\" data-element_type=\"widget\" data-e-type=\"widget\" data-widget_type=\"heading.default\">\n\t\t\t\t<div class=\"elementor-widget-container\">\n\t\t\t\t\t<h2 class=\"elementor-heading-title elementor-size-default\">We implement zero-waste production and closed-loop systems to help conserve energy and water usage during the manufacturing process. <\/h2>\t\t\t\t<\/div>\n\t\t\t\t<\/div>\n\t\t\t\t<\/div>\n\t\t<div class=\"elementor-element elementor-element-629e7c6 e-con-full e-flex e-con e-child\" data-id=\"629e7c6\" data-element_type=\"container\" data-e-type=\"container\">\n\t\t\t\t<div class=\"elementor-element elementor-element-beb638c elementor-widget elementor-widget-image\" data-id=\"beb638c\" data-element_type=\"widget\" data-e-type=\"widget\" data-widget_type=\"image.default\">\n\t\t\t\t<div class=\"elementor-widget-container\">\n\t\t\t\t\t\t\t\t\t\t\t\t\t\t\t<img fetchpriority=\"high\" decoding=\"async\" width=\"571\" height=\"559\" src=\"https:\/\/tapistr.com\/wp-content\/uploads\/2024\/03\/zero-waste-production.png\" class=\"attachment-full size-full wp-image-176\" alt=\"\" srcset=\"https:\/\/tapistr.com\/wp-content\/uploads\/2024\/03\/zero-waste-production.png 571w, https:\/\/tapistr.com\/wp-content\/uploads\/2024\/03\/zero-waste-production-150x147.png 150w, https:\/\/tapistr.com\/wp-content\/uploads\/2024\/03\/zero-waste-production-300x294.png 300w, https:\/\/tapistr.com\/wp-content\/uploads\/2024\/03\/zero-waste-production-12x12.png 12w, https:\/\/tapistr.com\/wp-content\/uploads\/2024\/03\/zero-waste-production-441x432.png 441w, https:\/\/tapistr.com\/wp-content\/uploads\/2024\/03\/zero-waste-production-420x411.png 420w\" sizes=\"(max-width: 571px) 100vw, 571px\" \/>\t\t\t\t\t\t\t\t\t\t\t\t\t\t\t<\/div>\n\t\t\t\t<\/div>\n\t\t\t\t<\/div>\n\t\t\t\t<\/div>\n\t\t<div class=\"elementor-element elementor-element-534f9f2 e-con-full e-flex e-con e-parent\" data-id=\"534f9f2\" data-element_type=\"container\" data-e-type=\"container\">\n\t\t\t\t<div class=\"elementor-element elementor-element-48eafac elementor-widget elementor-widget-heading\" data-id=\"48eafac\" data-element_type=\"widget\" data-e-type=\"widget\" data-widget_type=\"heading.default\">\n\t\t\t\t<div class=\"elementor-widget-container\">\n\t\t\t\t\t<h2 class=\"elementor-heading-title elementor-size-default\">As part of our commitment to sustainability, excess materials can be recycled back into new products to reduce waste generation and minimize resource use even further with closed-loop systems.<\/h2>\t\t\t\t<\/div>\n\t\t\t\t<\/div>\n\t\t\t\t<\/div>\n\t\t<div class=\"elementor-element elementor-element-1ea5841 e-con-full e-flex e-con e-parent\" data-id=\"1ea5841\" data-element_type=\"container\" data-e-type=\"container\">\n\t\t<div class=\"elementor-element elementor-element-7cb4fa7 e-con-full e-flex e-con e-child\" data-id=\"7cb4fa7\" data-element_type=\"container\" data-e-type=\"container\">\n\t\t\t\t<div class=\"elementor-element elementor-element-5950647 elementor-widget elementor-widget-image\" data-id=\"5950647\" data-element_type=\"widget\" data-e-type=\"widget\" data-widget_type=\"image.default\">\n\t\t\t\t<div class=\"elementor-widget-container\">\n\t\t\t\t\t\t\t\t\t\t\t\t\t\t\t<img decoding=\"async\" width=\"571\" height=\"667\" src=\"https:\/\/tapistr.com\/wp-content\/uploads\/2024\/03\/anatolian-carpet.png\" class=\"attachment-full size-full wp-image-177\" alt=\"\" srcset=\"https:\/\/tapistr.com\/wp-content\/uploads\/2024\/03\/anatolian-carpet.png 571w, https:\/\/tapistr.com\/wp-content\/uploads\/2024\/03\/anatolian-carpet-150x175.png 150w, https:\/\/tapistr.com\/wp-content\/uploads\/2024\/03\/anatolian-carpet-257x300.png 257w, https:\/\/tapistr.com\/wp-content\/uploads\/2024\/03\/anatolian-carpet-10x12.png 10w, https:\/\/tapistr.com\/wp-content\/uploads\/2024\/03\/anatolian-carpet-441x515.png 441w, https:\/\/tapistr.com\/wp-content\/uploads\/2024\/03\/anatolian-carpet-420x491.png 420w\" sizes=\"(max-width: 571px) 100vw, 571px\" \/>\t\t\t\t\t\t\t\t\t\t\t\t\t\t\t<\/div>\n\t\t\t\t<\/div>\n\t\t\t\t<\/div>\n\t\t<div class=\"elementor-element elementor-element-9e19c77 e-con-full e-flex e-con e-child\" data-id=\"9e19c77\" data-element_type=\"container\" data-e-type=\"container\">\n\t\t\t\t<div class=\"elementor-element elementor-element-fad9787 elementor-widget elementor-widget-spacer\" data-id=\"fad9787\" data-element_type=\"widget\" data-e-type=\"widget\" data-widget_type=\"spacer.default\">\n\t\t\t\t<div class=\"elementor-widget-container\">\n\t\t\t\t\t\t\t<div class=\"elementor-spacer\">\n\t\t\t<div class=\"elementor-spacer-inner\"><\/div>\n\t\t<\/div>\n\t\t\t\t\t\t<\/div>\n\t\t\t\t<\/div>\n\t\t\t\t<div class=\"elementor-element elementor-element-bf7ec5b elementor-widget elementor-widget-heading\" data-id=\"bf7ec5b\" data-element_type=\"widget\" data-e-type=\"widget\" data-widget_type=\"heading.default\">\n\t\t\t\t<div class=\"elementor-widget-container\">\n\t\t\t\t\t<h2 class=\"elementor-heading-title elementor-size-default\">Embellishing with Anatolian Carpet<\/h2>\t\t\t\t<\/div>\n\t\t\t\t<\/div>\n\t\t\t\t<div class=\"elementor-element elementor-element-817bbb8 elementor-widget elementor-widget-text-editor\" data-id=\"817bbb8\" data-element_type=\"widget\" data-e-type=\"widget\" data-widget_type=\"text-editor.default\">\n\t\t\t\t<div class=\"elementor-widget-container\">\n\t\t\t\t\t\t\t\t\t<p>At the finishing stage, traditional Anatolian carpet designs are used to embellish and finish the products in line with modern fashion trends.<\/p><p>Finally, every piece is carefully inspected and double-checked for excellence before being shipped out.<\/p>\t\t\t\t\t\t\t\t<\/div>\n\t\t\t\t<\/div>\n\t\t\t\t<\/div>\n\t\t\t\t<\/div>\n\t\t<div class=\"elementor-element elementor-element-66ad208 e-flex e-con-boxed e-con e-parent\" data-id=\"66ad208\" data-element_type=\"container\" data-e-type=\"container\">\n\t\t\t\t\t<div class=\"e-con-inner\">\n\t\t\t\t<div class=\"elementor-element elementor-element-b9947ef elementor-widget elementor-widget-spacer\" data-id=\"b9947ef\" data-element_type=\"widget\" data-e-type=\"widget\" data-widget_type=\"spacer.default\">\n\t\t\t\t<div class=\"elementor-widget-container\">\n\t\t\t\t\t\t\t<div class=\"elementor-spacer\">\n\t\t\t<div class=\"elementor-spacer-inner\"><\/div>\n\t\t<\/div>\n\t\t\t\t\t\t<\/div>\n\t\t\t\t<\/div>\n\t\t\t\t\t<\/div>\n\t\t\t\t<\/div>\n\t\t<div class=\"elementor-element elementor-element-decf7b0 e-con-full e-flex e-con e-parent\" data-id=\"decf7b0\" data-element_type=\"container\" data-e-type=\"container\">\n\t\t\t\t<div class=\"elementor-element elementor-element-4613a0f elementor-widget elementor-widget-heading\" data-id=\"4613a0f\" data-element_type=\"widget\" data-e-type=\"widget\" data-widget_type=\"heading.default\">\n\t\t\t\t<div class=\"elementor-widget-container\">\n\t\t\t\t\t<h2 class=\"elementor-heading-title elementor-size-default\">At TAPIS, our team takes pride in the time and effort put into each piece; our passion and dedication shows in every product we produce and we are constantly looking for new ways to reduce the amount of resources used in our production.<\/h2>\t\t\t\t<\/div>\n\t\t\t\t<\/div>\n\t\t\t\t<\/div>\n\t\t\t\t<section class=\"elementor-section elementor-top-section elementor-element elementor-element-63c0ad7 elementor-hidden-mobile elementor-section-full_width elementor-section-height-default elementor-section-height-default\" data-id=\"63c0ad7\" data-element_type=\"section\" data-e-type=\"section\" data-settings=\"{&quot;background_background&quot;:&quot;classic&quot;}\">\n\t\t\t\t\t\t<div class=\"elementor-container elementor-column-gap-default\">\n\t\t\t\t\t<div class=\"elementor-column elementor-col-100 elementor-top-column elementor-element elementor-element-5db9e54\" data-id=\"5db9e54\" data-element_type=\"column\" data-e-type=\"column\">\n\t\t\t<div class=\"elementor-widget-wrap elementor-element-populated\">\n\t\t\t\t\t\t<div class=\"elementor-element elementor-element-6072a03 elementor-widget-divider--view-line elementor-widget elementor-widget-divider\" data-id=\"6072a03\" data-element_type=\"widget\" data-e-type=\"widget\" data-widget_type=\"divider.default\">\n\t\t\t\t<div class=\"elementor-widget-container\">\n\t\t\t\t\t\t\t<div class=\"elementor-divider\">\n\t\t\t<span class=\"elementor-divider-separator\">\n\t\t\t\t\t\t<\/span>\n\t\t<\/div>\n\t\t\t\t\t\t<\/div>\n\t\t\t\t<\/div>\n\t\t\t\t\t<\/div>\n\t\t<\/div>\n\t\t\t\t\t<\/div>\n\t\t<\/section>\n\t\t<div class=\"elementor-element elementor-element-9273867 e-con-full e-flex e-con e-parent\" data-id=\"9273867\" data-element_type=\"container\" data-e-type=\"container\">\n\t\t\t\t<div class=\"elementor-element elementor-element-33a96ed elementor-widget elementor-widget-heading\" data-id=\"33a96ed\" data-element_type=\"widget\" data-e-type=\"widget\" data-widget_type=\"heading.default\">\n\t\t\t\t<div class=\"elementor-widget-container\">\n\t\t\t\t\t<h2 class=\"elementor-heading-title elementor-size-default\">Discover Our Values<\/h2>\t\t\t\t<\/div>\n\t\t\t\t<\/div>\n\t\t\t\t<\/div>\n\t\t<div class=\"elementor-element elementor-element-295ac69 e-con-full e-flex e-con e-parent\" data-id=\"295ac69\" data-element_type=\"container\" data-e-type=\"container\">\n\t\t<div class=\"elementor-element elementor-element-9abc5fc e-con-full e-flex e-con e-child\" data-id=\"9abc5fc\" data-element_type=\"container\" data-e-type=\"container\">\n\t\t\t\t<div class=\"elementor-element elementor-element-cda6d6f elementor-widget elementor-widget-image\" data-id=\"cda6d6f\" data-element_type=\"widget\" data-e-type=\"widget\" data-widget_type=\"image.default\">\n\t\t\t\t<div class=\"elementor-widget-container\">\n\t\t\t\t\t\t\t\t\t\t\t\t\t\t\t\t<a href=\"\/en\/sustainability\/\">\n\t\t\t\t\t\t\t<img decoding=\"async\" width=\"356\" height=\"268\" src=\"https:\/\/tapistr.com\/wp-content\/uploads\/2024\/03\/eberhard-grossgasteiger-b-xas-vmr-gsuo-unsplash.png\" class=\"attachment-full size-full wp-image-178\" alt=\"\" srcset=\"https:\/\/tapistr.com\/wp-content\/uploads\/2024\/03\/eberhard-grossgasteiger-b-xas-vmr-gsuo-unsplash.png 356w, https:\/\/tapistr.com\/wp-content\/uploads\/2024\/03\/eberhard-grossgasteiger-b-xas-vmr-gsuo-unsplash-150x113.png 150w, https:\/\/tapistr.com\/wp-content\/uploads\/2024\/03\/eberhard-grossgasteiger-b-xas-vmr-gsuo-unsplash-300x226.png 300w, https:\/\/tapistr.com\/wp-content\/uploads\/2024\/03\/eberhard-grossgasteiger-b-xas-vmr-gsuo-unsplash-16x12.png 16w\" sizes=\"(max-width: 356px) 100vw, 356px\" \/>\t\t\t\t\t\t\t\t<\/a>\n\t\t\t\t\t\t\t\t\t\t\t\t\t\t\t<\/div>\n\t\t\t\t<\/div>\n\t\t\t\t<div class=\"elementor-element elementor-element-e232596 elementor-widget elementor-widget-heading\" data-id=\"e232596\" data-element_type=\"widget\" data-e-type=\"widget\" data-widget_type=\"heading.default\">\n\t\t\t\t<div class=\"elementor-widget-container\">\n\t\t\t\t\t<h2 class=\"elementor-heading-title elementor-size-default\">Sustainability<\/h2>\t\t\t\t<\/div>\n\t\t\t\t<\/div>\n\t\t\t\t<div class=\"elementor-element elementor-element-c5eca7d elementor-widget elementor-widget-text-editor\" data-id=\"c5eca7d\" data-element_type=\"widget\" data-e-type=\"widget\" data-widget_type=\"text-editor.default\">\n\t\t\t\t<div class=\"elementor-widget-container\">\n\t\t\t\t\t\t\t\t\t<p>We are dedicated to creating clothing and accessories that positively impact our planet and society. Our pieces use the best quality materials, responsibly sourced from suppliers who share our commitment to sustainability.<\/p>\t\t\t\t\t\t\t\t<\/div>\n\t\t\t\t<\/div>\n\t\t\t\t<div class=\"elementor-element elementor-element-d67da5e elementor-widget elementor-widget-button\" data-id=\"d67da5e\" data-element_type=\"widget\" data-e-type=\"widget\" data-widget_type=\"button.default\">\n\t\t\t\t<div class=\"elementor-widget-container\">\n\t\t\t\t\t\t\t\t\t<div class=\"elementor-button-wrapper\">\n\t\t\t\t\t<a class=\"elementor-button elementor-button-link elementor-size-sm\" href=\"\/en\/surdurulebilirlik\/\">\n\t\t\t\t\t\t<span class=\"elementor-button-content-wrapper\">\n\t\t\t\t\t\t\t\t\t<span class=\"elementor-button-text\">Learn More<\/span>\n\t\t\t\t\t<\/span>\n\t\t\t\t\t<\/a>\n\t\t\t\t<\/div>\n\t\t\t\t\t\t\t\t<\/div>\n\t\t\t\t<\/div>\n\t\t\t\t<\/div>\n\t\t<div class=\"elementor-element elementor-element-64fafae e-con-full e-flex e-con e-child\" data-id=\"64fafae\" data-element_type=\"container\" data-e-type=\"container\">\n\t\t\t\t<div class=\"elementor-element elementor-element-01a8756 elementor-widget elementor-widget-image\" data-id=\"01a8756\" data-element_type=\"widget\" data-e-type=\"widget\" data-widget_type=\"image.default\">\n\t\t\t\t<div class=\"elementor-widget-container\">\n\t\t\t\t\t\t\t\t\t\t\t\t\t\t\t\t<a href=\"\/en\/empowering-women\/\">\n\t\t\t\t\t\t\t<img loading=\"lazy\" decoding=\"async\" width=\"356\" height=\"268\" src=\"https:\/\/tapistr.com\/wp-content\/uploads\/2024\/03\/sierra-koder-g-1-kch-8-gzn-a-unsplash.png\" class=\"attachment-full size-full wp-image-179\" alt=\"\" srcset=\"https:\/\/tapistr.com\/wp-content\/uploads\/2024\/03\/sierra-koder-g-1-kch-8-gzn-a-unsplash.png 356w, https:\/\/tapistr.com\/wp-content\/uploads\/2024\/03\/sierra-koder-g-1-kch-8-gzn-a-unsplash-150x113.png 150w, https:\/\/tapistr.com\/wp-content\/uploads\/2024\/03\/sierra-koder-g-1-kch-8-gzn-a-unsplash-300x226.png 300w, https:\/\/tapistr.com\/wp-content\/uploads\/2024\/03\/sierra-koder-g-1-kch-8-gzn-a-unsplash-16x12.png 16w\" sizes=\"(max-width: 356px) 100vw, 356px\" \/>\t\t\t\t\t\t\t\t<\/a>\n\t\t\t\t\t\t\t\t\t\t\t\t\t\t\t<\/div>\n\t\t\t\t<\/div>\n\t\t\t\t<div class=\"elementor-element elementor-element-9edc79f elementor-widget elementor-widget-heading\" data-id=\"9edc79f\" data-element_type=\"widget\" data-e-type=\"widget\" data-widget_type=\"heading.default\">\n\t\t\t\t<div class=\"elementor-widget-container\">\n\t\t\t\t\t<h2 class=\"elementor-heading-title elementor-size-default\">Empowering Women<\/h2>\t\t\t\t<\/div>\n\t\t\t\t<\/div>\n\t\t\t\t<div class=\"elementor-element elementor-element-ef38b8e elementor-widget elementor-widget-text-editor\" data-id=\"ef38b8e\" data-element_type=\"widget\" data-e-type=\"widget\" data-widget_type=\"text-editor.default\">\n\t\t\t\t<div class=\"elementor-widget-container\">\n\t\t\t\t\t\t\t\t\t<p>At TAPIS, we are committed to empowering women and promoting diversity within our company. Our HR processes are designed to provide equal opportunities for everyone.<\/p>\t\t\t\t\t\t\t\t<\/div>\n\t\t\t\t<\/div>\n\t\t\t\t<div class=\"elementor-element elementor-element-4b57e67 elementor-widget elementor-widget-button\" data-id=\"4b57e67\" data-element_type=\"widget\" data-e-type=\"widget\" data-widget_type=\"button.default\">\n\t\t\t\t<div class=\"elementor-widget-container\">\n\t\t\t\t\t\t\t\t\t<div class=\"elementor-button-wrapper\">\n\t\t\t\t\t<a class=\"elementor-button elementor-button-link elementor-size-sm\" href=\"\/en\/kadina-destek\/\">\n\t\t\t\t\t\t<span class=\"elementor-button-content-wrapper\">\n\t\t\t\t\t\t\t\t\t<span class=\"elementor-button-text\">Learn More<\/span>\n\t\t\t\t\t<\/span>\n\t\t\t\t\t<\/a>\n\t\t\t\t<\/div>\n\t\t\t\t\t\t\t\t<\/div>\n\t\t\t\t<\/div>\n\t\t\t\t<\/div>\n\t\t<div class=\"elementor-element elementor-element-ad6c381 e-con-full e-flex e-con e-child\" data-id=\"ad6c381\" data-element_type=\"container\" data-e-type=\"container\">\n\t\t\t\t<div class=\"elementor-element elementor-element-76ae552 elementor-widget elementor-widget-image\" data-id=\"76ae552\" data-element_type=\"widget\" data-e-type=\"widget\" data-widget_type=\"image.default\">\n\t\t\t\t<div class=\"elementor-widget-container\">\n\t\t\t\t\t\t\t\t\t\t\t\t\t\t\t\t<a href=\"\/en\/product-quality\/\">\n\t\t\t\t\t\t\t<img loading=\"lazy\" decoding=\"async\" width=\"356\" height=\"268\" src=\"https:\/\/tapistr.com\/wp-content\/uploads\/2024\/03\/sina-saadatmand-q-zp-7-nf-ru-pzg-unsplash.jpg\" class=\"attachment-full size-full wp-image-180\" alt=\"\" srcset=\"https:\/\/tapistr.com\/wp-content\/uploads\/2024\/03\/sina-saadatmand-q-zp-7-nf-ru-pzg-unsplash.jpg 356w, https:\/\/tapistr.com\/wp-content\/uploads\/2024\/03\/sina-saadatmand-q-zp-7-nf-ru-pzg-unsplash-150x113.jpg 150w, https:\/\/tapistr.com\/wp-content\/uploads\/2024\/03\/sina-saadatmand-q-zp-7-nf-ru-pzg-unsplash-300x226.jpg 300w, https:\/\/tapistr.com\/wp-content\/uploads\/2024\/03\/sina-saadatmand-q-zp-7-nf-ru-pzg-unsplash-16x12.jpg 16w\" sizes=\"(max-width: 356px) 100vw, 356px\" \/>\t\t\t\t\t\t\t\t<\/a>\n\t\t\t\t\t\t\t\t\t\t\t\t\t\t\t<\/div>\n\t\t\t\t<\/div>\n\t\t\t\t<div class=\"elementor-element elementor-element-77e8f55 elementor-widget elementor-widget-heading\" data-id=\"77e8f55\" data-element_type=\"widget\" data-e-type=\"widget\" data-widget_type=\"heading.default\">\n\t\t\t\t<div class=\"elementor-widget-container\">\n\t\t\t\t\t<h2 class=\"elementor-heading-title elementor-size-default\">Quality<\/h2>\t\t\t\t<\/div>\n\t\t\t\t<\/div>\n\t\t\t\t<div class=\"elementor-element elementor-element-3e2b827 elementor-widget elementor-widget-text-editor\" data-id=\"3e2b827\" data-element_type=\"widget\" data-e-type=\"widget\" data-widget_type=\"text-editor.default\">\n\t\t\t\t<div class=\"elementor-widget-container\">\n\t\t\t\t\t\t\t\t\t<p>Our products are designed with passion and purpose, bringing high-quality craftsmanship from generations of traditional Turkish artisans into every piece we make.<\/p>\t\t\t\t\t\t\t\t<\/div>\n\t\t\t\t<\/div>\n\t\t\t\t<div class=\"elementor-element elementor-element-0883068 elementor-widget elementor-widget-button\" data-id=\"0883068\" data-element_type=\"widget\" data-e-type=\"widget\" data-widget_type=\"button.default\">\n\t\t\t\t<div class=\"elementor-widget-container\">\n\t\t\t\t\t\t\t\t\t<div class=\"elementor-button-wrapper\">\n\t\t\t\t\t<a class=\"elementor-button elementor-button-link elementor-size-sm\" href=\"\/en\/urun-kalitesi\/\">\n\t\t\t\t\t\t<span class=\"elementor-button-content-wrapper\">\n\t\t\t\t\t\t\t\t\t<span class=\"elementor-button-text\">Learn More<\/span>\n\t\t\t\t\t<\/span>\n\t\t\t\t\t<\/a>\n\t\t\t\t<\/div>\n\t\t\t\t\t\t\t\t<\/div>\n\t\t\t\t<\/div>\n\t\t\t\t<\/div>\n\t\t\t\t<\/div>\n\t\t\t\t<\/div>","protected":false},"excerpt":{"rendered":"<p>\u00dcRET\u0130M At\u00f6lyelerimizde s\u00fcrd\u00fcr\u00fclebilir \u00fcretim teknikleri kullanarak \u00e7evresel etkimizi en aza indirmeyi hedefliyoruz. Markam\u0131z\u0131n de\u011ferlerini yans\u0131tan kaliteli \u00fcr\u00fcnler sunmak istiyoruz. Bu ba\u011flamda; \u00fcretim s\u00fcrecimizde geleneksel el i\u015f\u00e7ili\u011fi y\u00f6ntemlerini, modern \u00fcretim teknikleri ile birle\u015ftiriyoruz. T\u00fcm \u00fcretim s\u00fcre\u00e7lerimizin, \u00e7evre dostu ve gezegenimizi korumaya y\u00f6nelik olmas\u0131 i\u00e7in \u00f6zenle \u00e7al\u0131\u015f\u0131yoruz. Tekstil at\u0131klar\u0131n\u0131n \u00e7evreye olan zarar\u0131n\u0131 biliyor ve bunu minimuma indirmek [&hellip;]<\/p>\n","protected":false},"author":1,"featured_media":0,"parent":0,"menu_order":0,"comment_status":"closed","ping_status":"closed","template":"template-canvas.php","meta":{"footnotes":""},"class_list":["post-1142","page","type-page","status-publish","hentry"],"_links":{"self":[{"href":"https:\/\/tapistr.com\/en\/wp-json\/wp\/v2\/pages\/1142","targetHints":{"allow":["GET"]}}],"collection":[{"href":"https:\/\/tapistr.com\/en\/wp-json\/wp\/v2\/pages"}],"about":[{"href":"https:\/\/tapistr.com\/en\/wp-json\/wp\/v2\/types\/page"}],"author":[{"embeddable":true,"href":"https:\/\/tapistr.com\/en\/wp-json\/wp\/v2\/users\/1"}],"replies":[{"embeddable":true,"href":"https:\/\/tapistr.com\/en\/wp-json\/wp\/v2\/comments?post=1142"}],"version-history":[{"count":4,"href":"https:\/\/tapistr.com\/en\/wp-json\/wp\/v2\/pages\/1142\/revisions"}],"predecessor-version":[{"id":1235,"href":"https:\/\/tapistr.com\/en\/wp-json\/wp\/v2\/pages\/1142\/revisions\/1235"}],"wp:attachment":[{"href":"https:\/\/tapistr.com\/en\/wp-json\/wp\/v2\/media?parent=1142"}],"curies":[{"name":"wp","href":"https:\/\/api.w.org\/{rel}","templated":true}]}}