{"id":1135,"date":"2024-03-30T19:15:50","date_gmt":"2024-03-30T16:15:50","guid":{"rendered":"https:\/\/tapistr.com\/?page_id=1135"},"modified":"2024-03-31T10:19:22","modified_gmt":"2024-03-31T07:19:22","slug":"hikayemiz","status":"publish","type":"page","link":"https:\/\/tapistr.com\/en\/hikayemiz\/","title":{"rendered":"OUR STORY"},"content":{"rendered":"<div data-elementor-type=\"wp-page\" data-elementor-id=\"1135\" class=\"elementor elementor-1135\" data-elementor-post-type=\"page\">\n\t\t\t\t<div class=\"elementor-element elementor-element-7f80b89 e-flex e-con-boxed e-con e-parent\" data-id=\"7f80b89\" data-element_type=\"container\" data-e-type=\"container\">\n\t\t\t\t\t<div class=\"e-con-inner\">\n\t\t<div class=\"elementor-element elementor-element-0d60f28 e-con-full e-flex e-con e-child\" data-id=\"0d60f28\" data-element_type=\"container\" data-e-type=\"container\">\n\t\t\t\t<div class=\"elementor-element elementor-element-edad8ea elementor-widget elementor-widget-heading\" data-id=\"edad8ea\" data-element_type=\"widget\" data-e-type=\"widget\" data-widget_type=\"heading.default\">\n\t\t\t\t<div class=\"elementor-widget-container\">\n\t\t\t\t\t<h2 class=\"elementor-heading-title elementor-size-default\">THE PLACE WHERE TRADITION MEETS MODERN FASHION<\/h2>\t\t\t\t<\/div>\n\t\t\t\t<\/div>\n\t\t\t\t<\/div>\n\t\t<div class=\"elementor-element elementor-element-a3ee71a e-con-full e-flex e-con e-child\" data-id=\"a3ee71a\" data-element_type=\"container\" data-e-type=\"container\">\n\t\t\t\t<div class=\"elementor-element elementor-element-71bb3d8 elementor-widget elementor-widget-image\" data-id=\"71bb3d8\" data-element_type=\"widget\" data-e-type=\"widget\" data-widget_type=\"image.default\">\n\t\t\t\t<div class=\"elementor-widget-container\">\n\t\t\t\t\t\t\t\t\t\t\t\t\t\t\t<img fetchpriority=\"high\" decoding=\"async\" width=\"2048\" height=\"1436\" src=\"https:\/\/tapistr.com\/wp-content\/uploads\/2024\/03\/DSCF1803-e1674222333319-2048x1436-1.webp\" class=\"attachment-full size-full wp-image-1217\" alt=\"\" srcset=\"https:\/\/tapistr.com\/wp-content\/uploads\/2024\/03\/DSCF1803-e1674222333319-2048x1436-1.webp 2048w, https:\/\/tapistr.com\/wp-content\/uploads\/2024\/03\/DSCF1803-e1674222333319-2048x1436-1-150x105.webp 150w, https:\/\/tapistr.com\/wp-content\/uploads\/2024\/03\/DSCF1803-e1674222333319-2048x1436-1-768x539.webp 768w, https:\/\/tapistr.com\/wp-content\/uploads\/2024\/03\/DSCF1803-e1674222333319-2048x1436-1-1536x1077.webp 1536w, https:\/\/tapistr.com\/wp-content\/uploads\/2024\/03\/DSCF1803-e1674222333319-2048x1436-1-18x12.webp 18w, https:\/\/tapistr.com\/wp-content\/uploads\/2024\/03\/DSCF1803-e1674222333319-2048x1436-1-990x694.webp 990w, https:\/\/tapistr.com\/wp-content\/uploads\/2024\/03\/DSCF1803-e1674222333319-2048x1436-1-441x309.webp 441w\" sizes=\"(max-width: 2048px) 100vw, 2048px\" \/>\t\t\t\t\t\t\t\t\t\t\t\t\t\t\t<\/div>\n\t\t\t\t<\/div>\n\t\t\t\t<\/div>\n\t\t\t\t\t<\/div>\n\t\t\t\t<\/div>\n\t\t<div class=\"elementor-element elementor-element-c14a7ef e-flex e-con-boxed e-con e-parent\" data-id=\"c14a7ef\" data-element_type=\"container\" data-e-type=\"container\">\n\t\t\t\t\t<div class=\"e-con-inner\">\n\t\t\t\t<div class=\"elementor-element elementor-element-e5aa096 elementor-widget elementor-widget-spacer\" data-id=\"e5aa096\" data-element_type=\"widget\" data-e-type=\"widget\" data-widget_type=\"spacer.default\">\n\t\t\t\t<div class=\"elementor-widget-container\">\n\t\t\t\t\t\t\t<div class=\"elementor-spacer\">\n\t\t\t<div class=\"elementor-spacer-inner\"><\/div>\n\t\t<\/div>\n\t\t\t\t\t\t<\/div>\n\t\t\t\t<\/div>\n\t\t\t\t\t<\/div>\n\t\t\t\t<\/div>\n\t\t<div class=\"elementor-element elementor-element-e6ac345 e-con-full e-flex e-con e-parent\" data-id=\"e6ac345\" data-element_type=\"container\" data-e-type=\"container\">\n\t\t\t\t<div class=\"elementor-element elementor-element-2d522fc elementor-widget elementor-widget-heading\" data-id=\"2d522fc\" data-element_type=\"widget\" data-e-type=\"widget\" data-widget_type=\"heading.default\">\n\t\t\t\t<div class=\"elementor-widget-container\">\n\t\t\t\t\t<h2 class=\"elementor-heading-title elementor-size-default\">TAPIS is a brand that breathes new life into street fashion with the power it draws from Anatolian culture and heritage.<\/h2>\t\t\t\t<\/div>\n\t\t\t\t<\/div>\n\t\t\t\t<div class=\"elementor-element elementor-element-3ac8c5e elementor-widget elementor-widget-text-editor\" data-id=\"3ac8c5e\" data-element_type=\"widget\" data-e-type=\"widget\" data-widget_type=\"text-editor.default\">\n\t\t\t\t<div class=\"elementor-widget-container\">\n\t\t\t\t\t\t\t\t\t<p>Established in Istanbul in 2020, we have brought a unique and dynamic take on Anatolian rugs, adapting their centuries-old traditions to fit today\u2019s style. We aim to make a lasting statement while celebrating history with each of our products featuring original hand-woven pieces. TAPIS is your go-to destination for those looking to stand out from the monotony and show off an unusual style.<\/p>\t\t\t\t\t\t\t\t<\/div>\n\t\t\t\t<\/div>\n\t\t\t\t<\/div>\n\t\t<div class=\"elementor-element elementor-element-2ae4068 e-con-full e-flex e-con e-parent\" data-id=\"2ae4068\" data-element_type=\"container\" data-e-type=\"container\">\n\t\t\t\t<div class=\"elementor-element elementor-element-f861719 elementor-widget elementor-widget-video\" data-id=\"f861719\" data-element_type=\"widget\" data-e-type=\"widget\" data-settings=\"{&quot;youtube_url&quot;:&quot;https:\\\/\\\/www.youtube.com\\\/watch?v=EK1uEwQ9hw8&quot;,&quot;show_image_overlay&quot;:&quot;yes&quot;,&quot;image_overlay&quot;:{&quot;url&quot;:&quot;https:\\\/\\\/tapistr.com\\\/wp-content\\\/uploads\\\/2024\\\/03\\\/DSCF6088-e1674045186458-2048x1067-1.webp&quot;,&quot;id&quot;:1222,&quot;size&quot;:&quot;&quot;,&quot;alt&quot;:&quot;&quot;,&quot;source&quot;:&quot;library&quot;},&quot;video_type&quot;:&quot;youtube&quot;,&quot;controls&quot;:&quot;yes&quot;}\" data-widget_type=\"video.default\">\n\t\t\t\t<div class=\"elementor-widget-container\">\n\t\t\t\t\t\t\t<div class=\"elementor-wrapper elementor-open-inline\">\n\t\t\t<div class=\"elementor-video\"><\/div>\t\t\t\t<div class=\"elementor-custom-embed-image-overlay\" style=\"background-image: url(https:\/\/tapistr.com\/wp-content\/uploads\/2024\/03\/DSCF6088-e1674045186458-2048x1067-1.webp);\">\n\t\t\t\t\t\t\t\t\t\t\t\t\t\t\t\t<div class=\"elementor-custom-embed-play\" role=\"button\" aria-label=\"Videoyu oynat\" tabindex=\"0\">\n\t\t\t\t\t\t\t<svg aria-hidden=\"true\" class=\"e-font-icon-svg e-eicon-play\" viewbox=\"0 0 1000 1000\" xmlns=\"http:\/\/www.w3.org\/2000\/svg\"><path d=\"M838 162C746 71 633 25 500 25 371 25 258 71 163 162 71 254 25 367 25 500 25 633 71 746 163 837 254 929 367 979 500 979 633 979 746 933 838 837 929 746 975 633 975 500 975 367 929 254 838 162M808 192C892 279 933 379 933 500 933 621 892 725 808 808 725 892 621 938 500 938 379 938 279 896 196 808 113 725 67 621 67 500 67 379 108 279 196 192 279 108 383 62 500 62 621 62 721 108 808 192M438 392V642L642 517 438 392Z\"><\/path><\/svg>\t\t\t\t\t\t<\/div>\n\t\t\t\t\t\t\t\t\t<\/div>\n\t\t\t\t\t<\/div>\n\t\t\t\t\t\t<\/div>\n\t\t\t\t<\/div>\n\t\t\t\t<\/div>\n\t\t<div class=\"elementor-element elementor-element-31bff71 e-flex e-con-boxed e-con e-parent\" data-id=\"31bff71\" data-element_type=\"container\" data-e-type=\"container\">\n\t\t\t\t\t<div class=\"e-con-inner\">\n\t\t\t\t<div class=\"elementor-element elementor-element-48edc7b elementor-widget elementor-widget-spacer\" data-id=\"48edc7b\" data-element_type=\"widget\" data-e-type=\"widget\" data-widget_type=\"spacer.default\">\n\t\t\t\t<div class=\"elementor-widget-container\">\n\t\t\t\t\t\t\t<div class=\"elementor-spacer\">\n\t\t\t<div class=\"elementor-spacer-inner\"><\/div>\n\t\t<\/div>\n\t\t\t\t\t\t<\/div>\n\t\t\t\t<\/div>\n\t\t\t\t\t<\/div>\n\t\t\t\t<\/div>\n\t\t<div class=\"elementor-element elementor-element-29698a2 e-con-full e-flex e-con e-parent\" data-id=\"29698a2\" data-element_type=\"container\" data-e-type=\"container\">\n\t\t<div class=\"elementor-element elementor-element-3c76bac e-con-full e-flex e-con e-child\" data-id=\"3c76bac\" data-element_type=\"container\" data-e-type=\"container\">\n\t\t\t\t<div class=\"elementor-element elementor-element-6a9d3af elementor-hidden-tablet elementor-hidden-mobile elementor-widget elementor-widget-spacer\" data-id=\"6a9d3af\" data-element_type=\"widget\" data-e-type=\"widget\" data-widget_type=\"spacer.default\">\n\t\t\t\t<div class=\"elementor-widget-container\">\n\t\t\t\t\t\t\t<div class=\"elementor-spacer\">\n\t\t\t<div class=\"elementor-spacer-inner\"><\/div>\n\t\t<\/div>\n\t\t\t\t\t\t<\/div>\n\t\t\t\t<\/div>\n\t\t\t\t<div class=\"elementor-element elementor-element-74f08a4 elementor-widget elementor-widget-heading\" data-id=\"74f08a4\" data-element_type=\"widget\" data-e-type=\"widget\" data-widget_type=\"heading.default\">\n\t\t\t\t<div class=\"elementor-widget-container\">\n\t\t\t\t\t<h2 class=\"elementor-heading-title elementor-size-default\">Every piece is infused with the power of history, ethnic symbols, and traditional craftsmanship.<\/h2>\t\t\t\t<\/div>\n\t\t\t\t<\/div>\n\t\t\t\t<\/div>\n\t\t<div class=\"elementor-element elementor-element-a8ec2b6 e-con-full e-flex e-con e-child\" data-id=\"a8ec2b6\" data-element_type=\"container\" data-e-type=\"container\">\n\t\t\t\t<div class=\"elementor-element elementor-element-b46bbcd elementor-widget elementor-widget-image\" data-id=\"b46bbcd\" data-element_type=\"widget\" data-e-type=\"widget\" data-widget_type=\"image.default\">\n\t\t\t\t<div class=\"elementor-widget-container\">\n\t\t\t\t\t\t\t\t\t\t\t\t\t\t\t<img decoding=\"async\" width=\"2560\" height=\"2100\" src=\"https:\/\/tapistr.com\/wp-content\/uploads\/2024\/03\/199BA228-8B9E-4355-B969-0A233B825069-e1674228561892-scaled.jpg\" class=\"attachment-full size-full wp-image-237\" alt=\"\" srcset=\"https:\/\/tapistr.com\/wp-content\/uploads\/2024\/03\/199BA228-8B9E-4355-B969-0A233B825069-e1674228561892-scaled.jpg 2560w, https:\/\/tapistr.com\/wp-content\/uploads\/2024\/03\/199BA228-8B9E-4355-B969-0A233B825069-e1674228561892-scaled-150x123.jpg 150w, https:\/\/tapistr.com\/wp-content\/uploads\/2024\/03\/199BA228-8B9E-4355-B969-0A233B825069-e1674228561892-300x246.jpg 300w, https:\/\/tapistr.com\/wp-content\/uploads\/2024\/03\/199BA228-8B9E-4355-B969-0A233B825069-e1674228561892-scaled-768x630.jpg 768w, https:\/\/tapistr.com\/wp-content\/uploads\/2024\/03\/199BA228-8B9E-4355-B969-0A233B825069-e1674228561892-1024x840.jpg 1024w, https:\/\/tapistr.com\/wp-content\/uploads\/2024\/03\/199BA228-8B9E-4355-B969-0A233B825069-e1674228561892-scaled-1536x1260.jpg 1536w, https:\/\/tapistr.com\/wp-content\/uploads\/2024\/03\/199BA228-8B9E-4355-B969-0A233B825069-e1674228561892-scaled-2048x1680.jpg 2048w, https:\/\/tapistr.com\/wp-content\/uploads\/2024\/03\/199BA228-8B9E-4355-B969-0A233B825069-e1674228561892-scaled-15x12.jpg 15w, https:\/\/tapistr.com\/wp-content\/uploads\/2024\/03\/199BA228-8B9E-4355-B969-0A233B825069-e1674228561892-scaled-990x812.jpg 990w, https:\/\/tapistr.com\/wp-content\/uploads\/2024\/03\/199BA228-8B9E-4355-B969-0A233B825069-e1674228561892-scaled-441x362.jpg 441w, https:\/\/tapistr.com\/wp-content\/uploads\/2024\/03\/199BA228-8B9E-4355-B969-0A233B825069-e1674228561892-scaled-420x345.jpg 420w, https:\/\/tapistr.com\/wp-content\/uploads\/2024\/03\/199BA228-8B9E-4355-B969-0A233B825069-e1674228561892-scaled-800x656.jpg 800w\" sizes=\"(max-width: 2560px) 100vw, 2560px\" \/>\t\t\t\t\t\t\t\t\t\t\t\t\t\t\t<\/div>\n\t\t\t\t<\/div>\n\t\t\t\t<\/div>\n\t\t\t\t<\/div>\n\t\t<div class=\"elementor-element elementor-element-44b9307 e-flex e-con-boxed e-con e-parent\" data-id=\"44b9307\" data-element_type=\"container\" data-e-type=\"container\">\n\t\t\t\t\t<div class=\"e-con-inner\">\n\t\t\t\t<div class=\"elementor-element elementor-element-51ccbe9 elementor-widget elementor-widget-spacer\" data-id=\"51ccbe9\" data-element_type=\"widget\" data-e-type=\"widget\" data-widget_type=\"spacer.default\">\n\t\t\t\t<div class=\"elementor-widget-container\">\n\t\t\t\t\t\t\t<div class=\"elementor-spacer\">\n\t\t\t<div class=\"elementor-spacer-inner\"><\/div>\n\t\t<\/div>\n\t\t\t\t\t\t<\/div>\n\t\t\t\t<\/div>\n\t\t\t\t\t<\/div>\n\t\t\t\t<\/div>\n\t\t<div class=\"elementor-element elementor-element-cf2842a e-con-full e-flex e-con e-parent\" data-id=\"cf2842a\" data-element_type=\"container\" data-e-type=\"container\">\n\t\t\t\t<div class=\"elementor-element elementor-element-18c1363 elementor-widget elementor-widget-text-editor\" data-id=\"18c1363\" data-element_type=\"widget\" data-e-type=\"widget\" data-widget_type=\"text-editor.default\">\n\t\t\t\t<div class=\"elementor-widget-container\">\n\t\t\t\t\t\t\t\t\t<p>At TAPIS, we value uniqueness and authenticity above all else. We strive to make each item in our limited edition collection like a one-of-a-kind historical piece. Our mission is to provide you with a genuinely original and innovative way to express your individual style through distinctive carpets from Turkey.<\/p>\t\t\t\t\t\t\t\t<\/div>\n\t\t\t\t<\/div>\n\t\t\t\t<div class=\"elementor-element elementor-element-ffa5665 elementor-widget elementor-widget-spacer\" data-id=\"ffa5665\" data-element_type=\"widget\" data-e-type=\"widget\" data-widget_type=\"spacer.default\">\n\t\t\t\t<div class=\"elementor-widget-container\">\n\t\t\t\t\t\t\t<div class=\"elementor-spacer\">\n\t\t\t<div class=\"elementor-spacer-inner\"><\/div>\n\t\t<\/div>\n\t\t\t\t\t\t<\/div>\n\t\t\t\t<\/div>\n\t\t\t\t<\/div>\n\t\t<div class=\"elementor-element elementor-element-649781b e-con-full e-flex e-con e-parent\" data-id=\"649781b\" data-element_type=\"container\" data-e-type=\"container\">\n\t\t<div class=\"elementor-element elementor-element-fe06cdb e-con-full e-flex e-con e-child\" data-id=\"fe06cdb\" data-element_type=\"container\" data-e-type=\"container\" data-settings=\"{&quot;background_background&quot;:&quot;classic&quot;}\">\n\t\t\t\t<div class=\"elementor-element elementor-element-48ce23a elementor-widget elementor-widget-spacer\" data-id=\"48ce23a\" data-element_type=\"widget\" data-e-type=\"widget\" data-widget_type=\"spacer.default\">\n\t\t\t\t<div class=\"elementor-widget-container\">\n\t\t\t\t\t\t\t<div class=\"elementor-spacer\">\n\t\t\t<div class=\"elementor-spacer-inner\"><\/div>\n\t\t<\/div>\n\t\t\t\t\t\t<\/div>\n\t\t\t\t<\/div>\n\t\t\t\t<\/div>\n\t\t<div class=\"elementor-element elementor-element-260c692 e-con-full e-flex e-con e-child\" data-id=\"260c692\" data-element_type=\"container\" data-e-type=\"container\" data-settings=\"{&quot;background_background&quot;:&quot;classic&quot;}\">\n\t\t\t\t<div class=\"elementor-element elementor-element-f10c353 elementor-widget elementor-widget-heading\" data-id=\"f10c353\" data-element_type=\"widget\" data-e-type=\"widget\" data-widget_type=\"heading.default\">\n\t\t\t\t<div class=\"elementor-widget-container\">\n\t\t\t\t\t<h2 class=\"elementor-heading-title elementor-size-default\">We strive to offer something different and extraordinary; clothing that celebrates culture and heritage while creating an entirely new aesthetic.<\/h2>\t\t\t\t<\/div>\n\t\t\t\t<\/div>\n\t\t\t\t<\/div>\n\t\t\t\t<\/div>\n\t\t\t\t<section class=\"elementor-section elementor-top-section elementor-element elementor-element-f2f23a3 elementor-hidden-mobile elementor-section-full_width elementor-section-height-default elementor-section-height-default\" data-id=\"f2f23a3\" data-element_type=\"section\" data-e-type=\"section\" data-settings=\"{&quot;background_background&quot;:&quot;classic&quot;}\">\n\t\t\t\t\t\t<div class=\"elementor-container elementor-column-gap-default\">\n\t\t\t\t\t<div class=\"elementor-column elementor-col-100 elementor-top-column elementor-element elementor-element-b2a8b77\" data-id=\"b2a8b77\" data-element_type=\"column\" data-e-type=\"column\">\n\t\t\t<div class=\"elementor-widget-wrap elementor-element-populated\">\n\t\t\t\t\t\t<div class=\"elementor-element elementor-element-ed37355 elementor-widget-divider--view-line elementor-widget elementor-widget-divider\" data-id=\"ed37355\" data-element_type=\"widget\" data-e-type=\"widget\" data-widget_type=\"divider.default\">\n\t\t\t\t<div class=\"elementor-widget-container\">\n\t\t\t\t\t\t\t<div class=\"elementor-divider\">\n\t\t\t<span class=\"elementor-divider-separator\">\n\t\t\t\t\t\t<\/span>\n\t\t<\/div>\n\t\t\t\t\t\t<\/div>\n\t\t\t\t<\/div>\n\t\t\t\t\t<\/div>\n\t\t<\/div>\n\t\t\t\t\t<\/div>\n\t\t<\/section>\n\t\t<div class=\"elementor-element elementor-element-e3d983f e-con-full e-flex e-con e-parent\" data-id=\"e3d983f\" data-element_type=\"container\" data-e-type=\"container\">\n\t\t\t\t<div class=\"elementor-element elementor-element-3f27f65 elementor-widget elementor-widget-heading\" data-id=\"3f27f65\" data-element_type=\"widget\" data-e-type=\"widget\" data-widget_type=\"heading.default\">\n\t\t\t\t<div class=\"elementor-widget-container\">\n\t\t\t\t\t<h2 class=\"elementor-heading-title elementor-size-default\">Discover Our Values<\/h2>\t\t\t\t<\/div>\n\t\t\t\t<\/div>\n\t\t\t\t<\/div>\n\t\t<div class=\"elementor-element elementor-element-158cdfb e-con-full e-flex e-con e-parent\" data-id=\"158cdfb\" data-element_type=\"container\" data-e-type=\"container\">\n\t\t<div class=\"elementor-element elementor-element-6cf7171 e-con-full e-flex e-con e-child\" data-id=\"6cf7171\" data-element_type=\"container\" data-e-type=\"container\">\n\t\t\t\t<div class=\"elementor-element elementor-element-303d229 elementor-widget elementor-widget-image\" data-id=\"303d229\" data-element_type=\"widget\" data-e-type=\"widget\" data-widget_type=\"image.default\">\n\t\t\t\t<div class=\"elementor-widget-container\">\n\t\t\t\t\t\t\t\t\t\t\t\t\t\t\t\t<a href=\"\/en\/sustainability\/\">\n\t\t\t\t\t\t\t<img decoding=\"async\" width=\"356\" height=\"268\" src=\"https:\/\/tapistr.com\/wp-content\/uploads\/2024\/03\/eberhard-grossgasteiger-b-xas-vmr-gsuo-unsplash.png\" class=\"attachment-full size-full wp-image-178\" alt=\"\" srcset=\"https:\/\/tapistr.com\/wp-content\/uploads\/2024\/03\/eberhard-grossgasteiger-b-xas-vmr-gsuo-unsplash.png 356w, https:\/\/tapistr.com\/wp-content\/uploads\/2024\/03\/eberhard-grossgasteiger-b-xas-vmr-gsuo-unsplash-150x113.png 150w, https:\/\/tapistr.com\/wp-content\/uploads\/2024\/03\/eberhard-grossgasteiger-b-xas-vmr-gsuo-unsplash-300x226.png 300w, https:\/\/tapistr.com\/wp-content\/uploads\/2024\/03\/eberhard-grossgasteiger-b-xas-vmr-gsuo-unsplash-16x12.png 16w\" sizes=\"(max-width: 356px) 100vw, 356px\" \/>\t\t\t\t\t\t\t\t<\/a>\n\t\t\t\t\t\t\t\t\t\t\t\t\t\t\t<\/div>\n\t\t\t\t<\/div>\n\t\t\t\t<div class=\"elementor-element elementor-element-f9137d4 elementor-widget elementor-widget-heading\" data-id=\"f9137d4\" data-element_type=\"widget\" data-e-type=\"widget\" data-widget_type=\"heading.default\">\n\t\t\t\t<div class=\"elementor-widget-container\">\n\t\t\t\t\t<h2 class=\"elementor-heading-title elementor-size-default\">Sustainability<\/h2>\t\t\t\t<\/div>\n\t\t\t\t<\/div>\n\t\t\t\t<div class=\"elementor-element elementor-element-b6abb8f elementor-widget elementor-widget-text-editor\" data-id=\"b6abb8f\" data-element_type=\"widget\" data-e-type=\"widget\" data-widget_type=\"text-editor.default\">\n\t\t\t\t<div class=\"elementor-widget-container\">\n\t\t\t\t\t\t\t\t\t<p>We are dedicated to creating clothing and accessories that positively impact our planet and society. Our pieces use the best quality materials, responsibly sourced from suppliers who share our commitment to sustainability.<\/p>\t\t\t\t\t\t\t\t<\/div>\n\t\t\t\t<\/div>\n\t\t\t\t<div class=\"elementor-element elementor-element-7731b27 elementor-widget elementor-widget-button\" data-id=\"7731b27\" data-element_type=\"widget\" data-e-type=\"widget\" data-widget_type=\"button.default\">\n\t\t\t\t<div class=\"elementor-widget-container\">\n\t\t\t\t\t\t\t\t\t<div class=\"elementor-button-wrapper\">\n\t\t\t\t\t<a class=\"elementor-button elementor-button-link elementor-size-sm\" href=\"\/en\/surdurulebilirlik\/\">\n\t\t\t\t\t\t<span class=\"elementor-button-content-wrapper\">\n\t\t\t\t\t\t\t\t\t<span class=\"elementor-button-text\">Learn More<\/span>\n\t\t\t\t\t<\/span>\n\t\t\t\t\t<\/a>\n\t\t\t\t<\/div>\n\t\t\t\t\t\t\t\t<\/div>\n\t\t\t\t<\/div>\n\t\t\t\t<\/div>\n\t\t<div class=\"elementor-element elementor-element-df37a12 e-con-full e-flex e-con e-child\" data-id=\"df37a12\" data-element_type=\"container\" data-e-type=\"container\">\n\t\t\t\t<div class=\"elementor-element elementor-element-643d101 elementor-widget elementor-widget-image\" data-id=\"643d101\" data-element_type=\"widget\" data-e-type=\"widget\" data-widget_type=\"image.default\">\n\t\t\t\t<div class=\"elementor-widget-container\">\n\t\t\t\t\t\t\t\t\t\t\t\t\t\t\t\t<a href=\"\/en\/empowering-women\/\">\n\t\t\t\t\t\t\t<img loading=\"lazy\" decoding=\"async\" width=\"356\" height=\"268\" src=\"https:\/\/tapistr.com\/wp-content\/uploads\/2024\/03\/sierra-koder-g-1-kch-8-gzn-a-unsplash.png\" class=\"attachment-full size-full wp-image-179\" alt=\"\" srcset=\"https:\/\/tapistr.com\/wp-content\/uploads\/2024\/03\/sierra-koder-g-1-kch-8-gzn-a-unsplash.png 356w, https:\/\/tapistr.com\/wp-content\/uploads\/2024\/03\/sierra-koder-g-1-kch-8-gzn-a-unsplash-150x113.png 150w, https:\/\/tapistr.com\/wp-content\/uploads\/2024\/03\/sierra-koder-g-1-kch-8-gzn-a-unsplash-300x226.png 300w, https:\/\/tapistr.com\/wp-content\/uploads\/2024\/03\/sierra-koder-g-1-kch-8-gzn-a-unsplash-16x12.png 16w\" sizes=\"(max-width: 356px) 100vw, 356px\" \/>\t\t\t\t\t\t\t\t<\/a>\n\t\t\t\t\t\t\t\t\t\t\t\t\t\t\t<\/div>\n\t\t\t\t<\/div>\n\t\t\t\t<div class=\"elementor-element elementor-element-0169597 elementor-widget elementor-widget-heading\" data-id=\"0169597\" data-element_type=\"widget\" data-e-type=\"widget\" data-widget_type=\"heading.default\">\n\t\t\t\t<div class=\"elementor-widget-container\">\n\t\t\t\t\t<h2 class=\"elementor-heading-title elementor-size-default\">Empowering Women<\/h2>\t\t\t\t<\/div>\n\t\t\t\t<\/div>\n\t\t\t\t<div class=\"elementor-element elementor-element-db8ae97 elementor-widget elementor-widget-text-editor\" data-id=\"db8ae97\" data-element_type=\"widget\" data-e-type=\"widget\" data-widget_type=\"text-editor.default\">\n\t\t\t\t<div class=\"elementor-widget-container\">\n\t\t\t\t\t\t\t\t\t<p>At TAPIS, we are committed to empowering women and promoting diversity within our company. Our HR processes are designed to provide equal opportunities for everyone.<\/p>\t\t\t\t\t\t\t\t<\/div>\n\t\t\t\t<\/div>\n\t\t\t\t<div class=\"elementor-element elementor-element-b290942 elementor-widget elementor-widget-button\" data-id=\"b290942\" data-element_type=\"widget\" data-e-type=\"widget\" data-widget_type=\"button.default\">\n\t\t\t\t<div class=\"elementor-widget-container\">\n\t\t\t\t\t\t\t\t\t<div class=\"elementor-button-wrapper\">\n\t\t\t\t\t<a class=\"elementor-button elementor-button-link elementor-size-sm\" href=\"\/en\/kadina-destek\/\">\n\t\t\t\t\t\t<span class=\"elementor-button-content-wrapper\">\n\t\t\t\t\t\t\t\t\t<span class=\"elementor-button-text\">Learn More<\/span>\n\t\t\t\t\t<\/span>\n\t\t\t\t\t<\/a>\n\t\t\t\t<\/div>\n\t\t\t\t\t\t\t\t<\/div>\n\t\t\t\t<\/div>\n\t\t\t\t<\/div>\n\t\t<div class=\"elementor-element elementor-element-9197f49 e-con-full e-flex e-con e-child\" data-id=\"9197f49\" data-element_type=\"container\" data-e-type=\"container\">\n\t\t\t\t<div class=\"elementor-element elementor-element-e6584d5 elementor-widget elementor-widget-image\" data-id=\"e6584d5\" data-element_type=\"widget\" data-e-type=\"widget\" data-widget_type=\"image.default\">\n\t\t\t\t<div class=\"elementor-widget-container\">\n\t\t\t\t\t\t\t\t\t\t\t\t\t\t\t\t<a href=\"\/en\/product-quality\/\">\n\t\t\t\t\t\t\t<img loading=\"lazy\" decoding=\"async\" width=\"356\" height=\"268\" src=\"https:\/\/tapistr.com\/wp-content\/uploads\/2024\/03\/sina-saadatmand-q-zp-7-nf-ru-pzg-unsplash.jpg\" class=\"attachment-full size-full wp-image-180\" alt=\"\" srcset=\"https:\/\/tapistr.com\/wp-content\/uploads\/2024\/03\/sina-saadatmand-q-zp-7-nf-ru-pzg-unsplash.jpg 356w, https:\/\/tapistr.com\/wp-content\/uploads\/2024\/03\/sina-saadatmand-q-zp-7-nf-ru-pzg-unsplash-150x113.jpg 150w, https:\/\/tapistr.com\/wp-content\/uploads\/2024\/03\/sina-saadatmand-q-zp-7-nf-ru-pzg-unsplash-300x226.jpg 300w, https:\/\/tapistr.com\/wp-content\/uploads\/2024\/03\/sina-saadatmand-q-zp-7-nf-ru-pzg-unsplash-16x12.jpg 16w\" sizes=\"(max-width: 356px) 100vw, 356px\" \/>\t\t\t\t\t\t\t\t<\/a>\n\t\t\t\t\t\t\t\t\t\t\t\t\t\t\t<\/div>\n\t\t\t\t<\/div>\n\t\t\t\t<div class=\"elementor-element elementor-element-8c3593f elementor-widget elementor-widget-heading\" data-id=\"8c3593f\" data-element_type=\"widget\" data-e-type=\"widget\" data-widget_type=\"heading.default\">\n\t\t\t\t<div class=\"elementor-widget-container\">\n\t\t\t\t\t<h2 class=\"elementor-heading-title elementor-size-default\">Quality<\/h2>\t\t\t\t<\/div>\n\t\t\t\t<\/div>\n\t\t\t\t<div class=\"elementor-element elementor-element-e7ec531 elementor-widget elementor-widget-text-editor\" data-id=\"e7ec531\" data-element_type=\"widget\" data-e-type=\"widget\" data-widget_type=\"text-editor.default\">\n\t\t\t\t<div class=\"elementor-widget-container\">\n\t\t\t\t\t\t\t\t\t<p>Our products are designed with passion and purpose, bringing high-quality craftsmanship from generations of traditional Turkish artisans into every piece we make.<\/p>\t\t\t\t\t\t\t\t<\/div>\n\t\t\t\t<\/div>\n\t\t\t\t<div class=\"elementor-element elementor-element-ce28298 elementor-widget elementor-widget-button\" data-id=\"ce28298\" data-element_type=\"widget\" data-e-type=\"widget\" data-widget_type=\"button.default\">\n\t\t\t\t<div class=\"elementor-widget-container\">\n\t\t\t\t\t\t\t\t\t<div class=\"elementor-button-wrapper\">\n\t\t\t\t\t<a class=\"elementor-button elementor-button-link elementor-size-sm\" href=\"\/en\/urun-kalitesi\/\">\n\t\t\t\t\t\t<span class=\"elementor-button-content-wrapper\">\n\t\t\t\t\t\t\t\t\t<span class=\"elementor-button-text\">Learn More<\/span>\n\t\t\t\t\t<\/span>\n\t\t\t\t\t<\/a>\n\t\t\t\t<\/div>\n\t\t\t\t\t\t\t\t<\/div>\n\t\t\t\t<\/div>\n\t\t\t\t<\/div>\n\t\t\t\t<\/div>\n\t\t\t\t<\/div>","protected":false},"excerpt":{"rendered":"<p>GELENE\u011e\u0130N MODERN MODA \u0130LE BULU\u015eTU\u011eU YER Anadolu k\u00fclt\u00fcr\u00fc ve miras\u0131ndan ald\u0131\u011f\u0131m\u0131z g\u00fc\u00e7le sokak modas\u0131na yeni bir soluk getiriyoruz. 2020 y\u0131l\u0131nda \u0130stanbul&#8217;da kurulan TAPIS; Anadolu kilimlerinin as\u0131rl\u0131k geleneklerine, benzersiz ve dinamik bir yorum getirmek i\u00e7in yola \u00e7\u0131kt\u0131. Her biri orijinal el dokumas\u0131 par\u00e7alara sahip \u00fcr\u00fcnlerimizle tarihi kutlarken, kal\u0131c\u0131 bir etki yaratmay\u0131 ama\u00e7l\u0131yoruz. Monotonluktan s\u0131yr\u0131lmak ve s\u0131ra [&hellip;]<\/p>\n","protected":false},"author":1,"featured_media":0,"parent":0,"menu_order":0,"comment_status":"closed","ping_status":"closed","template":"template-canvas.php","meta":{"footnotes":""},"class_list":["post-1135","page","type-page","status-publish","hentry"],"_links":{"self":[{"href":"https:\/\/tapistr.com\/en\/wp-json\/wp\/v2\/pages\/1135","targetHints":{"allow":["GET"]}}],"collection":[{"href":"https:\/\/tapistr.com\/en\/wp-json\/wp\/v2\/pages"}],"about":[{"href":"https:\/\/tapistr.com\/en\/wp-json\/wp\/v2\/types\/page"}],"author":[{"embeddable":true,"href":"https:\/\/tapistr.com\/en\/wp-json\/wp\/v2\/users\/1"}],"replies":[{"embeddable":true,"href":"https:\/\/tapistr.com\/en\/wp-json\/wp\/v2\/comments?post=1135"}],"version-history":[{"count":10,"href":"https:\/\/tapistr.com\/en\/wp-json\/wp\/v2\/pages\/1135\/revisions"}],"predecessor-version":[{"id":1229,"href":"https:\/\/tapistr.com\/en\/wp-json\/wp\/v2\/pages\/1135\/revisions\/1229"}],"wp:attachment":[{"href":"https:\/\/tapistr.com\/en\/wp-json\/wp\/v2\/media?parent=1135"}],"curies":[{"name":"wp","href":"https:\/\/api.w.org\/{rel}","templated":true}]}}