{"id":1104,"date":"2024-03-30T17:49:03","date_gmt":"2024-03-30T14:49:03","guid":{"rendered":"https:\/\/tapistr.com\/?page_id=1104"},"modified":"2024-04-02T11:26:01","modified_gmt":"2024-04-02T08:26:01","slug":"iade-politikasi","status":"publish","type":"page","link":"https:\/\/tapistr.com\/en\/iade-politikasi\/","title":{"rendered":"\u0130ade Politikas\u0131"},"content":{"rendered":"<div data-elementor-type=\"wp-page\" data-elementor-id=\"1104\" class=\"elementor elementor-1104\" data-elementor-post-type=\"page\">\n\t\t\t\t<div class=\"elementor-element elementor-element-2e261a3 e-con-full e-flex e-con e-parent\" data-id=\"2e261a3\" data-element_type=\"container\" data-e-type=\"container\" data-settings=\"{&quot;background_background&quot;:&quot;classic&quot;}\">\n\t\t\t\t<div class=\"elementor-element elementor-element-79a0842 elementor-widget elementor-widget-heading\" data-id=\"79a0842\" data-element_type=\"widget\" data-e-type=\"widget\" data-widget_type=\"heading.default\">\n\t\t\t\t<div class=\"elementor-widget-container\">\n\t\t\t\t\t<h2 class=\"elementor-heading-title elementor-size-default\">SHIPPING &amp; RETURNS<\/h2>\t\t\t\t<\/div>\n\t\t\t\t<\/div>\n\t\t\t\t<\/div>\n\t\t<div class=\"elementor-element elementor-element-a523684 e-con-full e-flex e-con e-parent\" data-id=\"a523684\" data-element_type=\"container\" data-e-type=\"container\">\n\t\t<div class=\"elementor-element elementor-element-fe4e214 e-con-full e-flex e-con e-child\" data-id=\"fe4e214\" data-element_type=\"container\" data-e-type=\"container\">\n\t\t\t\t<div class=\"elementor-element elementor-element-6e09b2f elementor-widget elementor-widget-heading\" data-id=\"6e09b2f\" data-element_type=\"widget\" data-e-type=\"widget\" data-widget_type=\"heading.default\">\n\t\t\t\t<div class=\"elementor-widget-container\">\n\t\t\t\t\t<h2 class=\"elementor-heading-title elementor-size-default\">SHIPPING &amp; RETURNS<\/h2>\t\t\t\t<\/div>\n\t\t\t\t<\/div>\n\t\t\t\t<div class=\"elementor-element elementor-element-77b75ea elementor-widget elementor-widget-text-editor\" data-id=\"77b75ea\" data-element_type=\"widget\" data-e-type=\"widget\" data-widget_type=\"text-editor.default\">\n\t\t\t\t<div class=\"elementor-widget-container\">\n\t\t\t\t\t\t\t\t\t<div class=\"elementor-element elementor-element-fcef3bf elementor-widget elementor-widget-heading\" data-id=\"fcef3bf\" data-element_type=\"widget\" data-widget_type=\"heading.default\"><div class=\"elementor-widget-container\"><h2 class=\"elementor-heading-title elementor-size-default\">\u00a0<\/h2><\/div><\/div><div class=\"elementor-element elementor-element-695f48b elementor-widget elementor-widget-text-editor\" data-id=\"695f48b\" data-element_type=\"widget\" data-widget_type=\"text-editor.default\"><div class=\"elementor-widget-container\"><p>For all orders within Turkey, we offer free shipping with a delivery time of 3-5 business days.\nFor orders outside of Turkey, please contact our team to discuss shipping options and fees. Our\nteam will work with you to find the best shipping solution and ensure that your order is delivered\nin a timely manner.<\/p><\/div><\/div><div class=\"elementor-element elementor-element-60acf57 elementor-widget elementor-widget-heading\" data-id=\"60acf57\" data-element_type=\"widget\" data-widget_type=\"heading.default\"><div class=\"elementor-widget-container\"><h5 class=\"elementor-heading-title elementor-size-default\">Returns<\/h5><p>If for any reason you are not satisfied with your order, you may return it within 30 days of delivery\nfor a full refund or exchange.\nTo initiate a return, please contact our team, and we will guide you through the process.\nPlease note that the item must be in its original condition, with all tags and packaging intact.\nOnce we receive your return, we will process your refund or exchange within 3-5 business days.\nPlease note that shipping fees for returns are the responsibility of the customer, unless the item\nwas damaged or defective upon delivery.<\/p><\/div><\/div><div class=\"elementor-element elementor-element-b5ee866 elementor-widget elementor-widget-heading\" data-id=\"b5ee866\" data-element_type=\"widget\" data-widget_type=\"heading.default\"><div class=\"elementor-widget-container\"><h5 class=\"elementor-heading-title elementor-size-default\">.<\/h5><\/div><\/div><div class=\"elementor-element elementor-element-46c99b1 elementor-widget elementor-widget-text-editor\" data-id=\"46c99b1\" data-element_type=\"widget\" data-widget_type=\"text-editor.default\"><div class=\"elementor-widget-container\"><p>.<\/p><\/div><\/div><div class=\"elementor-element elementor-element-3eb5223 elementor-widget elementor-widget-heading\" data-id=\"3eb5223\" data-element_type=\"widget\" data-widget_type=\"heading.default\"><div class=\"elementor-widget-container\"><h5 class=\"elementor-heading-title elementor-size-default\">.<\/h5><\/div><\/div><div class=\"elementor-element elementor-element-9be1818 elementor-widget elementor-widget-text-editor\" data-id=\"9be1818\" data-element_type=\"widget\" data-widget_type=\"text-editor.default\"><div class=\"elementor-widget-container\"><p>tapistr.com\u2019dan ald\u0131\u011f\u0131n kullan\u0131lmam\u0131\u015f \u00fcr\u00fcnler i\u00e7in 14 g\u00fcn i\u00e7erisinde cayma hakk\u0131n\u0131 kullanabilirsin. Bu s\u00fcre \u00fcr\u00fcn\u00fcn sana teslim edildi\u011fi tarihten itibaren ba\u015flar. Cayma hakk\u0131n\u0131 kulland\u0131\u011f\u0131na ili\u015fkin bildirimi y\u00f6neltti\u011fin tarihten itibaren 14 g\u00fcn i\u00e7erisinde \u00fcr\u00fcn\u00fc geri g\u00f6ndermen gerekmektedir.<\/p><\/div><\/div><div class=\"elementor-element elementor-element-bb540d7 elementor-widget elementor-widget-heading\" data-id=\"bb540d7\" data-element_type=\"widget\" data-widget_type=\"heading.default\"><div class=\"elementor-widget-container\"><h5 class=\"elementor-heading-title elementor-size-default\">.<\/h5><\/div><\/div><div class=\"elementor-element elementor-element-0bf88e5 elementor-widget elementor-widget-text-editor\" data-id=\"0bf88e5\" data-element_type=\"widget\" data-widget_type=\"text-editor.default\"><div class=\"elementor-widget-container\"><p>tapistr.com\u2019dan ald\u0131\u011f\u0131n kullan\u0131lmam\u0131\u015f \u00fcr\u00fcnler i\u00e7in 14 g\u00fcn i\u00e7erisinde cayma hakk\u0131n\u0131 kullanabilirsin. Bu s\u00fcre \u00fcr\u00fcn\u00fcn sana teslim edildi\u011fi tarihten itibaren ba\u015flar.<\/p><p>Cayma hakk\u0131n\u0131z\u0131 kulland\u0131\u011f\u0131n\u0131za ili\u015fkin bildirimi y\u00f6neltti\u011finiz tarihten itibaren 14 g\u00fcn i\u00e7erisinde \u00fcr\u00fcn\u00fc geri g\u00f6ndermeniz gerekmektedir. \u00d6ng\u00f6r\u00fclen s\u00fcre i\u00e7erisinde cayma hakk\u0131n\u0131z\u0131 kullanman\u0131z gereklidir. Aksi halde cayma hakk\u0131n\u0131n kullan\u0131m\u0131 m\u00fcmk\u00fcn olmayacakt\u0131r.<\/p><\/div><\/div><div class=\"elementor-element elementor-element-b6db06f elementor-widget elementor-widget-heading\" data-id=\"b6db06f\" data-element_type=\"widget\" data-widget_type=\"heading.default\"><div class=\"elementor-widget-container\"><h5 class=\"elementor-heading-title elementor-size-default\">.<\/h5><\/div><\/div><div class=\"elementor-element elementor-element-37ced8d elementor-widget elementor-widget-text-editor\" data-id=\"37ced8d\" data-element_type=\"widget\" data-widget_type=\"text-editor.default\"><div class=\"elementor-widget-container\"><p>.<\/p><\/div><\/div>\t\t\t\t\t\t\t\t<\/div>\n\t\t\t\t<\/div>\n\t\t\t\t<div class=\"elementor-element elementor-element-1393e68 elementor-widget elementor-widget-spacer\" data-id=\"1393e68\" data-element_type=\"widget\" data-e-type=\"widget\" data-widget_type=\"spacer.default\">\n\t\t\t\t<div class=\"elementor-widget-container\">\n\t\t\t\t\t\t\t<div class=\"elementor-spacer\">\n\t\t\t<div class=\"elementor-spacer-inner\"><\/div>\n\t\t<\/div>\n\t\t\t\t\t\t<\/div>\n\t\t\t\t<\/div>\n\t\t\t\t<div class=\"elementor-element elementor-element-e7415fc elementor-widget elementor-widget-heading\" data-id=\"e7415fc\" data-element_type=\"widget\" data-e-type=\"widget\" data-widget_type=\"heading.default\">\n\t\t\t\t<div class=\"elementor-widget-container\">\n\t\t\t\t\t<h2 class=\"elementor-heading-title elementor-size-default\">Ways to Get In Touch<\/h2>\t\t\t\t<\/div>\n\t\t\t\t<\/div>\n\t\t\t\t<div class=\"elementor-element elementor-element-b6c6128 elementor-icon-list--layout-traditional elementor-list-item-link-full_width elementor-widget elementor-widget-icon-list\" data-id=\"b6c6128\" data-element_type=\"widget\" data-e-type=\"widget\" data-widget_type=\"icon-list.default\">\n\t\t\t\t<div class=\"elementor-widget-container\">\n\t\t\t\t\t\t\t<ul class=\"elementor-icon-list-items\">\n\t\t\t\t\t\t\t<li class=\"elementor-icon-list-item\">\n\t\t\t\t\t\t\t\t\t\t\t<span class=\"elementor-icon-list-icon\">\n\t\t\t\t\t\t\t<svg aria-hidden=\"true\" class=\"e-font-icon-svg e-far-envelope\" viewbox=\"0 0 512 512\" xmlns=\"http:\/\/www.w3.org\/2000\/svg\"><path d=\"M464 64H48C21.49 64 0 85.49 0 112v288c0 26.51 21.49 48 48 48h416c26.51 0 48-21.49 48-48V112c0-26.51-21.49-48-48-48zm0 48v40.805c-22.422 18.259-58.168 46.651-134.587 106.49-16.841 13.247-50.201 45.072-73.413 44.701-23.208.375-56.579-31.459-73.413-44.701C106.18 199.465 70.425 171.067 48 152.805V112h416zM48 400V214.398c22.914 18.251 55.409 43.862 104.938 82.646 21.857 17.205 60.134 55.186 103.062 54.955 42.717.231 80.509-37.199 103.053-54.947 49.528-38.783 82.032-64.401 104.947-82.653V400H48z\"><\/path><\/svg>\t\t\t\t\t\t<\/span>\n\t\t\t\t\t\t\t\t\t\t<span class=\"elementor-icon-list-text\">info@tapistr.com<\/span>\n\t\t\t\t\t\t\t\t\t<\/li>\n\t\t\t\t\t\t\t\t<li class=\"elementor-icon-list-item\">\n\t\t\t\t\t\t\t\t\t\t\t<span class=\"elementor-icon-list-icon\">\n\t\t\t\t\t\t\t<svg aria-hidden=\"true\" class=\"e-font-icon-svg e-fas-phone-alt\" viewbox=\"0 0 512 512\" xmlns=\"http:\/\/www.w3.org\/2000\/svg\"><path d=\"M497.39 361.8l-112-48a24 24 0 0 0-28 6.9l-49.6 60.6A370.66 370.66 0 0 1 130.6 204.11l60.6-49.6a23.94 23.94 0 0 0 6.9-28l-48-112A24.16 24.16 0 0 0 122.6.61l-104 24A24 24 0 0 0 0 48c0 256.5 207.9 464 464 464a24 24 0 0 0 23.4-18.6l24-104a24.29 24.29 0 0 0-14.01-27.6z\"><\/path><\/svg>\t\t\t\t\t\t<\/span>\n\t\t\t\t\t\t\t\t\t\t<span class=\"elementor-icon-list-text\">+905307674177<\/span>\n\t\t\t\t\t\t\t\t\t<\/li>\n\t\t\t\t\t\t\t\t<li class=\"elementor-icon-list-item\">\n\t\t\t\t\t\t\t\t\t\t\t<span class=\"elementor-icon-list-icon\">\n\t\t\t\t\t\t\t<svg aria-hidden=\"true\" class=\"e-font-icon-svg e-fas-map-marked-alt\" viewbox=\"0 0 576 512\" xmlns=\"http:\/\/www.w3.org\/2000\/svg\"><path d=\"M288 0c-69.59 0-126 56.41-126 126 0 56.26 82.35 158.8 113.9 196.02 6.39 7.54 17.82 7.54 24.2 0C331.65 284.8 414 182.26 414 126 414 56.41 357.59 0 288 0zm0 168c-23.2 0-42-18.8-42-42s18.8-42 42-42 42 18.8 42 42-18.8 42-42 42zM20.12 215.95A32.006 32.006 0 0 0 0 245.66v250.32c0 11.32 11.43 19.06 21.94 14.86L160 448V214.92c-8.84-15.98-16.07-31.54-21.25-46.42L20.12 215.95zM288 359.67c-14.07 0-27.38-6.18-36.51-16.96-19.66-23.2-40.57-49.62-59.49-76.72v182l192 64V266c-18.92 27.09-39.82 53.52-59.49 76.72-9.13 10.77-22.44 16.95-36.51 16.95zm266.06-198.51L416 224v288l139.88-55.95A31.996 31.996 0 0 0 576 426.34V176.02c0-11.32-11.43-19.06-21.94-14.86z\"><\/path><\/svg>\t\t\t\t\t\t<\/span>\n\t\t\t\t\t\t\t\t\t\t<span class=\"elementor-icon-list-text\">Ye\u015filyurt Mh. Sahilyolu Cd. Ye\u015filyurt Spor Kul\u00fcb\u00fc Tesisleri No:8E  Istanbul \/ Turkey Postcode: 34150<\/span>\n\t\t\t\t\t\t\t\t\t<\/li>\n\t\t\t\t\t\t<\/ul>\n\t\t\t\t\t\t<\/div>\n\t\t\t\t<\/div>\n\t\t\t\t<div class=\"elementor-element elementor-element-4e6dba3 elementor-widget elementor-widget-spacer\" data-id=\"4e6dba3\" data-element_type=\"widget\" data-e-type=\"widget\" data-widget_type=\"spacer.default\">\n\t\t\t\t<div class=\"elementor-widget-container\">\n\t\t\t\t\t\t\t<div class=\"elementor-spacer\">\n\t\t\t<div class=\"elementor-spacer-inner\"><\/div>\n\t\t<\/div>\n\t\t\t\t\t\t<\/div>\n\t\t\t\t<\/div>\n\t\t\t\t<\/div>\n\t\t<div class=\"elementor-element elementor-element-95a592d e-con-full e-flex e-con e-child\" data-id=\"95a592d\" data-element_type=\"container\" data-e-type=\"container\" data-settings=\"{&quot;background_background&quot;:&quot;classic&quot;}\">\n\t\t\t\t<div class=\"elementor-element elementor-element-2ba767e elementor-widget elementor-widget-heading\" data-id=\"2ba767e\" data-element_type=\"widget\" data-e-type=\"widget\" data-widget_type=\"heading.default\">\n\t\t\t\t<div class=\"elementor-widget-container\">\n\t\t\t\t\t<h2 class=\"elementor-heading-title elementor-size-default\">CUSTOMER SERVICE<\/h2>\t\t\t\t<\/div>\n\t\t\t\t<\/div>\n\t\t\t\t<div class=\"elementor-element elementor-element-8697ee7 elementor-widget elementor-widget-text-editor\" data-id=\"8697ee7\" data-element_type=\"widget\" data-e-type=\"widget\" data-widget_type=\"text-editor.default\">\n\t\t\t\t<div class=\"elementor-widget-container\">\n\t\t\t\t\t\t\t\t\t<p><span style=\"color: #525252;\"><a style=\"color: #525252;\" href=\"\/en\/iletisim\/\" target=\"_self\">CONTACT<\/a><\/span><\/p><p><span style=\"color: #525252;\"><a style=\"color: #525252;\" href=\"\/en\/sikca-sorulan-sorular\/\" target=\"_self\">FAQs<\/a><\/span><\/p><p><span style=\"color: #525252;\"><a style=\"color: #525252;\" href=\"\/en\/beden-kilavuzu\/\" target=\"_self\">SIZE CHART<\/a><\/span><\/p><p><span style=\"color: #525252;\"><a style=\"color: #525252;\" href=\"\/en\/iade-politikasi\/\" target=\"_self\">SHIPPING &amp; RETURNS<\/a><\/span><\/p>\t\t\t\t\t\t\t\t<\/div>\n\t\t\t\t<\/div>\n\t\t\t\t<div class=\"elementor-element elementor-element-9bed4e6 elementor-widget elementor-widget-heading\" data-id=\"9bed4e6\" data-element_type=\"widget\" data-e-type=\"widget\" data-widget_type=\"heading.default\">\n\t\t\t\t<div class=\"elementor-widget-container\">\n\t\t\t\t\t<h2 class=\"elementor-heading-title elementor-size-default\">TERMS AND POLICIES<\/h2>\t\t\t\t<\/div>\n\t\t\t\t<\/div>\n\t\t\t\t<div class=\"elementor-element elementor-element-dd60338 elementor-widget elementor-widget-text-editor\" data-id=\"dd60338\" data-element_type=\"widget\" data-e-type=\"widget\" data-widget_type=\"text-editor.default\">\n\t\t\t\t<div class=\"elementor-widget-container\">\n\t\t\t\t\t\t\t\t\t<p><span style=\"color: #4a4a4a;\"><a style=\"color: #4a4a4a;\" href=\"\/en\/hukum-ve-kosullar\/\" target=\"_self\">TERMS AND CONDITIONS<\/a><\/span><\/p><p><span style=\"color: #4a4a4a;\"><a style=\"color: #4a4a4a;\" href=\"\/en\/cerez-ve-gizlilik\/\" target=\"_self\">PRIVACY POLICY<\/a><\/span><\/p><p><span style=\"color: #525252;\"><span style=\"color: #4a4a4a;\"><a style=\"color: #4a4a4a;\" href=\"\/en\/kvkk\/\" target=\"_self\">COOK\u0130E POL\u0130CY<\/a><\/span><\/span><\/p>\t\t\t\t\t\t\t\t<\/div>\n\t\t\t\t<\/div>\n\t\t\t\t<\/div>\n\t\t\t\t<\/div>\n\t\t\t\t<\/div>","protected":false},"excerpt":{"rendered":"<p>KARGO VE TESL\u0130MAT KARGO VE TESL\u0130MAT \u00a0 M\u00fc\u015fterilerimizin memnuniyetine \u00e7ok \u00f6nem veriyoruz ve teslimat sorunlar\u0131n\u0131n ortaya \u00e7\u0131kabilece\u011fini anl\u0131yoruz. \u00d6deme s\u0131ras\u0131nda sa\u011flanan g\u00f6nderim tarihlerinin tahmini oldu\u011funu ve de\u011fi\u015febilece\u011fini l\u00fctfen unutmay\u0131n. G\u00f6nderim s\u00fcreleri, sipari\u015finiz i\u015flendikten, \u00f6deme y\u00f6nteminiz onayland\u0131ktan ve sipari\u015finiz depomuzdan \u00e7\u0131kt\u0131ktan sonra belirlenecektir. Ger\u00e7ek teslimat tarihleri \u200b\u200bgaranti edilemez ve ta\u015f\u0131y\u0131c\u0131 veya teslimat \u015firketinden kaynaklanan gecikmeler, tedarik [&hellip;]<\/p>\n","protected":false},"author":1,"featured_media":0,"parent":0,"menu_order":0,"comment_status":"closed","ping_status":"closed","template":"template-canvas.php","meta":{"footnotes":""},"class_list":["post-1104","page","type-page","status-publish","hentry"],"_links":{"self":[{"href":"https:\/\/tapistr.com\/en\/wp-json\/wp\/v2\/pages\/1104","targetHints":{"allow":["GET"]}}],"collection":[{"href":"https:\/\/tapistr.com\/en\/wp-json\/wp\/v2\/pages"}],"about":[{"href":"https:\/\/tapistr.com\/en\/wp-json\/wp\/v2\/types\/page"}],"author":[{"embeddable":true,"href":"https:\/\/tapistr.com\/en\/wp-json\/wp\/v2\/users\/1"}],"replies":[{"embeddable":true,"href":"https:\/\/tapistr.com\/en\/wp-json\/wp\/v2\/comments?post=1104"}],"version-history":[{"count":10,"href":"https:\/\/tapistr.com\/en\/wp-json\/wp\/v2\/pages\/1104\/revisions"}],"predecessor-version":[{"id":10706,"href":"https:\/\/tapistr.com\/en\/wp-json\/wp\/v2\/pages\/1104\/revisions\/10706"}],"wp:attachment":[{"href":"https:\/\/tapistr.com\/en\/wp-json\/wp\/v2\/media?parent=1104"}],"curies":[{"name":"wp","href":"https:\/\/api.w.org\/{rel}","templated":true}]}}