{"id":1094,"date":"2024-03-30T17:33:04","date_gmt":"2024-03-30T14:33:04","guid":{"rendered":"https:\/\/tapistr.com\/?page_id=1094"},"modified":"2024-03-31T12:30:27","modified_gmt":"2024-03-31T09:30:27","slug":"urun-kalitesi","status":"publish","type":"page","link":"https:\/\/tapistr.com\/en\/urun-kalitesi\/","title":{"rendered":"Quality"},"content":{"rendered":"<div data-elementor-type=\"wp-page\" data-elementor-id=\"1094\" class=\"elementor elementor-1094\" data-elementor-post-type=\"page\">\n\t\t\t\t<div class=\"elementor-element elementor-element-4733c81 e-con-full e-flex e-con e-parent\" data-id=\"4733c81\" data-element_type=\"container\" data-e-type=\"container\" data-settings=\"{&quot;background_background&quot;:&quot;classic&quot;}\">\n\t\t\t\t<div class=\"elementor-element elementor-element-5c86bcf0 elementor-widget elementor-widget-heading\" data-id=\"5c86bcf0\" data-element_type=\"widget\" data-e-type=\"widget\" data-widget_type=\"heading.default\">\n\t\t\t\t<div class=\"elementor-widget-container\">\n\t\t\t\t\t<h2 class=\"elementor-heading-title elementor-size-default\">PRODUCT QUALITY<\/h2>\t\t\t\t<\/div>\n\t\t\t\t<\/div>\n\t\t\t\t<\/div>\n\t\t<div class=\"elementor-element elementor-element-4a5f755 e-con-full e-flex e-con e-parent\" data-id=\"4a5f755\" data-element_type=\"container\" data-e-type=\"container\">\n\t\t\t\t<div class=\"elementor-element elementor-element-25c77e72 elementor-widget elementor-widget-spacer\" data-id=\"25c77e72\" data-element_type=\"widget\" data-e-type=\"widget\" data-widget_type=\"spacer.default\">\n\t\t\t\t<div class=\"elementor-widget-container\">\n\t\t\t\t\t\t\t<div class=\"elementor-spacer\">\n\t\t\t<div class=\"elementor-spacer-inner\"><\/div>\n\t\t<\/div>\n\t\t\t\t\t\t<\/div>\n\t\t\t\t<\/div>\n\t\t\t\t<div class=\"elementor-element elementor-element-23538bd2 elementor-widget elementor-widget-heading\" data-id=\"23538bd2\" data-element_type=\"widget\" data-e-type=\"widget\" data-widget_type=\"heading.default\">\n\t\t\t\t<div class=\"elementor-widget-container\">\n\t\t\t\t\t<h2 class=\"elementor-heading-title elementor-size-default\">We are dedicated to providing excellent quality and craftsmanship. All fabrics used are 100% cotton, ensuring a strong, long-lasting garment. The addition of lycra gives the garments added flexibility and fullness.<\/h2>\t\t\t\t<\/div>\n\t\t\t\t<\/div>\n\t\t\t\t<div class=\"elementor-element elementor-element-15c6b97f elementor-hidden-mobile elementor-widget elementor-widget-spacer\" data-id=\"15c6b97f\" data-element_type=\"widget\" data-e-type=\"widget\" data-widget_type=\"spacer.default\">\n\t\t\t\t<div class=\"elementor-widget-container\">\n\t\t\t\t\t\t\t<div class=\"elementor-spacer\">\n\t\t\t<div class=\"elementor-spacer-inner\"><\/div>\n\t\t<\/div>\n\t\t\t\t\t\t<\/div>\n\t\t\t\t<\/div>\n\t\t\t\t<\/div>\n\t\t<div class=\"elementor-element elementor-element-180b9d33 e-flex e-con-boxed e-con e-parent\" data-id=\"180b9d33\" data-element_type=\"container\" data-e-type=\"container\">\n\t\t\t\t\t<div class=\"e-con-inner\">\n\t\t<div class=\"elementor-element elementor-element-5f27dcef e-con-full e-flex e-con e-child\" data-id=\"5f27dcef\" data-element_type=\"container\" data-e-type=\"container\">\n\t\t\t\t<div class=\"elementor-element elementor-element-2bf7de5b elementor-hidden-mobile elementor-widget elementor-widget-spacer\" data-id=\"2bf7de5b\" data-element_type=\"widget\" data-e-type=\"widget\" data-widget_type=\"spacer.default\">\n\t\t\t\t<div class=\"elementor-widget-container\">\n\t\t\t\t\t\t\t<div class=\"elementor-spacer\">\n\t\t\t<div class=\"elementor-spacer-inner\"><\/div>\n\t\t<\/div>\n\t\t\t\t\t\t<\/div>\n\t\t\t\t<\/div>\n\t\t\t\t<div class=\"elementor-element elementor-element-43fbf7d elementor-widget elementor-widget-spacer\" data-id=\"43fbf7d\" data-element_type=\"widget\" data-e-type=\"widget\" data-widget_type=\"spacer.default\">\n\t\t\t\t<div class=\"elementor-widget-container\">\n\t\t\t\t\t\t\t<div class=\"elementor-spacer\">\n\t\t\t<div class=\"elementor-spacer-inner\"><\/div>\n\t\t<\/div>\n\t\t\t\t\t\t<\/div>\n\t\t\t\t<\/div>\n\t\t\t\t<div class=\"elementor-element elementor-element-3eaf8850 elementor-widget elementor-widget-heading\" data-id=\"3eaf8850\" data-element_type=\"widget\" data-e-type=\"widget\" data-widget_type=\"heading.default\">\n\t\t\t\t<div class=\"elementor-widget-container\">\n\t\t\t\t\t<h2 class=\"elementor-heading-title elementor-size-default\">Handmade and Carefully Woven by Experienced Artisans<\/h2>\t\t\t\t<\/div>\n\t\t\t\t<\/div>\n\t\t\t\t<div class=\"elementor-element elementor-element-25a5e434 elementor-widget elementor-widget-text-editor\" data-id=\"25a5e434\" data-element_type=\"widget\" data-e-type=\"widget\" data-widget_type=\"text-editor.default\">\n\t\t\t\t<div class=\"elementor-widget-container\">\n\t\t\t\t\t\t\t\t\t<p>We take great pride in the craftsmanship and design of every piece, blending generations of traditional Turkish artisanship with modern technologies to create beautiful and lasting pieces.<\/p>\t\t\t\t\t\t\t\t<\/div>\n\t\t\t\t<\/div>\n\t\t\t\t<\/div>\n\t\t<div class=\"elementor-element elementor-element-7e77b3ce e-con-full e-flex e-con e-child\" data-id=\"7e77b3ce\" data-element_type=\"container\" data-e-type=\"container\">\n\t\t\t\t<div class=\"elementor-element elementor-element-6147ec64 elementor-widget elementor-widget-image\" data-id=\"6147ec64\" data-element_type=\"widget\" data-e-type=\"widget\" data-widget_type=\"image.default\">\n\t\t\t\t<div class=\"elementor-widget-container\">\n\t\t\t\t\t\t\t\t\t\t\t\t\t\t\t<img fetchpriority=\"high\" decoding=\"async\" width=\"2519\" height=\"2560\" src=\"https:\/\/tapistr.com\/wp-content\/uploads\/2024\/03\/DSCF1834-e1674250593522-scaled.jpg\" class=\"attachment-full size-full wp-image-209\" alt=\"\" srcset=\"https:\/\/tapistr.com\/wp-content\/uploads\/2024\/03\/DSCF1834-e1674250593522-scaled.jpg 2519w, https:\/\/tapistr.com\/wp-content\/uploads\/2024\/03\/DSCF1834-e1674250593522-scaled-150x152.jpg 150w, https:\/\/tapistr.com\/wp-content\/uploads\/2024\/03\/DSCF1834-e1674250593522-295x300.jpg 295w, https:\/\/tapistr.com\/wp-content\/uploads\/2024\/03\/DSCF1834-e1674250593522-scaled-768x781.jpg 768w, https:\/\/tapistr.com\/wp-content\/uploads\/2024\/03\/DSCF1834-e1674250593522-1008x1024.jpg 1008w, https:\/\/tapistr.com\/wp-content\/uploads\/2024\/03\/DSCF1834-e1674250593522-scaled-1511x1536.jpg 1511w, https:\/\/tapistr.com\/wp-content\/uploads\/2024\/03\/DSCF1834-e1674250593522-scaled-2015x2048.jpg 2015w, https:\/\/tapistr.com\/wp-content\/uploads\/2024\/03\/DSCF1834-e1674250593522-scaled-12x12.jpg 12w, https:\/\/tapistr.com\/wp-content\/uploads\/2024\/03\/DSCF1834-e1674250593522-scaled-990x1006.jpg 990w, https:\/\/tapistr.com\/wp-content\/uploads\/2024\/03\/DSCF1834-e1674250593522-scaled-441x448.jpg 441w, https:\/\/tapistr.com\/wp-content\/uploads\/2024\/03\/DSCF1834-e1674250593522-scaled-420x427.jpg 420w, https:\/\/tapistr.com\/wp-content\/uploads\/2024\/03\/DSCF1834-e1674250593522-scaled-800x813.jpg 800w\" sizes=\"(max-width: 2519px) 100vw, 2519px\" \/>\t\t\t\t\t\t\t\t\t\t\t\t\t\t\t<\/div>\n\t\t\t\t<\/div>\n\t\t\t\t<\/div>\n\t\t\t\t\t<\/div>\n\t\t\t\t<\/div>\n\t\t<div class=\"elementor-element elementor-element-453d7b18 e-flex e-con-boxed e-con e-parent\" data-id=\"453d7b18\" data-element_type=\"container\" data-e-type=\"container\">\n\t\t\t\t\t<div class=\"e-con-inner\">\n\t\t\t\t<div class=\"elementor-element elementor-element-1c91972b elementor-widget elementor-widget-spacer\" data-id=\"1c91972b\" data-element_type=\"widget\" data-e-type=\"widget\" data-widget_type=\"spacer.default\">\n\t\t\t\t<div class=\"elementor-widget-container\">\n\t\t\t\t\t\t\t<div class=\"elementor-spacer\">\n\t\t\t<div class=\"elementor-spacer-inner\"><\/div>\n\t\t<\/div>\n\t\t\t\t\t\t<\/div>\n\t\t\t\t<\/div>\n\t\t\t\t\t<\/div>\n\t\t\t\t<\/div>\n\t\t<div class=\"elementor-element elementor-element-657c1554 e-con-full e-flex e-con e-parent\" data-id=\"657c1554\" data-element_type=\"container\" data-e-type=\"container\">\n\t\t\t\t<div class=\"elementor-element elementor-element-45e704a9 elementor-widget elementor-widget-text-editor\" data-id=\"45e704a9\" data-element_type=\"widget\" data-e-type=\"widget\" data-widget_type=\"text-editor.default\">\n\t\t\t\t<div class=\"elementor-widget-container\">\n\t\t\t\t\t\t\t\t\t<p>Our products undergo an extensive quality assurance process to guarantee that they are free from dangerous chemicals, environmentally friendly, sturdy, functional, excellent fit and color and stand the test of time.<\/p>\t\t\t\t\t\t\t\t<\/div>\n\t\t\t\t<\/div>\n\t\t\t\t<div class=\"elementor-element elementor-element-4e599bef elementor-widget elementor-widget-spacer\" data-id=\"4e599bef\" data-element_type=\"widget\" data-e-type=\"widget\" data-widget_type=\"spacer.default\">\n\t\t\t\t<div class=\"elementor-widget-container\">\n\t\t\t\t\t\t\t<div class=\"elementor-spacer\">\n\t\t\t<div class=\"elementor-spacer-inner\"><\/div>\n\t\t<\/div>\n\t\t\t\t\t\t<\/div>\n\t\t\t\t<\/div>\n\t\t\t\t<\/div>\n\t\t<div class=\"elementor-element elementor-element-33acb076 e-con-full e-flex e-con e-parent\" data-id=\"33acb076\" data-element_type=\"container\" data-e-type=\"container\" data-settings=\"{&quot;background_background&quot;:&quot;classic&quot;}\">\n\t\t\t\t<\/div>\n\t\t<div class=\"elementor-element elementor-element-1f63ee0 e-flex e-con-boxed e-con e-parent\" data-id=\"1f63ee0\" data-element_type=\"container\" data-e-type=\"container\">\n\t\t\t\t\t<div class=\"e-con-inner\">\n\t\t\t\t<div class=\"elementor-element elementor-element-7efca0fa elementor-widget elementor-widget-spacer\" data-id=\"7efca0fa\" data-element_type=\"widget\" data-e-type=\"widget\" data-widget_type=\"spacer.default\">\n\t\t\t\t<div class=\"elementor-widget-container\">\n\t\t\t\t\t\t\t<div class=\"elementor-spacer\">\n\t\t\t<div class=\"elementor-spacer-inner\"><\/div>\n\t\t<\/div>\n\t\t\t\t\t\t<\/div>\n\t\t\t\t<\/div>\n\t\t\t\t\t<\/div>\n\t\t\t\t<\/div>\n\t\t<div class=\"elementor-element elementor-element-1de9c3fd e-flex e-con-boxed e-con e-parent\" data-id=\"1de9c3fd\" data-element_type=\"container\" data-e-type=\"container\">\n\t\t\t\t\t<div class=\"e-con-inner\">\n\t\t<div class=\"elementor-element elementor-element-67e68e18 e-con-full e-flex e-con e-child\" data-id=\"67e68e18\" data-element_type=\"container\" data-e-type=\"container\">\n\t\t\t\t<div class=\"elementor-element elementor-element-775f9c85 elementor-widget elementor-widget-image\" data-id=\"775f9c85\" data-element_type=\"widget\" data-e-type=\"widget\" data-widget_type=\"image.default\">\n\t\t\t\t<div class=\"elementor-widget-container\">\n\t\t\t\t\t\t\t\t\t\t\t\t\t\t\t<img decoding=\"async\" width=\"571\" height=\"667\" src=\"https:\/\/tapistr.com\/wp-content\/uploads\/2024\/03\/natural-dyes.png\" class=\"attachment-full size-full wp-image-211\" alt=\"\" srcset=\"https:\/\/tapistr.com\/wp-content\/uploads\/2024\/03\/natural-dyes.png 571w, https:\/\/tapistr.com\/wp-content\/uploads\/2024\/03\/natural-dyes-150x175.png 150w, https:\/\/tapistr.com\/wp-content\/uploads\/2024\/03\/natural-dyes-257x300.png 257w, https:\/\/tapistr.com\/wp-content\/uploads\/2024\/03\/natural-dyes-10x12.png 10w, https:\/\/tapistr.com\/wp-content\/uploads\/2024\/03\/natural-dyes-441x515.png 441w, https:\/\/tapistr.com\/wp-content\/uploads\/2024\/03\/natural-dyes-420x491.png 420w\" sizes=\"(max-width: 571px) 100vw, 571px\" \/>\t\t\t\t\t\t\t\t\t\t\t\t\t\t\t<\/div>\n\t\t\t\t<\/div>\n\t\t\t\t<\/div>\n\t\t<div class=\"elementor-element elementor-element-2c9eb5fc e-con-full e-flex e-con e-child\" data-id=\"2c9eb5fc\" data-element_type=\"container\" data-e-type=\"container\">\n\t\t\t\t<div class=\"elementor-element elementor-element-a0f6881 elementor-widget elementor-widget-spacer\" data-id=\"a0f6881\" data-element_type=\"widget\" data-e-type=\"widget\" data-widget_type=\"spacer.default\">\n\t\t\t\t<div class=\"elementor-widget-container\">\n\t\t\t\t\t\t\t<div class=\"elementor-spacer\">\n\t\t\t<div class=\"elementor-spacer-inner\"><\/div>\n\t\t<\/div>\n\t\t\t\t\t\t<\/div>\n\t\t\t\t<\/div>\n\t\t\t\t<div class=\"elementor-element elementor-element-72625cdd elementor-widget elementor-widget-spacer\" data-id=\"72625cdd\" data-element_type=\"widget\" data-e-type=\"widget\" data-widget_type=\"spacer.default\">\n\t\t\t\t<div class=\"elementor-widget-container\">\n\t\t\t\t\t\t\t<div class=\"elementor-spacer\">\n\t\t\t<div class=\"elementor-spacer-inner\"><\/div>\n\t\t<\/div>\n\t\t\t\t\t\t<\/div>\n\t\t\t\t<\/div>\n\t\t\t\t<div class=\"elementor-element elementor-element-56f78192 elementor-widget elementor-widget-heading\" data-id=\"56f78192\" data-element_type=\"widget\" data-e-type=\"widget\" data-widget_type=\"heading.default\">\n\t\t\t\t<div class=\"elementor-widget-container\">\n\t\t\t\t\t<h2 class=\"elementor-heading-title elementor-size-default\">Natural Dyes<\/h2>\t\t\t\t<\/div>\n\t\t\t\t<\/div>\n\t\t\t\t<div class=\"elementor-element elementor-element-1f4568d3 elementor-widget elementor-widget-text-editor\" data-id=\"1f4568d3\" data-element_type=\"widget\" data-e-type=\"widget\" data-widget_type=\"text-editor.default\">\n\t\t\t\t<div class=\"elementor-widget-container\">\n\t\t\t\t\t\t\t\t\t<p>The yarns are obtained with only vegetable dyes that provide vibrant colors without damaging the environment.<\/p><p>These vegetable dyes are sourced from natural ingredients such as tomato and cherry or lemon peels, boiled in high-temperature water for a long period of time.<\/p>\t\t\t\t\t\t\t\t<\/div>\n\t\t\t\t<\/div>\n\t\t\t\t<\/div>\n\t\t\t\t\t<\/div>\n\t\t\t\t<\/div>\n\t\t\t\t<section class=\"elementor-section elementor-top-section elementor-element elementor-element-5b984e51 elementor-section-full_width elementor-section-height-default elementor-section-height-default\" data-id=\"5b984e51\" data-element_type=\"section\" data-e-type=\"section\" data-settings=\"{&quot;background_background&quot;:&quot;classic&quot;}\">\n\t\t\t\t\t\t<div class=\"elementor-container elementor-column-gap-default\">\n\t\t\t\t\t<div class=\"elementor-column elementor-col-100 elementor-top-column elementor-element elementor-element-25f67e6d\" data-id=\"25f67e6d\" data-element_type=\"column\" data-e-type=\"column\">\n\t\t\t<div class=\"elementor-widget-wrap elementor-element-populated\">\n\t\t\t\t\t\t<div class=\"elementor-element elementor-element-18229da elementor-widget-divider--view-line elementor-widget elementor-widget-divider\" data-id=\"18229da\" data-element_type=\"widget\" data-e-type=\"widget\" data-widget_type=\"divider.default\">\n\t\t\t\t<div class=\"elementor-widget-container\">\n\t\t\t\t\t\t\t<div class=\"elementor-divider\">\n\t\t\t<span class=\"elementor-divider-separator\">\n\t\t\t\t\t\t<\/span>\n\t\t<\/div>\n\t\t\t\t\t\t<\/div>\n\t\t\t\t<\/div>\n\t\t\t\t\t<\/div>\n\t\t<\/div>\n\t\t\t\t\t<\/div>\n\t\t<\/section>\n\t\t<div class=\"elementor-element elementor-element-3313561e e-con-full e-flex e-con e-parent\" data-id=\"3313561e\" data-element_type=\"container\" data-e-type=\"container\">\n\t\t\t\t<div class=\"elementor-element elementor-element-41520dcf elementor-widget elementor-widget-heading\" data-id=\"41520dcf\" data-element_type=\"widget\" data-e-type=\"widget\" data-widget_type=\"heading.default\">\n\t\t\t\t<div class=\"elementor-widget-container\">\n\t\t\t\t\t<h2 class=\"elementor-heading-title elementor-size-default\">Discover Our Values<\/h2>\t\t\t\t<\/div>\n\t\t\t\t<\/div>\n\t\t\t\t<\/div>\n\t\t<div class=\"elementor-element elementor-element-192ccdf2 e-con-full e-flex e-con e-parent\" data-id=\"192ccdf2\" data-element_type=\"container\" data-e-type=\"container\">\n\t\t<div class=\"elementor-element elementor-element-4f52254f e-con-full e-flex e-con e-child\" data-id=\"4f52254f\" data-element_type=\"container\" data-e-type=\"container\">\n\t\t<div class=\"elementor-element elementor-element-4900bbac e-con-full e-flex e-con e-child\" data-id=\"4900bbac\" data-element_type=\"container\" data-e-type=\"container\">\n\t\t\t\t<div class=\"elementor-element elementor-element-5b52d7bc elementor-widget elementor-widget-image\" data-id=\"5b52d7bc\" data-element_type=\"widget\" data-e-type=\"widget\" data-widget_type=\"image.default\">\n\t\t\t\t<div class=\"elementor-widget-container\">\n\t\t\t\t\t\t\t\t\t\t\t\t\t\t\t\t<a href=\"\/en\/sustainability\/\">\n\t\t\t\t\t\t\t<img decoding=\"async\" width=\"570\" height=\"356\" src=\"https:\/\/tapistr.com\/wp-content\/uploads\/2024\/03\/sustainability.png\" class=\"attachment-full size-full wp-image-212\" alt=\"\" srcset=\"https:\/\/tapistr.com\/wp-content\/uploads\/2024\/03\/sustainability.png 570w, https:\/\/tapistr.com\/wp-content\/uploads\/2024\/03\/sustainability-150x94.png 150w, https:\/\/tapistr.com\/wp-content\/uploads\/2024\/03\/sustainability-300x187.png 300w, https:\/\/tapistr.com\/wp-content\/uploads\/2024\/03\/sustainability-18x12.png 18w, https:\/\/tapistr.com\/wp-content\/uploads\/2024\/03\/sustainability-441x275.png 441w, https:\/\/tapistr.com\/wp-content\/uploads\/2024\/03\/sustainability-420x262.png 420w\" sizes=\"(max-width: 570px) 100vw, 570px\" \/>\t\t\t\t\t\t\t\t<\/a>\n\t\t\t\t\t\t\t\t\t\t\t\t\t\t\t<\/div>\n\t\t\t\t<\/div>\n\t\t\t\t<div class=\"elementor-element elementor-element-5b4d704a elementor-widget elementor-widget-heading\" data-id=\"5b4d704a\" data-element_type=\"widget\" data-e-type=\"widget\" data-widget_type=\"heading.default\">\n\t\t\t\t<div class=\"elementor-widget-container\">\n\t\t\t\t\t<h2 class=\"elementor-heading-title elementor-size-default\">Sustainability<\/h2>\t\t\t\t<\/div>\n\t\t\t\t<\/div>\n\t\t\t\t<div class=\"elementor-element elementor-element-3cc3e732 elementor-widget elementor-widget-text-editor\" data-id=\"3cc3e732\" data-element_type=\"widget\" data-e-type=\"widget\" data-widget_type=\"text-editor.default\">\n\t\t\t\t<div class=\"elementor-widget-container\">\n\t\t\t\t\t\t\t\t\t<p>We are dedicated to creating clothing and accessories that positively impact our planet and society. Our pieces use the best quality materials, responsibly sourced from suppliers who share our commitment to sustainability.<\/p>\t\t\t\t\t\t\t\t<\/div>\n\t\t\t\t<\/div>\n\t\t\t\t<div class=\"elementor-element elementor-element-5aa5065 elementor-widget elementor-widget-button\" data-id=\"5aa5065\" data-element_type=\"widget\" data-e-type=\"widget\" data-widget_type=\"button.default\">\n\t\t\t\t<div class=\"elementor-widget-container\">\n\t\t\t\t\t\t\t\t\t<div class=\"elementor-button-wrapper\">\n\t\t\t\t\t<a class=\"elementor-button elementor-button-link elementor-size-sm\" href=\"\/en\/surdurulebilirlik\/\">\n\t\t\t\t\t\t<span class=\"elementor-button-content-wrapper\">\n\t\t\t\t\t\t\t\t\t<span class=\"elementor-button-text\">Learn More<\/span>\n\t\t\t\t\t<\/span>\n\t\t\t\t\t<\/a>\n\t\t\t\t<\/div>\n\t\t\t\t\t\t\t\t<\/div>\n\t\t\t\t<\/div>\n\t\t\t\t<\/div>\n\t\t<div class=\"elementor-element elementor-element-14b4f6de e-con-full e-flex e-con e-child\" data-id=\"14b4f6de\" data-element_type=\"container\" data-e-type=\"container\">\n\t\t\t\t<div class=\"elementor-element elementor-element-511645c2 elementor-widget elementor-widget-image\" data-id=\"511645c2\" data-element_type=\"widget\" data-e-type=\"widget\" data-widget_type=\"image.default\">\n\t\t\t\t<div class=\"elementor-widget-container\">\n\t\t\t\t\t\t\t\t\t\t\t\t\t\t\t\t<a href=\"\/en\/product-quality\/\">\n\t\t\t\t\t\t\t<img loading=\"lazy\" decoding=\"async\" width=\"570\" height=\"356\" src=\"https:\/\/tapistr.com\/wp-content\/uploads\/2024\/03\/Product-Quality-1.png\" class=\"attachment-full size-full wp-image-213\" alt=\"\" srcset=\"https:\/\/tapistr.com\/wp-content\/uploads\/2024\/03\/Product-Quality-1.png 570w, https:\/\/tapistr.com\/wp-content\/uploads\/2024\/03\/Product-Quality-1-150x94.png 150w, https:\/\/tapistr.com\/wp-content\/uploads\/2024\/03\/Product-Quality-1-300x187.png 300w, https:\/\/tapistr.com\/wp-content\/uploads\/2024\/03\/Product-Quality-1-18x12.png 18w, https:\/\/tapistr.com\/wp-content\/uploads\/2024\/03\/Product-Quality-1-441x275.png 441w, https:\/\/tapistr.com\/wp-content\/uploads\/2024\/03\/Product-Quality-1-420x262.png 420w\" sizes=\"(max-width: 570px) 100vw, 570px\" \/>\t\t\t\t\t\t\t\t<\/a>\n\t\t\t\t\t\t\t\t\t\t\t\t\t\t\t<\/div>\n\t\t\t\t<\/div>\n\t\t\t\t<div class=\"elementor-element elementor-element-4e2328fb elementor-widget elementor-widget-heading\" data-id=\"4e2328fb\" data-element_type=\"widget\" data-e-type=\"widget\" data-widget_type=\"heading.default\">\n\t\t\t\t<div class=\"elementor-widget-container\">\n\t\t\t\t\t<h2 class=\"elementor-heading-title elementor-size-default\">Empowering Women<\/h2>\t\t\t\t<\/div>\n\t\t\t\t<\/div>\n\t\t\t\t<div class=\"elementor-element elementor-element-467b1ac6 elementor-widget elementor-widget-text-editor\" data-id=\"467b1ac6\" data-element_type=\"widget\" data-e-type=\"widget\" data-widget_type=\"text-editor.default\">\n\t\t\t\t<div class=\"elementor-widget-container\">\n\t\t\t\t\t\t\t\t\t<p>Our products are designed with passion and purKad\u0131nlar\u0131 g\u00fc\u00e7lendirmeye ve \u015firketimizde \u00e7e\u015fitlili\u011fi te\u015fvik etmeye kararl\u0131y\u0131z. \u0130nsan Kaynaklar\u0131 s\u00fcre\u00e7lerimiz, herkes i\u00e7in e\u015fit f\u0131rsatlar sa\u011flayacak \u015fekilde tasarland\u0131.pose, bringing high-quality craftsmanship from generations of traditional Turkish artisans into every piece we make.<\/p>\t\t\t\t\t\t\t\t<\/div>\n\t\t\t\t<\/div>\n\t\t\t\t<div class=\"elementor-element elementor-element-e8ea368 elementor-widget elementor-widget-button\" data-id=\"e8ea368\" data-element_type=\"widget\" data-e-type=\"widget\" data-widget_type=\"button.default\">\n\t\t\t\t<div class=\"elementor-widget-container\">\n\t\t\t\t\t\t\t\t\t<div class=\"elementor-button-wrapper\">\n\t\t\t\t\t<a class=\"elementor-button elementor-button-link elementor-size-sm\" href=\"\/en\/urun-kalitesi\/\">\n\t\t\t\t\t\t<span class=\"elementor-button-content-wrapper\">\n\t\t\t\t\t\t\t\t\t<span class=\"elementor-button-text\">Learn More<\/span>\n\t\t\t\t\t<\/span>\n\t\t\t\t\t<\/a>\n\t\t\t\t<\/div>\n\t\t\t\t\t\t\t\t<\/div>\n\t\t\t\t<\/div>\n\t\t\t\t<\/div>\n\t\t\t\t<\/div>\n\t\t\t\t<\/div>\n\t\t\t\t<\/div>","protected":false},"excerpt":{"rendered":"<p>\u00dcR\u00dcN KAL\u0130TES\u0130 TAPIS\u2019te m\u00fckemmel kalite ve i\u015f\u00e7ili\u011fe \u00f6nem veriyoruz. \u00dcr\u00fcnlerimizde kullan\u0131lan kuma\u015flar %100 pamuktan \u00fcretilmi\u015f olup, daha esnek ve tok bir g\u00f6r\u00fcn\u00fcm almas\u0131 i\u00e7in likra ad\u0131 verilen bir malzeme kullan\u0131lm\u0131\u015ft\u0131r. Zanaatkarlar Taraf\u0131ndan \u00d6zenle Dokunan El Yap\u0131m\u0131 Par\u00e7alar Her bir TAPIS par\u00e7as\u0131n\u0131n i\u015f\u00e7ili\u011fi ve tasar\u0131m\u0131yla gurur duyuyoruz. G\u00fczel ve kal\u0131c\u0131 par\u00e7alar yaratmak i\u00e7in, nesillerdir s\u00fcregelen geleneksel [&hellip;]<\/p>\n","protected":false},"author":1,"featured_media":0,"parent":0,"menu_order":0,"comment_status":"closed","ping_status":"closed","template":"template-canvas.php","meta":{"footnotes":""},"class_list":["post-1094","page","type-page","status-publish","hentry"],"_links":{"self":[{"href":"https:\/\/tapistr.com\/en\/wp-json\/wp\/v2\/pages\/1094","targetHints":{"allow":["GET"]}}],"collection":[{"href":"https:\/\/tapistr.com\/en\/wp-json\/wp\/v2\/pages"}],"about":[{"href":"https:\/\/tapistr.com\/en\/wp-json\/wp\/v2\/types\/page"}],"author":[{"embeddable":true,"href":"https:\/\/tapistr.com\/en\/wp-json\/wp\/v2\/users\/1"}],"replies":[{"embeddable":true,"href":"https:\/\/tapistr.com\/en\/wp-json\/wp\/v2\/comments?post=1094"}],"version-history":[{"count":4,"href":"https:\/\/tapistr.com\/en\/wp-json\/wp\/v2\/pages\/1094\/revisions"}],"predecessor-version":[{"id":1258,"href":"https:\/\/tapistr.com\/en\/wp-json\/wp\/v2\/pages\/1094\/revisions\/1258"}],"wp:attachment":[{"href":"https:\/\/tapistr.com\/en\/wp-json\/wp\/v2\/media?parent=1094"}],"curies":[{"name":"wp","href":"https:\/\/api.w.org\/{rel}","templated":true}]}}