{"id":1092,"date":"2024-03-30T17:32:18","date_gmt":"2024-03-30T14:32:18","guid":{"rendered":"https:\/\/tapistr.com\/?page_id=1092"},"modified":"2024-03-31T12:30:35","modified_gmt":"2024-03-31T09:30:35","slug":"kadina-destek","status":"publish","type":"page","link":"https:\/\/tapistr.com\/en\/kadina-destek\/","title":{"rendered":"Empowering Women"},"content":{"rendered":"<div data-elementor-type=\"wp-page\" data-elementor-id=\"1092\" class=\"elementor elementor-1092\" data-elementor-post-type=\"page\">\n\t\t\t\t<div class=\"elementor-element elementor-element-887bc13 e-con-full e-flex e-con e-parent\" data-id=\"887bc13\" data-element_type=\"container\" data-e-type=\"container\" data-settings=\"{&quot;background_background&quot;:&quot;classic&quot;}\">\n\t\t\t\t<div class=\"elementor-element elementor-element-2b26d26b elementor-widget elementor-widget-heading\" data-id=\"2b26d26b\" data-element_type=\"widget\" data-e-type=\"widget\" data-widget_type=\"heading.default\">\n\t\t\t\t<div class=\"elementor-widget-container\">\n\t\t\t\t\t<h2 class=\"elementor-heading-title elementor-size-default\">EMPOWERING WOMEN<\/h2>\t\t\t\t<\/div>\n\t\t\t\t<\/div>\n\t\t\t\t<\/div>\n\t\t<div class=\"elementor-element elementor-element-3661f16c e-con-full e-flex e-con e-parent\" data-id=\"3661f16c\" data-element_type=\"container\" data-e-type=\"container\">\n\t\t\t\t<div class=\"elementor-element elementor-element-67595fd8 elementor-widget elementor-widget-spacer\" data-id=\"67595fd8\" data-element_type=\"widget\" data-e-type=\"widget\" data-widget_type=\"spacer.default\">\n\t\t\t\t<div class=\"elementor-widget-container\">\n\t\t\t\t\t\t\t<div class=\"elementor-spacer\">\n\t\t\t<div class=\"elementor-spacer-inner\"><\/div>\n\t\t<\/div>\n\t\t\t\t\t\t<\/div>\n\t\t\t\t<\/div>\n\t\t\t\t<div class=\"elementor-element elementor-element-5a91672c elementor-widget elementor-widget-heading\" data-id=\"5a91672c\" data-element_type=\"widget\" data-e-type=\"widget\" data-widget_type=\"heading.default\">\n\t\t\t\t<div class=\"elementor-widget-container\">\n\t\t\t\t\t<h2 class=\"elementor-heading-title elementor-size-default\">At TAPIS, we are committed to empowering women and promoting diversity within our company. Our HR processes are designed to provide equal opportunities for everyone.<\/h2>\t\t\t\t<\/div>\n\t\t\t\t<\/div>\n\t\t\t\t<div class=\"elementor-element elementor-element-5b8b7a27 elementor-widget elementor-widget-text-editor\" data-id=\"5b8b7a27\" data-element_type=\"widget\" data-e-type=\"widget\" data-widget_type=\"text-editor.default\">\n\t\t\t\t<div class=\"elementor-widget-container\">\n\t\t\t\t\t\t\t\t\t<p>We understand that an inclusive work environment is critical for business success, and that is why our production team consists mostly of women, with whom we are proud to collaborate and empower. We believe that the strength and capability of these talented individuals have enabled us to create a successful brand that reflects both their abilities and the spirit of female empowerment.<\/p>\t\t\t\t\t\t\t\t<\/div>\n\t\t\t\t<\/div>\n\t\t\t\t<\/div>\n\t\t<div class=\"elementor-element elementor-element-4c7fced1 e-flex e-con-boxed e-con e-parent\" data-id=\"4c7fced1\" data-element_type=\"container\" data-e-type=\"container\">\n\t\t\t\t\t<div class=\"e-con-inner\">\n\t\t<div class=\"elementor-element elementor-element-24159c60 e-con-full e-flex e-con e-child\" data-id=\"24159c60\" data-element_type=\"container\" data-e-type=\"container\">\n\t\t\t\t<div class=\"elementor-element elementor-element-e2f2b74 elementor-hidden-mobile elementor-widget elementor-widget-spacer\" data-id=\"e2f2b74\" data-element_type=\"widget\" data-e-type=\"widget\" data-widget_type=\"spacer.default\">\n\t\t\t\t<div class=\"elementor-widget-container\">\n\t\t\t\t\t\t\t<div class=\"elementor-spacer\">\n\t\t\t<div class=\"elementor-spacer-inner\"><\/div>\n\t\t<\/div>\n\t\t\t\t\t\t<\/div>\n\t\t\t\t<\/div>\n\t\t\t\t<div class=\"elementor-element elementor-element-4871372 elementor-widget elementor-widget-heading\" data-id=\"4871372\" data-element_type=\"widget\" data-e-type=\"widget\" data-widget_type=\"heading.default\">\n\t\t\t\t<div class=\"elementor-widget-container\">\n\t\t\t\t\t<h2 class=\"elementor-heading-title elementor-size-default\">Committed to an Equitable, Diverse Workforce<\/h2>\t\t\t\t<\/div>\n\t\t\t\t<\/div>\n\t\t\t\t<div class=\"elementor-element elementor-element-7656320b elementor-widget elementor-widget-text-editor\" data-id=\"7656320b\" data-element_type=\"widget\" data-e-type=\"widget\" data-widget_type=\"text-editor.default\">\n\t\t\t\t<div class=\"elementor-widget-container\">\n\t\t\t\t\t\t\t\t\t<p>We are committed to creating an equitable and diverse workforce where everyone has a voice and can make meaningful contributions.<\/p>\t\t\t\t\t\t\t\t<\/div>\n\t\t\t\t<\/div>\n\t\t\t\t<\/div>\n\t\t<div class=\"elementor-element elementor-element-579e3f1e e-con-full e-flex e-con e-child\" data-id=\"579e3f1e\" data-element_type=\"container\" data-e-type=\"container\">\n\t\t\t\t<div class=\"elementor-element elementor-element-7f392adc elementor-widget elementor-widget-image\" data-id=\"7f392adc\" data-element_type=\"widget\" data-e-type=\"widget\" data-widget_type=\"image.default\">\n\t\t\t\t<div class=\"elementor-widget-container\">\n\t\t\t\t\t\t\t\t\t\t\t\t\t\t\t<img fetchpriority=\"high\" decoding=\"async\" width=\"571\" height=\"559\" src=\"https:\/\/tapistr.com\/wp-content\/uploads\/2024\/03\/workforce.png\" class=\"attachment-full size-full wp-image-218\" alt=\"\" srcset=\"https:\/\/tapistr.com\/wp-content\/uploads\/2024\/03\/workforce.png 571w, https:\/\/tapistr.com\/wp-content\/uploads\/2024\/03\/workforce-150x147.png 150w, https:\/\/tapistr.com\/wp-content\/uploads\/2024\/03\/workforce-300x294.png 300w, https:\/\/tapistr.com\/wp-content\/uploads\/2024\/03\/workforce-12x12.png 12w, https:\/\/tapistr.com\/wp-content\/uploads\/2024\/03\/workforce-441x432.png 441w, https:\/\/tapistr.com\/wp-content\/uploads\/2024\/03\/workforce-420x411.png 420w\" sizes=\"(max-width: 571px) 100vw, 571px\" \/>\t\t\t\t\t\t\t\t\t\t\t\t\t\t\t<\/div>\n\t\t\t\t<\/div>\n\t\t\t\t<\/div>\n\t\t\t\t\t<\/div>\n\t\t\t\t<\/div>\n\t\t<div class=\"elementor-element elementor-element-7f6dca6f e-flex e-con-boxed e-con e-parent\" data-id=\"7f6dca6f\" data-element_type=\"container\" data-e-type=\"container\">\n\t\t\t\t\t<div class=\"e-con-inner\">\n\t\t\t\t<div class=\"elementor-element elementor-element-24a6a473 elementor-hidden-mobile elementor-widget elementor-widget-spacer\" data-id=\"24a6a473\" data-element_type=\"widget\" data-e-type=\"widget\" data-widget_type=\"spacer.default\">\n\t\t\t\t<div class=\"elementor-widget-container\">\n\t\t\t\t\t\t\t<div class=\"elementor-spacer\">\n\t\t\t<div class=\"elementor-spacer-inner\"><\/div>\n\t\t<\/div>\n\t\t\t\t\t\t<\/div>\n\t\t\t\t<\/div>\n\t\t\t\t\t<\/div>\n\t\t\t\t<\/div>\n\t\t<div class=\"elementor-element elementor-element-4bde72d9 e-con-full e-flex e-con e-parent\" data-id=\"4bde72d9\" data-element_type=\"container\" data-e-type=\"container\">\n\t\t\t\t<div class=\"elementor-element elementor-element-55581866 elementor-widget elementor-widget-text-editor\" data-id=\"55581866\" data-element_type=\"widget\" data-e-type=\"widget\" data-widget_type=\"text-editor.default\">\n\t\t\t\t<div class=\"elementor-widget-container\">\n\t\t\t\t\t\t\t\t\t<p>We take proactive steps to ensure gender equality in all aspects of the business. This includes; having strong anti-discrimination policies and practices in place to eliminate any form of bias or prejudice against gender or race.<\/p>\t\t\t\t\t\t\t\t<\/div>\n\t\t\t\t<\/div>\n\t\t\t\t<div class=\"elementor-element elementor-element-46ed1c5d elementor-hidden-mobile elementor-widget elementor-widget-spacer\" data-id=\"46ed1c5d\" data-element_type=\"widget\" data-e-type=\"widget\" data-widget_type=\"spacer.default\">\n\t\t\t\t<div class=\"elementor-widget-container\">\n\t\t\t\t\t\t\t<div class=\"elementor-spacer\">\n\t\t\t<div class=\"elementor-spacer-inner\"><\/div>\n\t\t<\/div>\n\t\t\t\t\t\t<\/div>\n\t\t\t\t<\/div>\n\t\t\t\t<\/div>\n\t\t<div class=\"elementor-element elementor-element-1082c15a e-con-full e-flex e-con e-parent\" data-id=\"1082c15a\" data-element_type=\"container\" data-e-type=\"container\">\n\t\t<div class=\"elementor-element elementor-element-6011e328 e-con-full e-flex e-con e-child\" data-id=\"6011e328\" data-element_type=\"container\" data-e-type=\"container\">\n\t\t\t\t<div class=\"elementor-element elementor-element-7d73d879 elementor-widget elementor-widget-image\" data-id=\"7d73d879\" data-element_type=\"widget\" data-e-type=\"widget\" data-widget_type=\"image.default\">\n\t\t\t\t<div class=\"elementor-widget-container\">\n\t\t\t\t\t\t\t\t\t\t\t\t\t\t\t<img decoding=\"async\" width=\"571\" height=\"667\" src=\"https:\/\/tapistr.com\/wp-content\/uploads\/2024\/03\/inclusive-culture.png\" class=\"attachment-full size-full wp-image-219\" alt=\"\" srcset=\"https:\/\/tapistr.com\/wp-content\/uploads\/2024\/03\/inclusive-culture.png 571w, https:\/\/tapistr.com\/wp-content\/uploads\/2024\/03\/inclusive-culture-150x175.png 150w, https:\/\/tapistr.com\/wp-content\/uploads\/2024\/03\/inclusive-culture-257x300.png 257w, https:\/\/tapistr.com\/wp-content\/uploads\/2024\/03\/inclusive-culture-10x12.png 10w, https:\/\/tapistr.com\/wp-content\/uploads\/2024\/03\/inclusive-culture-441x515.png 441w, https:\/\/tapistr.com\/wp-content\/uploads\/2024\/03\/inclusive-culture-420x491.png 420w\" sizes=\"(max-width: 571px) 100vw, 571px\" \/>\t\t\t\t\t\t\t\t\t\t\t\t\t\t\t<\/div>\n\t\t\t\t<\/div>\n\t\t\t\t<\/div>\n\t\t<div class=\"elementor-element elementor-element-7ca5d55c e-con-full e-flex e-con e-child\" data-id=\"7ca5d55c\" data-element_type=\"container\" data-e-type=\"container\">\n\t\t\t\t<div class=\"elementor-element elementor-element-70846881 elementor-hidden-tablet elementor-hidden-mobile elementor-widget elementor-widget-spacer\" data-id=\"70846881\" data-element_type=\"widget\" data-e-type=\"widget\" data-widget_type=\"spacer.default\">\n\t\t\t\t<div class=\"elementor-widget-container\">\n\t\t\t\t\t\t\t<div class=\"elementor-spacer\">\n\t\t\t<div class=\"elementor-spacer-inner\"><\/div>\n\t\t<\/div>\n\t\t\t\t\t\t<\/div>\n\t\t\t\t<\/div>\n\t\t\t\t<div class=\"elementor-element elementor-element-525a7e8a elementor-widget elementor-widget-heading\" data-id=\"525a7e8a\" data-element_type=\"widget\" data-e-type=\"widget\" data-widget_type=\"heading.default\">\n\t\t\t\t<div class=\"elementor-widget-container\">\n\t\t\t\t\t<h2 class=\"elementor-heading-title elementor-size-default\">Our goal is to create an inclusive culture so that every employee feels safe and valued at TAPIS.<\/h2>\t\t\t\t<\/div>\n\t\t\t\t<\/div>\n\t\t\t\t<\/div>\n\t\t\t\t<\/div>\n\t\t\t\t<section class=\"elementor-section elementor-top-section elementor-element elementor-element-23a51881 elementor-section-full_width elementor-section-height-default elementor-section-height-default\" data-id=\"23a51881\" data-element_type=\"section\" data-e-type=\"section\" data-settings=\"{&quot;background_background&quot;:&quot;classic&quot;}\">\n\t\t\t\t\t\t<div class=\"elementor-container elementor-column-gap-default\">\n\t\t\t\t\t<div class=\"elementor-column elementor-col-100 elementor-top-column elementor-element elementor-element-6c9c1f04\" data-id=\"6c9c1f04\" data-element_type=\"column\" data-e-type=\"column\">\n\t\t\t<div class=\"elementor-widget-wrap elementor-element-populated\">\n\t\t\t\t\t\t<div class=\"elementor-element elementor-element-b4de123 elementor-widget-divider--view-line elementor-widget elementor-widget-divider\" data-id=\"b4de123\" data-element_type=\"widget\" data-e-type=\"widget\" data-widget_type=\"divider.default\">\n\t\t\t\t<div class=\"elementor-widget-container\">\n\t\t\t\t\t\t\t<div class=\"elementor-divider\">\n\t\t\t<span class=\"elementor-divider-separator\">\n\t\t\t\t\t\t<\/span>\n\t\t<\/div>\n\t\t\t\t\t\t<\/div>\n\t\t\t\t<\/div>\n\t\t\t\t\t<\/div>\n\t\t<\/div>\n\t\t\t\t\t<\/div>\n\t\t<\/section>\n\t\t<div class=\"elementor-element elementor-element-1229005c e-con-full e-flex e-con e-parent\" data-id=\"1229005c\" data-element_type=\"container\" data-e-type=\"container\">\n\t\t\t\t<div class=\"elementor-element elementor-element-5b65fe3b elementor-widget elementor-widget-heading\" data-id=\"5b65fe3b\" data-element_type=\"widget\" data-e-type=\"widget\" data-widget_type=\"heading.default\">\n\t\t\t\t<div class=\"elementor-widget-container\">\n\t\t\t\t\t<h2 class=\"elementor-heading-title elementor-size-default\">Discover Our Values<\/h2>\t\t\t\t<\/div>\n\t\t\t\t<\/div>\n\t\t\t\t<\/div>\n\t\t<div class=\"elementor-element elementor-element-4d0ea039 e-con-full e-flex e-con e-parent\" data-id=\"4d0ea039\" data-element_type=\"container\" data-e-type=\"container\">\n\t\t<div class=\"elementor-element elementor-element-5688bdb6 e-con-full e-flex e-con e-child\" data-id=\"5688bdb6\" data-element_type=\"container\" data-e-type=\"container\">\n\t\t\t\t<div class=\"elementor-element elementor-element-5e5d27b4 elementor-widget elementor-widget-image\" data-id=\"5e5d27b4\" data-element_type=\"widget\" data-e-type=\"widget\" data-widget_type=\"image.default\">\n\t\t\t\t<div class=\"elementor-widget-container\">\n\t\t\t\t\t\t\t\t\t\t\t\t\t\t\t\t<a href=\"\/en\/sustainability\/\">\n\t\t\t\t\t\t\t<img decoding=\"async\" width=\"570\" height=\"356\" src=\"https:\/\/tapistr.com\/wp-content\/uploads\/2024\/03\/sustainability.png\" class=\"attachment-full size-full wp-image-212\" alt=\"\" srcset=\"https:\/\/tapistr.com\/wp-content\/uploads\/2024\/03\/sustainability.png 570w, https:\/\/tapistr.com\/wp-content\/uploads\/2024\/03\/sustainability-150x94.png 150w, https:\/\/tapistr.com\/wp-content\/uploads\/2024\/03\/sustainability-300x187.png 300w, https:\/\/tapistr.com\/wp-content\/uploads\/2024\/03\/sustainability-18x12.png 18w, https:\/\/tapistr.com\/wp-content\/uploads\/2024\/03\/sustainability-441x275.png 441w, https:\/\/tapistr.com\/wp-content\/uploads\/2024\/03\/sustainability-420x262.png 420w\" sizes=\"(max-width: 570px) 100vw, 570px\" \/>\t\t\t\t\t\t\t\t<\/a>\n\t\t\t\t\t\t\t\t\t\t\t\t\t\t\t<\/div>\n\t\t\t\t<\/div>\n\t\t\t\t<div class=\"elementor-element elementor-element-1417b32e elementor-widget elementor-widget-heading\" data-id=\"1417b32e\" data-element_type=\"widget\" data-e-type=\"widget\" data-widget_type=\"heading.default\">\n\t\t\t\t<div class=\"elementor-widget-container\">\n\t\t\t\t\t<h2 class=\"elementor-heading-title elementor-size-default\">Sustainability<\/h2>\t\t\t\t<\/div>\n\t\t\t\t<\/div>\n\t\t\t\t<div class=\"elementor-element elementor-element-6099594a elementor-widget elementor-widget-text-editor\" data-id=\"6099594a\" data-element_type=\"widget\" data-e-type=\"widget\" data-widget_type=\"text-editor.default\">\n\t\t\t\t<div class=\"elementor-widget-container\">\n\t\t\t\t\t\t\t\t\t<p>We are dedicated to creating clothing and accessories that positively impact our planet and society. Our pieces use the best quality materials, responsibly sourced from suppliers who share our commitment to sustainability.<\/p>\t\t\t\t\t\t\t\t<\/div>\n\t\t\t\t<\/div>\n\t\t\t\t<div class=\"elementor-element elementor-element-3fc0ad2 elementor-widget elementor-widget-button\" data-id=\"3fc0ad2\" data-element_type=\"widget\" data-e-type=\"widget\" data-widget_type=\"button.default\">\n\t\t\t\t<div class=\"elementor-widget-container\">\n\t\t\t\t\t\t\t\t\t<div class=\"elementor-button-wrapper\">\n\t\t\t\t\t<a class=\"elementor-button elementor-button-link elementor-size-sm\" href=\"\/en\/surdurulebilirlik\/\">\n\t\t\t\t\t\t<span class=\"elementor-button-content-wrapper\">\n\t\t\t\t\t\t\t\t\t<span class=\"elementor-button-text\">Learn More<\/span>\n\t\t\t\t\t<\/span>\n\t\t\t\t\t<\/a>\n\t\t\t\t<\/div>\n\t\t\t\t\t\t\t\t<\/div>\n\t\t\t\t<\/div>\n\t\t\t\t<\/div>\n\t\t<div class=\"elementor-element elementor-element-70e96b14 e-con-full e-flex e-con e-child\" data-id=\"70e96b14\" data-element_type=\"container\" data-e-type=\"container\">\n\t\t\t\t<div class=\"elementor-element elementor-element-6a55cd37 elementor-widget elementor-widget-image\" data-id=\"6a55cd37\" data-element_type=\"widget\" data-e-type=\"widget\" data-widget_type=\"image.default\">\n\t\t\t\t<div class=\"elementor-widget-container\">\n\t\t\t\t\t\t\t\t\t\t\t\t\t\t\t\t<a href=\"\/en\/product-quality\/\">\n\t\t\t\t\t\t\t<img loading=\"lazy\" decoding=\"async\" width=\"570\" height=\"356\" src=\"https:\/\/tapistr.com\/wp-content\/uploads\/2024\/03\/Product-Quality-1.png\" class=\"attachment-full size-full wp-image-213\" alt=\"\" srcset=\"https:\/\/tapistr.com\/wp-content\/uploads\/2024\/03\/Product-Quality-1.png 570w, https:\/\/tapistr.com\/wp-content\/uploads\/2024\/03\/Product-Quality-1-150x94.png 150w, https:\/\/tapistr.com\/wp-content\/uploads\/2024\/03\/Product-Quality-1-300x187.png 300w, https:\/\/tapistr.com\/wp-content\/uploads\/2024\/03\/Product-Quality-1-18x12.png 18w, https:\/\/tapistr.com\/wp-content\/uploads\/2024\/03\/Product-Quality-1-441x275.png 441w, https:\/\/tapistr.com\/wp-content\/uploads\/2024\/03\/Product-Quality-1-420x262.png 420w\" sizes=\"(max-width: 570px) 100vw, 570px\" \/>\t\t\t\t\t\t\t\t<\/a>\n\t\t\t\t\t\t\t\t\t\t\t\t\t\t\t<\/div>\n\t\t\t\t<\/div>\n\t\t\t\t<div class=\"elementor-element elementor-element-2f3ff566 elementor-widget elementor-widget-heading\" data-id=\"2f3ff566\" data-element_type=\"widget\" data-e-type=\"widget\" data-widget_type=\"heading.default\">\n\t\t\t\t<div class=\"elementor-widget-container\">\n\t\t\t\t\t<h2 class=\"elementor-heading-title elementor-size-default\">Quality<\/h2>\t\t\t\t<\/div>\n\t\t\t\t<\/div>\n\t\t\t\t<div class=\"elementor-element elementor-element-52050b36 elementor-widget elementor-widget-text-editor\" data-id=\"52050b36\" data-element_type=\"widget\" data-e-type=\"widget\" data-widget_type=\"text-editor.default\">\n\t\t\t\t<div class=\"elementor-widget-container\">\n\t\t\t\t\t\t\t\t\t<p>Our products are designed with passion and purpose, bringing high-quality craftsmanship from generations of traditional Turkish artisans into every piece we make.<\/p>\t\t\t\t\t\t\t\t<\/div>\n\t\t\t\t<\/div>\n\t\t\t\t<div class=\"elementor-element elementor-element-0413d77 elementor-widget elementor-widget-button\" data-id=\"0413d77\" data-element_type=\"widget\" data-e-type=\"widget\" data-widget_type=\"button.default\">\n\t\t\t\t<div class=\"elementor-widget-container\">\n\t\t\t\t\t\t\t\t\t<div class=\"elementor-button-wrapper\">\n\t\t\t\t\t<a class=\"elementor-button elementor-button-link elementor-size-sm\" href=\"\/en\/urun-kalitesi\/\">\n\t\t\t\t\t\t<span class=\"elementor-button-content-wrapper\">\n\t\t\t\t\t\t\t\t\t<span class=\"elementor-button-text\">Learn More<\/span>\n\t\t\t\t\t<\/span>\n\t\t\t\t\t<\/a>\n\t\t\t\t<\/div>\n\t\t\t\t\t\t\t\t<\/div>\n\t\t\t\t<\/div>\n\t\t\t\t<\/div>\n\t\t\t\t<\/div>\n\t\t\t\t<\/div>","protected":false},"excerpt":{"rendered":"<p>KADINA DESTEK Kad\u0131nlar\u0131 g\u00fc\u00e7lendirmeye ve \u015firketimizde \u00e7e\u015fitlili\u011fi te\u015fvik etmeye kararl\u0131y\u0131z. \u0130nsan Kaynaklar\u0131 s\u00fcre\u00e7lerimiz, herkes i\u00e7in e\u015fit f\u0131rsatlar sa\u011flayacak \u015fekilde tasarland\u0131. Herkesi kucaklayan bir \u00e7al\u0131\u015fma ortam\u0131n\u0131n, i\u015fimizin ba\u015far\u0131s\u0131 i\u00e7in kritik \u00f6neme sahip oldu\u011funu biliyoruz ve bu nedenle \u00fcretim ekibimizin \u00e7o\u011fu, birlikte \u00e7al\u0131\u015fmaktan ve g\u00fc\u00e7 almaktan gurur duydu\u011fumuz kad\u0131nlardan olu\u015fuyor. Farkl\u0131l\u0131klardan ald\u0131\u011f\u0131m\u0131z g\u00fcc\u00fcn ba\u015far\u0131l\u0131 bir marka yaratmam\u0131z\u0131 [&hellip;]<\/p>\n","protected":false},"author":1,"featured_media":0,"parent":0,"menu_order":0,"comment_status":"closed","ping_status":"closed","template":"template-canvas.php","meta":{"footnotes":""},"class_list":["post-1092","page","type-page","status-publish","hentry"],"_links":{"self":[{"href":"https:\/\/tapistr.com\/en\/wp-json\/wp\/v2\/pages\/1092","targetHints":{"allow":["GET"]}}],"collection":[{"href":"https:\/\/tapistr.com\/en\/wp-json\/wp\/v2\/pages"}],"about":[{"href":"https:\/\/tapistr.com\/en\/wp-json\/wp\/v2\/types\/page"}],"author":[{"embeddable":true,"href":"https:\/\/tapistr.com\/en\/wp-json\/wp\/v2\/users\/1"}],"replies":[{"embeddable":true,"href":"https:\/\/tapistr.com\/en\/wp-json\/wp\/v2\/comments?post=1092"}],"version-history":[{"count":4,"href":"https:\/\/tapistr.com\/en\/wp-json\/wp\/v2\/pages\/1092\/revisions"}],"predecessor-version":[{"id":1251,"href":"https:\/\/tapistr.com\/en\/wp-json\/wp\/v2\/pages\/1092\/revisions\/1251"}],"wp:attachment":[{"href":"https:\/\/tapistr.com\/en\/wp-json\/wp\/v2\/media?parent=1092"}],"curies":[{"name":"wp","href":"https:\/\/api.w.org\/{rel}","templated":true}]}}