{"id":1090,"date":"2024-03-30T17:31:49","date_gmt":"2024-03-30T14:31:49","guid":{"rendered":"https:\/\/tapistr.com\/?page_id=1090"},"modified":"2024-03-31T12:23:56","modified_gmt":"2024-03-31T09:23:56","slug":"surdurulebilirlik","status":"publish","type":"page","link":"https:\/\/tapistr.com\/en\/surdurulebilirlik\/","title":{"rendered":"Sustainability"},"content":{"rendered":"<div data-elementor-type=\"wp-page\" data-elementor-id=\"1090\" class=\"elementor elementor-1090\" data-elementor-post-type=\"page\">\n\t\t\t\t<div class=\"elementor-element elementor-element-7d41317 e-con-full e-flex e-con e-parent\" data-id=\"7d41317\" data-element_type=\"container\" data-e-type=\"container\" data-settings=\"{&quot;background_background&quot;:&quot;classic&quot;}\">\n\t\t\t\t<div class=\"elementor-element elementor-element-9998545 elementor-widget elementor-widget-heading\" data-id=\"9998545\" data-element_type=\"widget\" data-e-type=\"widget\" data-widget_type=\"heading.default\">\n\t\t\t\t<div class=\"elementor-widget-container\">\n\t\t\t\t\t<h2 class=\"elementor-heading-title elementor-size-default\">SUSTAINABILITY<\/h2>\t\t\t\t<\/div>\n\t\t\t\t<\/div>\n\t\t\t\t<\/div>\n\t\t<div class=\"elementor-element elementor-element-1c6bdf7 e-flex e-con-boxed e-con e-parent\" data-id=\"1c6bdf7\" data-element_type=\"container\" data-e-type=\"container\">\n\t\t\t\t\t<div class=\"e-con-inner\">\n\t\t\t\t<div class=\"elementor-element elementor-element-378e1c2 elementor-widget elementor-widget-spacer\" data-id=\"378e1c2\" data-element_type=\"widget\" data-e-type=\"widget\" data-widget_type=\"spacer.default\">\n\t\t\t\t<div class=\"elementor-widget-container\">\n\t\t\t\t\t\t\t<div class=\"elementor-spacer\">\n\t\t\t<div class=\"elementor-spacer-inner\"><\/div>\n\t\t<\/div>\n\t\t\t\t\t\t<\/div>\n\t\t\t\t<\/div>\n\t\t\t\t\t<\/div>\n\t\t\t\t<\/div>\n\t\t<div class=\"elementor-element elementor-element-a068ee1 e-flex e-con-boxed e-con e-parent\" data-id=\"a068ee1\" data-element_type=\"container\" data-e-type=\"container\">\n\t\t\t\t\t<div class=\"e-con-inner\">\n\t\t\t\t<div class=\"elementor-element elementor-element-d05e5bd elementor-widget elementor-widget-heading\" data-id=\"d05e5bd\" data-element_type=\"widget\" data-e-type=\"widget\" data-widget_type=\"heading.default\">\n\t\t\t\t<div class=\"elementor-widget-container\">\n\t\t\t\t\t<h2 class=\"elementor-heading-title elementor-size-default\">At TAPIS, sustainability is a core value and integral part of our mission. We strive to create products that are both beautiful and beneficial for the planet, its creatures, and people around the world.<\/h2>\t\t\t\t<\/div>\n\t\t\t\t<\/div>\n\t\t\t\t<div class=\"elementor-element elementor-element-226332a elementor-widget elementor-widget-text-editor\" data-id=\"226332a\" data-element_type=\"widget\" data-e-type=\"widget\" data-widget_type=\"text-editor.default\">\n\t\t\t\t<div class=\"elementor-widget-container\">\n\t\t\t\t\t\t\t\t\t<p>We are passionate about preserving our environment and finding ways to reduce our environmental footprint. We\u2019re committed to using sustainable materials in all of our products, supporting eco-friendly practices within our business, and creating solutions that reduce waste and pollution.<\/p>\t\t\t\t\t\t\t\t<\/div>\n\t\t\t\t<\/div>\n\t\t\t\t\t<\/div>\n\t\t\t\t<\/div>\n\t\t\t\t<section class=\"elementor-section elementor-top-section elementor-element elementor-element-4296185 elementor-section-full_width elementor-section-height-default elementor-section-height-default\" data-id=\"4296185\" data-element_type=\"section\" data-e-type=\"section\" data-settings=\"{&quot;background_background&quot;:&quot;classic&quot;}\">\n\t\t\t\t\t\t<div class=\"elementor-container elementor-column-gap-default\">\n\t\t\t\t\t<div class=\"elementor-column elementor-col-100 elementor-top-column elementor-element elementor-element-545c3cb\" data-id=\"545c3cb\" data-element_type=\"column\" data-e-type=\"column\">\n\t\t\t<div class=\"elementor-widget-wrap elementor-element-populated\">\n\t\t\t\t\t\t<div class=\"elementor-element elementor-element-af9ff17 elementor-widget-divider--view-line elementor-widget elementor-widget-divider\" data-id=\"af9ff17\" data-element_type=\"widget\" data-e-type=\"widget\" data-widget_type=\"divider.default\">\n\t\t\t\t<div class=\"elementor-widget-container\">\n\t\t\t\t\t\t\t<div class=\"elementor-divider\">\n\t\t\t<span class=\"elementor-divider-separator\">\n\t\t\t\t\t\t<\/span>\n\t\t<\/div>\n\t\t\t\t\t\t<\/div>\n\t\t\t\t<\/div>\n\t\t\t\t\t<\/div>\n\t\t<\/div>\n\t\t\t\t\t<\/div>\n\t\t<\/section>\n\t\t<div class=\"elementor-element elementor-element-fce1ca1 e-flex e-con-boxed e-con e-parent\" data-id=\"fce1ca1\" data-element_type=\"container\" data-e-type=\"container\">\n\t\t\t\t\t<div class=\"e-con-inner\">\n\t\t<div class=\"elementor-element elementor-element-436a33c e-con-full e-flex e-con e-child\" data-id=\"436a33c\" data-element_type=\"container\" data-e-type=\"container\">\n\t\t\t\t<div class=\"elementor-element elementor-element-8c52c86 elementor-widget elementor-widget-heading\" data-id=\"8c52c86\" data-element_type=\"widget\" data-e-type=\"widget\" data-widget_type=\"heading.default\">\n\t\t\t\t<div class=\"elementor-widget-container\">\n\t\t\t\t\t<h2 class=\"elementor-heading-title elementor-size-default\">Driving sustainable material selection<\/h2>\t\t\t\t<\/div>\n\t\t\t\t<\/div>\n\t\t\t\t<div class=\"elementor-element elementor-element-e03e7a5 elementor-widget elementor-widget-text-editor\" data-id=\"e03e7a5\" data-element_type=\"widget\" data-e-type=\"widget\" data-widget_type=\"text-editor.default\">\n\t\t\t\t<div class=\"elementor-widget-container\">\n\t\t\t\t\t\t\t\t\t<p>Our commitment to being responsible and accountable for our actions extends to using organic cotton for our collections and continuously seeking out innovative ways to minimize our use of single-use and virgin plastic and paper packaging.<\/p>\t\t\t\t\t\t\t\t<\/div>\n\t\t\t\t<\/div>\n\t\t\t\t<\/div>\n\t\t<div class=\"elementor-element elementor-element-3da2cea e-con-full e-flex e-con e-child\" data-id=\"3da2cea\" data-element_type=\"container\" data-e-type=\"container\">\n\t\t\t\t<div class=\"elementor-element elementor-element-d56be01 elementor-widget elementor-widget-image\" data-id=\"d56be01\" data-element_type=\"widget\" data-e-type=\"widget\" data-widget_type=\"image.default\">\n\t\t\t\t<div class=\"elementor-widget-container\">\n\t\t\t\t\t\t\t\t\t\t\t\t\t\t\t<img fetchpriority=\"high\" decoding=\"async\" width=\"571\" height=\"559\" src=\"https:\/\/tapistr.com\/wp-content\/uploads\/2024\/03\/Material-Selection.png\" class=\"attachment-full size-full wp-image-224\" alt=\"\" srcset=\"https:\/\/tapistr.com\/wp-content\/uploads\/2024\/03\/Material-Selection.png 571w, https:\/\/tapistr.com\/wp-content\/uploads\/2024\/03\/Material-Selection-150x147.png 150w, https:\/\/tapistr.com\/wp-content\/uploads\/2024\/03\/Material-Selection-300x294.png 300w, https:\/\/tapistr.com\/wp-content\/uploads\/2024\/03\/Material-Selection-12x12.png 12w, https:\/\/tapistr.com\/wp-content\/uploads\/2024\/03\/Material-Selection-441x432.png 441w, https:\/\/tapistr.com\/wp-content\/uploads\/2024\/03\/Material-Selection-420x411.png 420w\" sizes=\"(max-width: 571px) 100vw, 571px\" \/>\t\t\t\t\t\t\t\t\t\t\t\t\t\t\t<\/div>\n\t\t\t\t<\/div>\n\t\t\t\t<\/div>\n\t\t\t\t\t<\/div>\n\t\t\t\t<\/div>\n\t\t<div class=\"elementor-element elementor-element-9cd5b7f e-con-full e-flex e-con e-parent\" data-id=\"9cd5b7f\" data-element_type=\"container\" data-e-type=\"container\">\n\t\t\t\t<div class=\"elementor-element elementor-element-dfab43e elementor-widget elementor-widget-text-editor\" data-id=\"dfab43e\" data-element_type=\"widget\" data-e-type=\"widget\" data-widget_type=\"text-editor.default\">\n\t\t\t\t<div class=\"elementor-widget-container\">\n\t\t\t\t\t\t\t\t\t<p>We believe in taking a proactive approach towards sustainable fashion, focusing on ethical production practices that minimize water consumption and reduce the use of toxic chemicals. This allows us to design with intention while ensuring the most positive environmental outcomes possible.<\/p>\t\t\t\t\t\t\t\t<\/div>\n\t\t\t\t<\/div>\n\t\t\t\t<div class=\"elementor-element elementor-element-860e5d8 elementor-widget elementor-widget-image\" data-id=\"860e5d8\" data-element_type=\"widget\" data-e-type=\"widget\" data-widget_type=\"image.default\">\n\t\t\t\t<div class=\"elementor-widget-container\">\n\t\t\t\t\t\t\t\t\t\t\t\t\t\t\t<img decoding=\"async\" width=\"1440\" height=\"492\" src=\"https:\/\/tapistr.com\/wp-content\/uploads\/2024\/03\/ocean-banner.png\" class=\"attachment-full size-full wp-image-225\" alt=\"\" srcset=\"https:\/\/tapistr.com\/wp-content\/uploads\/2024\/03\/ocean-banner.png 1440w, https:\/\/tapistr.com\/wp-content\/uploads\/2024\/03\/ocean-banner-150x51.png 150w, https:\/\/tapistr.com\/wp-content\/uploads\/2024\/03\/ocean-banner-300x103.png 300w, https:\/\/tapistr.com\/wp-content\/uploads\/2024\/03\/ocean-banner-768x262.png 768w, https:\/\/tapistr.com\/wp-content\/uploads\/2024\/03\/ocean-banner-1024x350.png 1024w, https:\/\/tapistr.com\/wp-content\/uploads\/2024\/03\/ocean-banner-18x6.png 18w, https:\/\/tapistr.com\/wp-content\/uploads\/2024\/03\/ocean-banner-990x338.png 990w, https:\/\/tapistr.com\/wp-content\/uploads\/2024\/03\/ocean-banner-441x151.png 441w, https:\/\/tapistr.com\/wp-content\/uploads\/2024\/03\/ocean-banner-420x144.png 420w, https:\/\/tapistr.com\/wp-content\/uploads\/2024\/03\/ocean-banner-800x273.png 800w\" sizes=\"(max-width: 1440px) 100vw, 1440px\" \/>\t\t\t\t\t\t\t\t\t\t\t\t\t\t\t<\/div>\n\t\t\t\t<\/div>\n\t\t\t\t<\/div>\n\t\t<div class=\"elementor-element elementor-element-077805a e-flex e-con-boxed e-con e-parent\" data-id=\"077805a\" data-element_type=\"container\" data-e-type=\"container\">\n\t\t\t\t\t<div class=\"e-con-inner\">\n\t\t<div class=\"elementor-element elementor-element-71119e4 e-con-full e-flex e-con e-child\" data-id=\"71119e4\" data-element_type=\"container\" data-e-type=\"container\">\n\t\t\t\t<div class=\"elementor-element elementor-element-91a361c elementor-widget elementor-widget-image\" data-id=\"91a361c\" data-element_type=\"widget\" data-e-type=\"widget\" data-widget_type=\"image.default\">\n\t\t\t\t<div class=\"elementor-widget-container\">\n\t\t\t\t\t\t\t\t\t\t\t\t\t\t\t<img decoding=\"async\" width=\"571\" height=\"667\" src=\"https:\/\/tapistr.com\/wp-content\/uploads\/2024\/03\/Collaboration.png\" class=\"attachment-full size-full wp-image-226\" alt=\"\" srcset=\"https:\/\/tapistr.com\/wp-content\/uploads\/2024\/03\/Collaboration.png 571w, https:\/\/tapistr.com\/wp-content\/uploads\/2024\/03\/Collaboration-150x175.png 150w, https:\/\/tapistr.com\/wp-content\/uploads\/2024\/03\/Collaboration-257x300.png 257w, https:\/\/tapistr.com\/wp-content\/uploads\/2024\/03\/Collaboration-10x12.png 10w, https:\/\/tapistr.com\/wp-content\/uploads\/2024\/03\/Collaboration-441x515.png 441w, https:\/\/tapistr.com\/wp-content\/uploads\/2024\/03\/Collaboration-420x491.png 420w\" sizes=\"(max-width: 571px) 100vw, 571px\" \/>\t\t\t\t\t\t\t\t\t\t\t\t\t\t\t<\/div>\n\t\t\t\t<\/div>\n\t\t\t\t<\/div>\n\t\t<div class=\"elementor-element elementor-element-6a86f71 e-con-full e-flex e-con e-child\" data-id=\"6a86f71\" data-element_type=\"container\" data-e-type=\"container\">\n\t\t\t\t<div class=\"elementor-element elementor-element-a646d8b elementor-widget elementor-widget-heading\" data-id=\"a646d8b\" data-element_type=\"widget\" data-e-type=\"widget\" data-widget_type=\"heading.default\">\n\t\t\t\t<div class=\"elementor-widget-container\">\n\t\t\t\t\t<h2 class=\"elementor-heading-title elementor-size-default\">Collaboration for Impact<\/h2>\t\t\t\t<\/div>\n\t\t\t\t<\/div>\n\t\t\t\t<div class=\"elementor-element elementor-element-d76ea03 elementor-widget elementor-widget-text-editor\" data-id=\"d76ea03\" data-element_type=\"widget\" data-e-type=\"widget\" data-widget_type=\"text-editor.default\">\n\t\t\t\t<div class=\"elementor-widget-container\">\n\t\t\t\t\t\t\t\t\t<p>We are developing long-term goals in collaboration with organizations committed to achieving these objectives, as well as campaigns focused on creating a better future through responsible practices.<\/p>\t\t\t\t\t\t\t\t<\/div>\n\t\t\t\t<\/div>\n\t\t\t\t<\/div>\n\t\t\t\t\t<\/div>\n\t\t\t\t<\/div>\n\t\t<div class=\"elementor-element elementor-element-3a86a23 e-flex e-con-boxed e-con e-parent\" data-id=\"3a86a23\" data-element_type=\"container\" data-e-type=\"container\">\n\t\t\t\t\t<div class=\"e-con-inner\">\n\t\t\t\t<div class=\"elementor-element elementor-element-62e3c32 elementor-widget elementor-widget-text-editor\" data-id=\"62e3c32\" data-element_type=\"widget\" data-e-type=\"widget\" data-widget_type=\"text-editor.default\">\n\t\t\t\t<div class=\"elementor-widget-container\">\n\t\t\t\t\t\t\t\t\t<p>We are proud to stand behind our values, as we take an active role in preserving the environment and creating positive change today so that we can protect it for tomorrow.<\/p>\t\t\t\t\t\t\t\t<\/div>\n\t\t\t\t<\/div>\n\t\t\t\t<div class=\"elementor-element elementor-element-f457b69 elementor-widget-divider--view-line elementor-widget elementor-widget-divider\" data-id=\"f457b69\" data-element_type=\"widget\" data-e-type=\"widget\" data-widget_type=\"divider.default\">\n\t\t\t\t<div class=\"elementor-widget-container\">\n\t\t\t\t\t\t\t<div class=\"elementor-divider\">\n\t\t\t<span class=\"elementor-divider-separator\">\n\t\t\t\t\t\t<\/span>\n\t\t<\/div>\n\t\t\t\t\t\t<\/div>\n\t\t\t\t<\/div>\n\t\t\t\t\t<\/div>\n\t\t\t\t<\/div>\n\t\t<div class=\"elementor-element elementor-element-d518019 e-con-full e-flex e-con e-parent\" data-id=\"d518019\" data-element_type=\"container\" data-e-type=\"container\">\n\t\t\t\t<div class=\"elementor-element elementor-element-29b5b22 elementor-widget elementor-widget-heading\" data-id=\"29b5b22\" data-element_type=\"widget\" data-e-type=\"widget\" data-widget_type=\"heading.default\">\n\t\t\t\t<div class=\"elementor-widget-container\">\n\t\t\t\t\t<h2 class=\"elementor-heading-title elementor-size-default\">Discover Our Values<\/h2>\t\t\t\t<\/div>\n\t\t\t\t<\/div>\n\t\t\t\t<\/div>\n\t\t<div class=\"elementor-element elementor-element-8b5f12d e-con-full e-flex e-con e-parent\" data-id=\"8b5f12d\" data-element_type=\"container\" data-e-type=\"container\">\n\t\t<div class=\"elementor-element elementor-element-467b340 e-con-full e-flex e-con e-child\" data-id=\"467b340\" data-element_type=\"container\" data-e-type=\"container\">\n\t\t\t\t<div class=\"elementor-element elementor-element-81dca69 elementor-widget elementor-widget-image\" data-id=\"81dca69\" data-element_type=\"widget\" data-e-type=\"widget\" data-widget_type=\"image.default\">\n\t\t\t\t<div class=\"elementor-widget-container\">\n\t\t\t\t\t\t\t\t\t\t\t\t\t\t\t\t<a href=\"\/en\/empowering-women\/\">\n\t\t\t\t\t\t\t<img loading=\"lazy\" decoding=\"async\" width=\"570\" height=\"356\" src=\"https:\/\/tapistr.com\/wp-content\/uploads\/2024\/03\/Empowering-Women.png\" class=\"attachment-full size-full wp-image-227\" alt=\"\" srcset=\"https:\/\/tapistr.com\/wp-content\/uploads\/2024\/03\/Empowering-Women.png 570w, https:\/\/tapistr.com\/wp-content\/uploads\/2024\/03\/Empowering-Women-150x94.png 150w, https:\/\/tapistr.com\/wp-content\/uploads\/2024\/03\/Empowering-Women-300x187.png 300w, https:\/\/tapistr.com\/wp-content\/uploads\/2024\/03\/Empowering-Women-18x12.png 18w, https:\/\/tapistr.com\/wp-content\/uploads\/2024\/03\/Empowering-Women-441x275.png 441w, https:\/\/tapistr.com\/wp-content\/uploads\/2024\/03\/Empowering-Women-420x262.png 420w\" sizes=\"(max-width: 570px) 100vw, 570px\" \/>\t\t\t\t\t\t\t\t<\/a>\n\t\t\t\t\t\t\t\t\t\t\t\t\t\t\t<\/div>\n\t\t\t\t<\/div>\n\t\t\t\t<div class=\"elementor-element elementor-element-e7c5ca4 elementor-widget elementor-widget-heading\" data-id=\"e7c5ca4\" data-element_type=\"widget\" data-e-type=\"widget\" data-widget_type=\"heading.default\">\n\t\t\t\t<div class=\"elementor-widget-container\">\n\t\t\t\t\t<h2 class=\"elementor-heading-title elementor-size-default\">Empowering Women<\/h2>\t\t\t\t<\/div>\n\t\t\t\t<\/div>\n\t\t\t\t<div class=\"elementor-element elementor-element-4ac0405 elementor-widget elementor-widget-text-editor\" data-id=\"4ac0405\" data-element_type=\"widget\" data-e-type=\"widget\" data-widget_type=\"text-editor.default\">\n\t\t\t\t<div class=\"elementor-widget-container\">\n\t\t\t\t\t\t\t\t\t<p>At TAPIS, we are committed to empowering women and promoting diversity within our company. Our HR processes are designed to provide equal opportunities for everyone.<\/p>\t\t\t\t\t\t\t\t<\/div>\n\t\t\t\t<\/div>\n\t\t\t\t<div class=\"elementor-element elementor-element-04dee33 elementor-widget elementor-widget-button\" data-id=\"04dee33\" data-element_type=\"widget\" data-e-type=\"widget\" data-widget_type=\"button.default\">\n\t\t\t\t<div class=\"elementor-widget-container\">\n\t\t\t\t\t\t\t\t\t<div class=\"elementor-button-wrapper\">\n\t\t\t\t\t<a class=\"elementor-button elementor-button-link elementor-size-sm\" href=\"\/en\/kadina-destek\/\">\n\t\t\t\t\t\t<span class=\"elementor-button-content-wrapper\">\n\t\t\t\t\t\t\t\t\t<span class=\"elementor-button-text\">Learn More<\/span>\n\t\t\t\t\t<\/span>\n\t\t\t\t\t<\/a>\n\t\t\t\t<\/div>\n\t\t\t\t\t\t\t\t<\/div>\n\t\t\t\t<\/div>\n\t\t\t\t<\/div>\n\t\t<div class=\"elementor-element elementor-element-828b925 e-con-full e-flex e-con e-child\" data-id=\"828b925\" data-element_type=\"container\" data-e-type=\"container\">\n\t\t\t\t<div class=\"elementor-element elementor-element-274fd5d elementor-widget elementor-widget-image\" data-id=\"274fd5d\" data-element_type=\"widget\" data-e-type=\"widget\" data-widget_type=\"image.default\">\n\t\t\t\t<div class=\"elementor-widget-container\">\n\t\t\t\t\t\t\t\t\t\t\t\t\t\t\t\t<a href=\"\/en\/product-quality\/\">\n\t\t\t\t\t\t\t<img loading=\"lazy\" decoding=\"async\" width=\"570\" height=\"356\" src=\"https:\/\/tapistr.com\/wp-content\/uploads\/2024\/03\/Product-Quality.png\" class=\"attachment-full size-full wp-image-228\" alt=\"\" srcset=\"https:\/\/tapistr.com\/wp-content\/uploads\/2024\/03\/Product-Quality.png 570w, https:\/\/tapistr.com\/wp-content\/uploads\/2024\/03\/Product-Quality-150x94.png 150w, https:\/\/tapistr.com\/wp-content\/uploads\/2024\/03\/Product-Quality-300x187.png 300w, https:\/\/tapistr.com\/wp-content\/uploads\/2024\/03\/Product-Quality-18x12.png 18w, https:\/\/tapistr.com\/wp-content\/uploads\/2024\/03\/Product-Quality-441x275.png 441w, https:\/\/tapistr.com\/wp-content\/uploads\/2024\/03\/Product-Quality-420x262.png 420w\" sizes=\"(max-width: 570px) 100vw, 570px\" \/>\t\t\t\t\t\t\t\t<\/a>\n\t\t\t\t\t\t\t\t\t\t\t\t\t\t\t<\/div>\n\t\t\t\t<\/div>\n\t\t\t\t<div class=\"elementor-element elementor-element-9114d86 elementor-widget elementor-widget-heading\" data-id=\"9114d86\" data-element_type=\"widget\" data-e-type=\"widget\" data-widget_type=\"heading.default\">\n\t\t\t\t<div class=\"elementor-widget-container\">\n\t\t\t\t\t<h2 class=\"elementor-heading-title elementor-size-default\">Quality<\/h2>\t\t\t\t<\/div>\n\t\t\t\t<\/div>\n\t\t\t\t<div class=\"elementor-element elementor-element-c85dccf elementor-widget elementor-widget-text-editor\" data-id=\"c85dccf\" data-element_type=\"widget\" data-e-type=\"widget\" data-widget_type=\"text-editor.default\">\n\t\t\t\t<div class=\"elementor-widget-container\">\n\t\t\t\t\t\t\t\t\t<p>Our products are designed with passion and purpose, bringing high-quality craftsmanship from generations of traditional Turkish artisans into every piece we make.<\/p>\t\t\t\t\t\t\t\t<\/div>\n\t\t\t\t<\/div>\n\t\t\t\t<div class=\"elementor-element elementor-element-e0dad09 elementor-widget elementor-widget-button\" data-id=\"e0dad09\" data-element_type=\"widget\" data-e-type=\"widget\" data-widget_type=\"button.default\">\n\t\t\t\t<div class=\"elementor-widget-container\">\n\t\t\t\t\t\t\t\t\t<div class=\"elementor-button-wrapper\">\n\t\t\t\t\t<a class=\"elementor-button elementor-button-link elementor-size-sm\" href=\"\/en\/urun-kalitesi\/\">\n\t\t\t\t\t\t<span class=\"elementor-button-content-wrapper\">\n\t\t\t\t\t\t\t\t\t<span class=\"elementor-button-text\">Learn More<\/span>\n\t\t\t\t\t<\/span>\n\t\t\t\t\t<\/a>\n\t\t\t\t<\/div>\n\t\t\t\t\t\t\t\t<\/div>\n\t\t\t\t<\/div>\n\t\t\t\t<\/div>\n\t\t\t\t<\/div>\n\t\t\t\t<\/div>","protected":false},"excerpt":{"rendered":"<p>S\u00dcRD\u00dcR\u00dcLEB\u0130L\u0130RL\u0130K S\u00fcrd\u00fcr\u00fclebilirlik, temel de\u011ferlerimizden biri ve misyonumuzun ayr\u0131lmaz bir par\u00e7as\u0131. Gezegenimiz ve \u00fczerindeki b\u00fct\u00fcn canl\u0131lar i\u00e7in g\u00fczel ve zarars\u0131z \u00fcr\u00fcnler yaratmaya \u00e7al\u0131\u015f\u0131yoruz. \u00c7evremizi koruma ve karbon ayak izimizi azaltman\u0131n yollar\u0131n\u0131 bulma konusunda tutkuluyuz. \u00dcr\u00fcnlerimizde s\u00fcrd\u00fcr\u00fclebilir malzemeler kullanmaya, i\u015fimizde \u00e7evre dostu uygulamalar\u0131 desteklemeye ve at\u0131klar\u0131 ve kirlili\u011fi azaltan \u00e7\u00f6z\u00fcmler \u00fcretmeye devam ediyoruz. S\u00fcrd\u00fcr\u00fclebilir malzeme se\u00e7imi \u015eeffaf [&hellip;]<\/p>\n","protected":false},"author":1,"featured_media":0,"parent":0,"menu_order":0,"comment_status":"closed","ping_status":"closed","template":"template-canvas.php","meta":{"footnotes":""},"class_list":["post-1090","page","type-page","status-publish","hentry"],"_links":{"self":[{"href":"https:\/\/tapistr.com\/en\/wp-json\/wp\/v2\/pages\/1090","targetHints":{"allow":["GET"]}}],"collection":[{"href":"https:\/\/tapistr.com\/en\/wp-json\/wp\/v2\/pages"}],"about":[{"href":"https:\/\/tapistr.com\/en\/wp-json\/wp\/v2\/types\/page"}],"author":[{"embeddable":true,"href":"https:\/\/tapistr.com\/en\/wp-json\/wp\/v2\/users\/1"}],"replies":[{"embeddable":true,"href":"https:\/\/tapistr.com\/en\/wp-json\/wp\/v2\/comments?post=1090"}],"version-history":[{"count":4,"href":"https:\/\/tapistr.com\/en\/wp-json\/wp\/v2\/pages\/1090\/revisions"}],"predecessor-version":[{"id":1244,"href":"https:\/\/tapistr.com\/en\/wp-json\/wp\/v2\/pages\/1090\/revisions\/1244"}],"wp:attachment":[{"href":"https:\/\/tapistr.com\/en\/wp-json\/wp\/v2\/media?parent=1090"}],"curies":[{"name":"wp","href":"https:\/\/api.w.org\/{rel}","templated":true}]}}